{"id":17727,"date":"2025-02-04T15:24:32","date_gmt":"2025-02-04T15:24:32","guid":{"rendered":"https:\/\/www.lescomes.com\/?page_id=17727"},"modified":"2025-02-04T16:43:27","modified_gmt":"2025-02-04T16:43:27","slug":"pistes-4x4-circuits-et-lieux-dinteret","status":"publish","type":"page","link":"https:\/\/www.lescomes.com\/index.php\/pistes-4x4-circuits-et-lieux-dinteret\/?lang=fr","title":{"rendered":"Pistes 4X4, circuits et lieux d&#8217;int\u00e9r\u00eat"},"content":{"rendered":"<p><div class=\"fusion-fullwidth fullwidth-box fusion-builder-row-1 hundred-percent-fullwidth non-hundred-percent-height-scrolling\" style=\"background-color: #000000;background-position: left top;background-repeat: repeat;padding-top:0px;padding-right:30px;padding-bottom:0px;padding-left:30px;margin-bottom: 0px;margin-top: 0px;border-width: 0px 0px 0px 0px;border-color:#eae9e9;border-style:solid;\" ><div class=\"fusion-builder-row fusion-row\"><div class=\"fusion-layout-column fusion_builder_column fusion-builder-column-0 fusion_builder_column_1_1 1_1 fusion-one-full fusion-column-first fusion-column-last fusion-column-no-min-height\" style=\"margin-top:0px;margin-bottom:0px;\"><div class=\"fusion-column-wrapper fusion-flex-column-wrapper-legacy\" style=\"background-position:left top;background-repeat:no-repeat;-webkit-background-size:cover;-moz-background-size:cover;-o-background-size:cover;background-size:cover;padding: 35px 0px 0px 0px;\"><div class=\"fusion-text fusion-text-1\" style=\"transform:translate3d(0,0,0);\"><h2 style=\"text-align: center; font-size: 30px; line-height: 40px;\"><strong><span style=\"color: #ffffff;\">PISTES 4X4, CIRCUITS ET LIEUX D&#8217;INT\u00c9R\u00caT<\/span><\/strong><\/h2>\n<\/div><div class=\"fusion-clearfix\"><\/div><\/div><\/div><\/div><\/div><div class=\"fusion-fullwidth fullwidth-box fusion-builder-row-2 hundred-percent-fullwidth non-hundred-percent-height-scrolling\" style=\"background-color: #ffffff;background-position: left top;background-repeat: no-repeat;padding-top:0px;padding-right:0%;padding-bottom:0px;padding-left:0%;margin-bottom: 0px;margin-top: 3%;border-width: 0px 0px 0px 0px;border-color:#eae9e9;border-style:solid;\" ><div class=\"fusion-builder-row fusion-row\"><div class=\"fusion-layout-column fusion_builder_column fusion-builder-column-1 fusion_builder_column_1_1 1_1 fusion-one-full fusion-column-first fusion-column-last fusion-column-no-min-height\" style=\"margin-top:0%;margin-bottom:20px;\"><div class=\"fusion-column-wrapper fusion-flex-column-wrapper-legacy\" style=\"background-position:left top;background-repeat:no-repeat;-webkit-background-size:cover;-moz-background-size:cover;-o-background-size:cover;background-size:cover;padding: 2% 5% 0% 5%;\"><div class=\"fusion-text fusion-text-2\" style=\"transform:translate3d(0,0,0);\"><h2 style=\"text-align: center;\"><span style=\"color: #474747;\"><strong>RALLY TEST<\/strong><\/span><\/h2>\n<p style=\"font-size: 18px; line-height: 27px; font-family: Helvetica; text-align: left;\">Piste de terre de 7 km de long avec des sections vari\u00e9es et des distances adaptables. Id\u00e9al pour l&#8217;entra\u00eenement, les tests et les activit\u00e9s avec des v\u00e9hicules de course.<\/p>\n<\/div><div class=\"fusion-clearfix\"><\/div><\/div><\/div><div class=\"fusion-layout-column fusion_builder_column fusion-builder-column-2 fusion_builder_column_1_3 1_3 fusion-one-third fusion-column-first fusion-column-no-min-height\" style=\"width:33.333333333333%;width:calc(33.333333333333% - ( ( 0% + 0% ) * 0.33333333333333 ) );margin-right: 0%;margin-top:0px;margin-bottom:0px;\"><div class=\"fusion-column-wrapper fusion-flex-column-wrapper-legacy\" style=\"background-position:left top;background-repeat:no-repeat;-webkit-background-size:cover;-moz-background-size:cover;-o-background-size:cover;background-size:cover;padding: 5% 5% 5% 5%;\"><span class=\" fusion-imageframe imageframe-none imageframe-1 hover-type-none\"><img decoding=\"async\" width=\"1920\" height=\"1440\" title=\"circuito_4x4_offroad_campllarg\" src=\"https:\/\/www.lescomes.com\/wp-content\/uploads\/2025\/01\/circuito_4x4_offroad_campllarg.jpg\" class=\"img-responsive wp-image-17098\" srcset=\"https:\/\/www.lescomes.com\/wp-content\/uploads\/2025\/01\/circuito_4x4_offroad_campllarg-200x150.jpg 200w, https:\/\/www.lescomes.com\/wp-content\/uploads\/2025\/01\/circuito_4x4_offroad_campllarg-400x300.jpg 400w, https:\/\/www.lescomes.com\/wp-content\/uploads\/2025\/01\/circuito_4x4_offroad_campllarg-600x450.jpg 600w, https:\/\/www.lescomes.com\/wp-content\/uploads\/2025\/01\/circuito_4x4_offroad_campllarg-800x600.jpg 800w, https:\/\/www.lescomes.com\/wp-content\/uploads\/2025\/01\/circuito_4x4_offroad_campllarg-1200x900.jpg 1200w, https:\/\/www.lescomes.com\/wp-content\/uploads\/2025\/01\/circuito_4x4_offroad_campllarg.jpg 1920w\" sizes=\"(max-width: 800px) 100vw, (max-width: 1919px) 600px,(min-width: 1920px) 33vw\" \/><\/span><div class=\"fusion-clearfix\"><\/div><\/div><\/div><div class=\"fusion-layout-column fusion_builder_column fusion-builder-column-3 fusion_builder_column_1_3 1_3 fusion-one-third fusion-column-no-min-height\" style=\"width:33.333333333333%;width:calc(33.333333333333% - ( ( 0% + 0% ) * 0.33333333333333 ) );margin-right: 0%;margin-top:0px;margin-bottom:0px;\"><div class=\"fusion-column-wrapper fusion-flex-column-wrapper-legacy\" style=\"background-position:left top;background-repeat:no-repeat;-webkit-background-size:cover;-moz-background-size:cover;-o-background-size:cover;background-size:cover;padding: 5% 5% 5% 5%;\"><span class=\" fusion-imageframe imageframe-none imageframe-2 hover-type-none\"><img decoding=\"async\" width=\"1200\" height=\"901\" alt=\"Circuito de rally test\" title=\"circuitos_de_rally_test_3\" src=\"https:\/\/www.lescomes.com\/wp-content\/uploads\/2025\/02\/circuitos_de_rally_test_3.jpg\" class=\"img-responsive wp-image-17741\" srcset=\"https:\/\/www.lescomes.com\/wp-content\/uploads\/2025\/02\/circuitos_de_rally_test_3-200x150.jpg 200w, https:\/\/www.lescomes.com\/wp-content\/uploads\/2025\/02\/circuitos_de_rally_test_3-400x300.jpg 400w, https:\/\/www.lescomes.com\/wp-content\/uploads\/2025\/02\/circuitos_de_rally_test_3-600x451.jpg 600w, https:\/\/www.lescomes.com\/wp-content\/uploads\/2025\/02\/circuitos_de_rally_test_3-800x601.jpg 800w, https:\/\/www.lescomes.com\/wp-content\/uploads\/2025\/02\/circuitos_de_rally_test_3.jpg 1200w\" sizes=\"(max-width: 800px) 100vw, (max-width: 1919px) 600px,(min-width: 1920px) 33vw\" \/><\/span><div class=\"fusion-clearfix\"><\/div><\/div><\/div><div class=\"fusion-layout-column fusion_builder_column fusion-builder-column-4 fusion_builder_column_1_3 1_3 fusion-one-third fusion-column-last fusion-column-no-min-height\" style=\"width:33.333333333333%;width:calc(33.333333333333% - ( ( 0% + 0% ) * 0.33333333333333 ) );margin-top:0px;margin-bottom:0px;\"><div class=\"fusion-column-wrapper fusion-flex-column-wrapper-legacy\" style=\"background-position:left top;background-repeat:no-repeat;-webkit-background-size:cover;-moz-background-size:cover;-o-background-size:cover;background-size:cover;padding: 5% 5% 5% 5%;\"><span class=\" fusion-imageframe imageframe-none imageframe-3 hover-type-none\"><img decoding=\"async\" width=\"1200\" height=\"901\" title=\"circuitos_de_rally_test_2\" src=\"https:\/\/www.lescomes.com\/wp-content\/uploads\/2025\/02\/circuitos_de_rally_test_2.jpg\" class=\"img-responsive wp-image-17745\" srcset=\"https:\/\/www.lescomes.com\/wp-content\/uploads\/2025\/02\/circuitos_de_rally_test_2-200x150.jpg 200w, https:\/\/www.lescomes.com\/wp-content\/uploads\/2025\/02\/circuitos_de_rally_test_2-400x300.jpg 400w, https:\/\/www.lescomes.com\/wp-content\/uploads\/2025\/02\/circuitos_de_rally_test_2-600x451.jpg 600w, https:\/\/www.lescomes.com\/wp-content\/uploads\/2025\/02\/circuitos_de_rally_test_2-800x601.jpg 800w, https:\/\/www.lescomes.com\/wp-content\/uploads\/2025\/02\/circuitos_de_rally_test_2.jpg 1200w\" sizes=\"(max-width: 800px) 100vw, (max-width: 1919px) 600px,(min-width: 1920px) 33vw\" \/><\/span><div class=\"fusion-clearfix\"><\/div><\/div><\/div><\/div><\/div><div class=\"fusion-fullwidth fullwidth-box fusion-builder-row-3 hundred-percent-fullwidth non-hundred-percent-height-scrolling\" style=\"background-color: #ffffff;background-position: left top;background-repeat: no-repeat;padding-top:0px;padding-right:0%;padding-bottom:0px;padding-left:0%;margin-bottom: 0px;margin-top: 3%;border-width: 0px 0px 0px 0px;border-color:#eae9e9;border-style:solid;\" ><div class=\"fusion-builder-row fusion-row\"><div class=\"fusion-layout-column fusion_builder_column fusion-builder-column-5 fusion_builder_column_1_1 1_1 fusion-one-full fusion-column-first fusion-column-last fusion-column-no-min-height\" style=\"margin-top:2%;margin-bottom:20px;\"><div class=\"fusion-column-wrapper fusion-flex-column-wrapper-legacy\" style=\"background-position:left top;background-repeat:no-repeat;-webkit-background-size:cover;-moz-background-size:cover;-o-background-size:cover;background-size:cover;padding: 2% 5% 0% 5%;\"><div class=\"fusion-text fusion-text-3\" style=\"transform:translate3d(0,0,0);\"><h2 style=\"text-align: center;\"><span style=\"color: #474747;\"><strong>PISTES HORS ROUTE<\/strong><\/span><\/h2>\n<p style=\"font-size: 18px; line-height: 27px; font-family: Helvetica; text-align: left;\"><span style=\"color: #747474;\">Les Comes compte plus de 70km de pistes tout terrain class\u00e9es par couleur selon leur difficult\u00e9. Des pistes bleues et vertes id\u00e9ales pour les v\u00e9hicules SUV, aux pistes noires ou zones marron, adapt\u00e9es uniquement aux v\u00e9hicules \u00e0 4 roues motrices, r\u00e9ducteur et serrures.<\/span><\/p>\n<\/div><div class=\"fusion-clearfix\"><\/div><\/div><\/div><div class=\"fusion-layout-column fusion_builder_column fusion-builder-column-6 fusion_builder_column_1_3 1_3 fusion-one-third fusion-column-first fusion-column-no-min-height\" style=\"width:33.333333333333%;width:calc(33.333333333333% - ( ( 0% + 0% ) * 0.33333333333333 ) );margin-right: 0%;margin-top:0px;margin-bottom:0px;\"><div class=\"fusion-column-wrapper fusion-flex-column-wrapper-legacy\" style=\"background-position:left top;background-repeat:no-repeat;-webkit-background-size:cover;-moz-background-size:cover;-o-background-size:cover;background-size:cover;padding: 5% 5% 5% 5%;\"><span class=\" fusion-imageframe imageframe-none imageframe-4 hover-type-none\"><img decoding=\"async\" width=\"1200\" height=\"901\" title=\"pistas_4x4_offroad\" src=\"https:\/\/www.lescomes.com\/wp-content\/uploads\/2025\/01\/pistas_4x4_offroad.jpg\" class=\"img-responsive wp-image-17123\" srcset=\"https:\/\/www.lescomes.com\/wp-content\/uploads\/2025\/01\/pistas_4x4_offroad-200x150.jpg 200w, https:\/\/www.lescomes.com\/wp-content\/uploads\/2025\/01\/pistas_4x4_offroad-400x300.jpg 400w, https:\/\/www.lescomes.com\/wp-content\/uploads\/2025\/01\/pistas_4x4_offroad-600x451.jpg 600w, https:\/\/www.lescomes.com\/wp-content\/uploads\/2025\/01\/pistas_4x4_offroad-800x601.jpg 800w, https:\/\/www.lescomes.com\/wp-content\/uploads\/2025\/01\/pistas_4x4_offroad.jpg 1200w\" sizes=\"(max-width: 800px) 100vw, (max-width: 1919px) 600px,(min-width: 1920px) 33vw\" \/><\/span><div class=\"fusion-clearfix\"><\/div><\/div><\/div><div class=\"fusion-layout-column fusion_builder_column fusion-builder-column-7 fusion_builder_column_1_3 1_3 fusion-one-third fusion-column-no-min-height\" style=\"width:33.333333333333%;width:calc(33.333333333333% - ( ( 0% + 0% ) * 0.33333333333333 ) );margin-right: 0%;margin-top:0px;margin-bottom:0px;\"><div class=\"fusion-column-wrapper fusion-flex-column-wrapper-legacy\" style=\"background-position:left top;background-repeat:no-repeat;-webkit-background-size:cover;-moz-background-size:cover;-o-background-size:cover;background-size:cover;padding: 5% 5% 5% 5%;\"><span class=\" fusion-imageframe imageframe-none imageframe-5 hover-type-none\"><img decoding=\"async\" width=\"1200\" height=\"901\" title=\"pistas_4x4_offroad_1\" src=\"https:\/\/www.lescomes.com\/wp-content\/uploads\/2025\/01\/pistas_4x4_offroad_1.jpg\" class=\"img-responsive wp-image-17144\" srcset=\"https:\/\/www.lescomes.com\/wp-content\/uploads\/2025\/01\/pistas_4x4_offroad_1-200x150.jpg 200w, https:\/\/www.lescomes.com\/wp-content\/uploads\/2025\/01\/pistas_4x4_offroad_1-400x300.jpg 400w, https:\/\/www.lescomes.com\/wp-content\/uploads\/2025\/01\/pistas_4x4_offroad_1-600x451.jpg 600w, https:\/\/www.lescomes.com\/wp-content\/uploads\/2025\/01\/pistas_4x4_offroad_1-800x601.jpg 800w, https:\/\/www.lescomes.com\/wp-content\/uploads\/2025\/01\/pistas_4x4_offroad_1.jpg 1200w\" sizes=\"(max-width: 800px) 100vw, (max-width: 1919px) 600px,(min-width: 1920px) 33vw\" \/><\/span><div class=\"fusion-clearfix\"><\/div><\/div><\/div><div class=\"fusion-layout-column fusion_builder_column fusion-builder-column-8 fusion_builder_column_1_3 1_3 fusion-one-third fusion-column-last fusion-column-no-min-height\" style=\"width:33.333333333333%;width:calc(33.333333333333% - ( ( 0% + 0% ) * 0.33333333333333 ) );margin-top:0px;margin-bottom:0px;\"><div class=\"fusion-column-wrapper fusion-flex-column-wrapper-legacy\" style=\"background-position:left top;background-repeat:no-repeat;-webkit-background-size:cover;-moz-background-size:cover;-o-background-size:cover;background-size:cover;padding: 5% 5% 5% 5%;\"><span class=\" fusion-imageframe imageframe-none imageframe-6 hover-type-none\"><img decoding=\"async\" width=\"1200\" height=\"901\" title=\"pistas_4x4_offroad_2\" src=\"https:\/\/www.lescomes.com\/wp-content\/uploads\/2025\/01\/pistas_4x4_offroad_2.jpg\" class=\"img-responsive wp-image-17148\" srcset=\"https:\/\/www.lescomes.com\/wp-content\/uploads\/2025\/01\/pistas_4x4_offroad_2-200x150.jpg 200w, https:\/\/www.lescomes.com\/wp-content\/uploads\/2025\/01\/pistas_4x4_offroad_2-400x300.jpg 400w, https:\/\/www.lescomes.com\/wp-content\/uploads\/2025\/01\/pistas_4x4_offroad_2-600x451.jpg 600w, https:\/\/www.lescomes.com\/wp-content\/uploads\/2025\/01\/pistas_4x4_offroad_2-800x601.jpg 800w, https:\/\/www.lescomes.com\/wp-content\/uploads\/2025\/01\/pistas_4x4_offroad_2.jpg 1200w\" sizes=\"(max-width: 800px) 100vw, (max-width: 1919px) 600px,(min-width: 1920px) 33vw\" \/><\/span><div class=\"fusion-clearfix\"><\/div><\/div><\/div><\/div><\/div><div class=\"fusion-fullwidth fullwidth-box fusion-builder-row-4 hundred-percent-fullwidth non-hundred-percent-height-scrolling\" style=\"background-color: #ffffff;background-position: left top;background-repeat: no-repeat;padding-top:0px;padding-right:0%;padding-bottom:0px;padding-left:0%;margin-bottom: 0px;margin-top: 3%;border-width: 0px 0px 0px 0px;border-color:#eae9e9;border-style:solid;\" ><div class=\"fusion-builder-row fusion-row\"><div class=\"fusion-layout-column fusion_builder_column fusion-builder-column-9 fusion_builder_column_1_2 1_2 fusion-one-half fusion-column-first fusion-column-no-min-height\" style=\"width:50%;width:calc(50% - ( ( 0% ) * 0.5 ) );margin-right: 0%;margin-top:0px;margin-bottom:0px;\"><div class=\"fusion-column-wrapper fusion-flex-column-wrapper-legacy\" style=\"background-position:left top;background-repeat:no-repeat;-webkit-background-size:cover;-moz-background-size:cover;-o-background-size:cover;background-size:cover;padding: 5% 5% 5% 5%;\"><span class=\" fusion-imageframe imageframe-none imageframe-7 hover-type-none\"><img decoding=\"async\" width=\"1920\" height=\"1440\" title=\"circuito_4x4_offroad_escuela\" src=\"https:\/\/www.lescomes.com\/wp-content\/uploads\/2025\/01\/circuito_4x4_offroad_escuela-1.jpg\" class=\"img-responsive wp-image-17112\" srcset=\"https:\/\/www.lescomes.com\/wp-content\/uploads\/2025\/01\/circuito_4x4_offroad_escuela-1-200x150.jpg 200w, https:\/\/www.lescomes.com\/wp-content\/uploads\/2025\/01\/circuito_4x4_offroad_escuela-1-400x300.jpg 400w, https:\/\/www.lescomes.com\/wp-content\/uploads\/2025\/01\/circuito_4x4_offroad_escuela-1-600x450.jpg 600w, https:\/\/www.lescomes.com\/wp-content\/uploads\/2025\/01\/circuito_4x4_offroad_escuela-1-800x600.jpg 800w, https:\/\/www.lescomes.com\/wp-content\/uploads\/2025\/01\/circuito_4x4_offroad_escuela-1-1200x900.jpg 1200w, https:\/\/www.lescomes.com\/wp-content\/uploads\/2025\/01\/circuito_4x4_offroad_escuela-1.jpg 1920w\" sizes=\"(max-width: 800px) 100vw, (max-width: 1919px) 1200px,(min-width: 1920px) 50vw\" \/><\/span><div class=\"fusion-clearfix\"><\/div><\/div><\/div><div class=\"fusion-layout-column fusion_builder_column fusion-builder-column-10 fusion_builder_column_1_2 1_2 fusion-one-half fusion-column-last fusion-column-no-min-height\" style=\"width:50%;width:calc(50% - ( ( 0% ) * 0.5 ) );margin-top:5%;margin-bottom:20px;\"><div class=\"fusion-column-wrapper fusion-flex-column-wrapper-legacy\" style=\"background-position:left top;background-repeat:no-repeat;-webkit-background-size:cover;-moz-background-size:cover;-o-background-size:cover;background-size:cover;padding: 10% 5% 20% 5%;\"><div class=\"fusion-text fusion-text-4\" style=\"transform:translate3d(0,0,0);\"><h2 style=\"text-align: center;\">CIRCUIT SCOLAIRE<\/h2>\n<p style=\"font-size: 18px; line-height: 27px; font-family: Helvetica; text-align: left;\">Circuit de conduite pour v\u00e9hicules 4&#215;4 o\u00f9 vous pourrez tester tous les \u00e9l\u00e9ments typiques de la conduite tout-terrain :<\/p>\n<ul>\n<li style=\"font-size: 18px; line-height: 27px; font-family: Helvetica; text-align: left;\">Entr\u00e9e, sortie et angles ventraux du v\u00e9hicule.<\/li>\n<li style=\"font-size: 18px; line-height: 27px; font-family: Helvetica; text-align: left;\">Traverser des ponts.<\/li>\n<li style=\"font-size: 18px; line-height: 27px; font-family: Helvetica; text-align: left;\">Marches lat\u00e9rales.<\/li>\n<li style=\"font-size: 18px; line-height: 27px; font-family: Helvetica; text-align: left;\">Pentes raides.<\/li>\n<li style=\"font-size: 18px; line-height: 27px; font-family: Helvetica; text-align: left;\">Tout ce dont vous avez besoin pour la conduite hors route.<\/li>\n<\/ul>\n<\/div><div class=\"fusion-clearfix\"><\/div><\/div><\/div><\/div><\/div><div class=\"fusion-fullwidth fullwidth-box fusion-builder-row-5 hundred-percent-fullwidth non-hundred-percent-height-scrolling\" style=\"background-color: #ffffff;background-position: left top;background-repeat: no-repeat;padding-top:0px;padding-right:0%;padding-bottom:0px;padding-left:0%;margin-bottom: 0px;margin-top: 3%;border-width: 0px 0px 0px 0px;border-color:#eae9e9;border-style:solid;\" ><div class=\"fusion-builder-row fusion-row\"><div class=\"fusion-layout-column fusion_builder_column fusion-builder-column-11 fusion_builder_column_1_2 1_2 fusion-one-half fusion-column-first fusion-column-no-min-height\" style=\"width:50%;width:calc(50% - ( ( 0% ) * 0.5 ) );margin-right: 0%;margin-top:0px;margin-bottom:0px;\"><div class=\"fusion-column-wrapper fusion-flex-column-wrapper-legacy\" style=\"background-position:left top;background-repeat:no-repeat;-webkit-background-size:cover;-moz-background-size:cover;-o-background-size:cover;background-size:cover;padding: 5% 5% 5% 5%;\"><span class=\" fusion-imageframe imageframe-none imageframe-8 hover-type-none\"><img decoding=\"async\" width=\"1200\" height=\"901\" title=\"espacio_exteriors_viladelleva\" src=\"https:\/\/www.lescomes.com\/wp-content\/uploads\/2025\/01\/espacio_exteriors_viladelleva.jpg\" class=\"img-responsive wp-image-17117\" srcset=\"https:\/\/www.lescomes.com\/wp-content\/uploads\/2025\/01\/espacio_exteriors_viladelleva-200x150.jpg 200w, https:\/\/www.lescomes.com\/wp-content\/uploads\/2025\/01\/espacio_exteriors_viladelleva-400x300.jpg 400w, https:\/\/www.lescomes.com\/wp-content\/uploads\/2025\/01\/espacio_exteriors_viladelleva-600x451.jpg 600w, https:\/\/www.lescomes.com\/wp-content\/uploads\/2025\/01\/espacio_exteriors_viladelleva-800x601.jpg 800w, https:\/\/www.lescomes.com\/wp-content\/uploads\/2025\/01\/espacio_exteriors_viladelleva.jpg 1200w\" sizes=\"(max-width: 800px) 100vw, 1200px\" \/><\/span><div class=\"fusion-clearfix\"><\/div><\/div><\/div><div class=\"fusion-layout-column fusion_builder_column fusion-builder-column-12 fusion_builder_column_1_2 1_2 fusion-one-half fusion-column-last fusion-column-no-min-height\" style=\"width:50%;width:calc(50% - ( ( 0% ) * 0.5 ) );margin-top:5%;margin-bottom:20px;\"><div class=\"fusion-column-wrapper fusion-flex-column-wrapper-legacy\" style=\"background-position:left top;background-repeat:no-repeat;-webkit-background-size:cover;-moz-background-size:cover;-o-background-size:cover;background-size:cover;padding: 20% 5% 20% 5%;\"><div class=\"fusion-text fusion-text-5\" style=\"transform:translate3d(0,0,0);\"><h2 style=\"text-align: center;\"><span style=\"color: #474747;\"><strong>VILADELLEVA<\/strong><\/span><\/h2>\n<p style=\"font-size: 18px; line-height: 27px; font-family: Helvetica; text-align: left;\">Dans cet espace unique se trouve l&#8217;ermitage de Santa Mar\u00eda de Viladelleva, une chapelle du Xe si\u00e8cle class\u00e9e dans le style roman tardif du XIIIe si\u00e8cle.<\/p>\n<\/div><div class=\"fusion-clearfix\"><\/div><\/div><\/div><\/div><\/div><\/p>\n","protected":false},"excerpt":{"rendered":"","protected":false},"author":2,"featured_media":0,"parent":0,"menu_order":0,"comment_status":"closed","ping_status":"closed","template":"","meta":{"footnotes":""},"class_list":["post-17727","page","type-page","status-publish","hentry"],"yoast_head":"<!-- This site is optimized with the Yoast SEO plugin v26.2 - https:\/\/yoast.com\/wordpress\/plugins\/seo\/ -->\n<title>Pistes 4X4, circuits et lieux d&#039;int\u00e9r\u00eat - Les Comes<\/title>\n<meta name=\"robots\" content=\"index, follow, max-snippet:-1, max-image-preview:large, max-video-preview:-1\" \/>\n<link rel=\"canonical\" href=\"https:\/\/www.lescomes.com\/index.php\/pistes-4x4-circuits-et-lieux-dinteret\/?lang=fr\" \/>\n<meta property=\"og:locale\" content=\"es_ES\" \/>\n<meta property=\"og:type\" content=\"article\" \/>\n<meta property=\"og:title\" content=\"Pistes 4X4, circuits et lieux d&#039;int\u00e9r\u00eat - Les Comes\" \/>\n<meta property=\"og:url\" content=\"https:\/\/www.lescomes.com\/index.php\/pistes-4x4-circuits-et-lieux-dinteret\/?lang=fr\" \/>\n<meta property=\"og:site_name\" content=\"Les Comes\" \/>\n<meta property=\"article:modified_time\" content=\"2025-02-04T16:43:27+00:00\" \/>\n<meta name=\"twitter:card\" content=\"summary_large_image\" \/>\n<meta name=\"twitter:label1\" content=\"Tiempo de lectura\" \/>\n\t<meta name=\"twitter:data1\" content=\"12 minutos\" \/>\n<script type=\"application\/ld+json\" class=\"yoast-schema-graph\">{\"@context\":\"https:\/\/schema.org\",\"@graph\":[{\"@type\":\"WebPage\",\"@id\":\"https:\/\/www.lescomes.com\/index.php\/pistes-4x4-circuits-et-lieux-dinteret\/?lang=fr\",\"url\":\"https:\/\/www.lescomes.com\/index.php\/pistes-4x4-circuits-et-lieux-dinteret\/?lang=fr\",\"name\":\"Pistes 4X4, circuits et lieux d'int\u00e9r\u00eat - Les Comes\",\"isPartOf\":{\"@id\":\"https:\/\/www.lescomes.com\/#website\"},\"datePublished\":\"2025-02-04T15:24:32+00:00\",\"dateModified\":\"2025-02-04T16:43:27+00:00\",\"breadcrumb\":{\"@id\":\"https:\/\/www.lescomes.com\/index.php\/pistes-4x4-circuits-et-lieux-dinteret\/?lang=fr#breadcrumb\"},\"inLanguage\":\"es\",\"potentialAction\":[{\"@type\":\"ReadAction\",\"target\":[\"https:\/\/www.lescomes.com\/index.php\/pistes-4x4-circuits-et-lieux-dinteret\/?lang=fr\"]}]},{\"@type\":\"BreadcrumbList\",\"@id\":\"https:\/\/www.lescomes.com\/index.php\/pistes-4x4-circuits-et-lieux-dinteret\/?lang=fr#breadcrumb\",\"itemListElement\":[{\"@type\":\"ListItem\",\"position\":1,\"name\":\"Portada\",\"item\":\"https:\/\/www.lescomes.com\/\"},{\"@type\":\"ListItem\",\"position\":2,\"name\":\"Pistes 4X4, circuits et lieux d&#8217;int\u00e9r\u00eat\"}]},{\"@type\":\"WebSite\",\"@id\":\"https:\/\/www.lescomes.com\/#website\",\"url\":\"https:\/\/www.lescomes.com\/\",\"name\":\"Les Comes\",\"description\":\"El para\u00edso de los eventos off-road\",\"potentialAction\":[{\"@type\":\"SearchAction\",\"target\":{\"@type\":\"EntryPoint\",\"urlTemplate\":\"https:\/\/www.lescomes.com\/?s={search_term_string}\"},\"query-input\":{\"@type\":\"PropertyValueSpecification\",\"valueRequired\":true,\"valueName\":\"search_term_string\"}}],\"inLanguage\":\"es\"}]}<\/script>\n<!-- \/ Yoast SEO plugin. -->","yoast_head_json":{"title":"Pistes 4X4, circuits et lieux d'int\u00e9r\u00eat - Les Comes","robots":{"index":"index","follow":"follow","max-snippet":"max-snippet:-1","max-image-preview":"max-image-preview:large","max-video-preview":"max-video-preview:-1"},"canonical":"https:\/\/www.lescomes.com\/index.php\/pistes-4x4-circuits-et-lieux-dinteret\/?lang=fr","og_locale":"es_ES","og_type":"article","og_title":"Pistes 4X4, circuits et lieux d'int\u00e9r\u00eat - Les Comes","og_url":"https:\/\/www.lescomes.com\/index.php\/pistes-4x4-circuits-et-lieux-dinteret\/?lang=fr","og_site_name":"Les Comes","article_modified_time":"2025-02-04T16:43:27+00:00","twitter_card":"summary_large_image","twitter_misc":{"Tiempo de lectura":"12 minutos"},"schema":{"@context":"https:\/\/schema.org","@graph":[{"@type":"WebPage","@id":"https:\/\/www.lescomes.com\/index.php\/pistes-4x4-circuits-et-lieux-dinteret\/?lang=fr","url":"https:\/\/www.lescomes.com\/index.php\/pistes-4x4-circuits-et-lieux-dinteret\/?lang=fr","name":"Pistes 4X4, circuits et lieux d'int\u00e9r\u00eat - Les Comes","isPartOf":{"@id":"https:\/\/www.lescomes.com\/#website"},"datePublished":"2025-02-04T15:24:32+00:00","dateModified":"2025-02-04T16:43:27+00:00","breadcrumb":{"@id":"https:\/\/www.lescomes.com\/index.php\/pistes-4x4-circuits-et-lieux-dinteret\/?lang=fr#breadcrumb"},"inLanguage":"es","potentialAction":[{"@type":"ReadAction","target":["https:\/\/www.lescomes.com\/index.php\/pistes-4x4-circuits-et-lieux-dinteret\/?lang=fr"]}]},{"@type":"BreadcrumbList","@id":"https:\/\/www.lescomes.com\/index.php\/pistes-4x4-circuits-et-lieux-dinteret\/?lang=fr#breadcrumb","itemListElement":[{"@type":"ListItem","position":1,"name":"Portada","item":"https:\/\/www.lescomes.com\/"},{"@type":"ListItem","position":2,"name":"Pistes 4X4, circuits et lieux d&#8217;int\u00e9r\u00eat"}]},{"@type":"WebSite","@id":"https:\/\/www.lescomes.com\/#website","url":"https:\/\/www.lescomes.com\/","name":"Les Comes","description":"El para\u00edso de los eventos off-road","potentialAction":[{"@type":"SearchAction","target":{"@type":"EntryPoint","urlTemplate":"https:\/\/www.lescomes.com\/?s={search_term_string}"},"query-input":{"@type":"PropertyValueSpecification","valueRequired":true,"valueName":"search_term_string"}}],"inLanguage":"es"}]}},"_links":{"self":[{"href":"https:\/\/www.lescomes.com\/index.php\/wp-json\/wp\/v2\/pages\/17727","targetHints":{"allow":["GET"]}}],"collection":[{"href":"https:\/\/www.lescomes.com\/index.php\/wp-json\/wp\/v2\/pages"}],"about":[{"href":"https:\/\/www.lescomes.com\/index.php\/wp-json\/wp\/v2\/types\/page"}],"author":[{"embeddable":true,"href":"https:\/\/www.lescomes.com\/index.php\/wp-json\/wp\/v2\/users\/2"}],"replies":[{"embeddable":true,"href":"https:\/\/www.lescomes.com\/index.php\/wp-json\/wp\/v2\/comments?post=17727"}],"version-history":[{"count":10,"href":"https:\/\/www.lescomes.com\/index.php\/wp-json\/wp\/v2\/pages\/17727\/revisions"}],"predecessor-version":[{"id":17798,"href":"https:\/\/www.lescomes.com\/index.php\/wp-json\/wp\/v2\/pages\/17727\/revisions\/17798"}],"wp:attachment":[{"href":"https:\/\/www.lescomes.com\/index.php\/wp-json\/wp\/v2\/media?parent=17727"}],"curies":[{"name":"wp","href":"https:\/\/api.w.org\/{rel}","templated":true}]}}