{"id":17590,"date":"2025-02-03T16:17:20","date_gmt":"2025-02-03T16:17:20","guid":{"rendered":"https:\/\/www.lescomes.com\/?page_id=17590"},"modified":"2025-02-04T16:38:48","modified_gmt":"2025-02-04T16:38:48","slug":"espaces-devenement","status":"publish","type":"page","link":"https:\/\/www.lescomes.com\/index.php\/espaces-devenement\/?lang=fr","title":{"rendered":"Espaces d&#8217;\u00e9v\u00e9nement"},"content":{"rendered":"<p><div class=\"fusion-bg-parallax\" data-bg-align=\"center center\" data-direction=\"up\" data-mute=\"false\" data-opacity=\"100\" data-velocity=\"-0.4\" data-mobile-enabled=\"true\" data-break_parents=\"0\" data-bg-image=\"https:\/\/www.lescomes.com\/wp-content\/uploads\/2025\/01\/espais_interiors_events.jpg\" data-bg-repeat=\"false\" data-bg-color=\"#000000\" ><\/div><div class=\"fusion-fullwidth fullwidth-box fusion-builder-row-1 fusion-parallax-up hundred-percent-fullwidth non-hundred-percent-height-scrolling\" style=\"background-color: #000000;background-image: url(&quot;https:\/\/www.lescomes.com\/wp-content\/uploads\/2025\/01\/espais_interiors_events.jpg&quot;);background-position: center center;background-repeat: no-repeat;padding-top:50px;padding-right:0%;padding-bottom:50px;padding-left:0%;margin-bottom: 0%;margin-top: 0%;border-width: 0px 0px 0px 0px;border-color:#eae9e9;border-style:solid;-webkit-background-size:cover;-moz-background-size:cover;-o-background-size:cover;background-size:cover;\" ><div class=\"fusion-builder-row fusion-row\"><div class=\"fusion-layout-column fusion_builder_column fusion-builder-column-0 fusion_builder_column_1_1 1_1 fusion-one-full fusion-column-first fusion-column-last fusion-column-no-min-height fusion-column-inner-bg-wrapper\" style=\"margin-top:0%;margin-bottom:0%;\"><div class=\"fusion-column-wrapper fusion-flex-column-wrapper-legacy\" style=\"padding: 20% 0px 20% 0px;\"><div class=\"fusion-text fusion-text-1\" style=\"transform:translate3d(0,0,0);\"><p style=\"font-size: 35px; line-height: 40px; text-align: center; color: #ffffff; text-shadow: 1px 1px 2px black, 0 0 1em black, 0 0 0.2em black;\"><a href=\"https:\/\/www.lescomes.com\/index.php\/espaces-interieurs-pour-evenements\/?lang=fr\"><strong><b>ESPACES INT\u00c9RIEURS<\/b><\/strong><\/a><\/p>\n<\/div><div class=\"fusion-clearfix\"><\/div><\/div><span class=\"fusion-column-inner-bg hover-type-none\"><a href=\"https:\/\/www.lescomes.com\/index.php\/espaces-interieurs-pour-evenements\/?lang=fr\"><span class=\"fusion-column-inner-bg-image\" style=\"background-position:left top;background-repeat:no-repeat;-webkit-background-size:cover;-moz-background-size:cover;-o-background-size:cover;background-size:cover;\"><\/span><\/a><\/span><\/div><\/div><\/div><div class=\"fusion-fullwidth fullwidth-box fusion-builder-row-2 hundred-percent-fullwidth non-hundred-percent-height-scrolling\" style=\"background-color: #000000;background-position: left top;background-repeat: repeat;padding-top:0px;padding-right:30px;padding-bottom:0px;padding-left:30px;margin-bottom: 0px;margin-top: 0px;border-width: 0px 0px 0px 0px;border-color:#eae9e9;border-style:solid;\" ><div class=\"fusion-builder-row fusion-row\"><div class=\"fusion-layout-column fusion_builder_column fusion-builder-column-1 fusion_builder_column_1_1 1_1 fusion-one-full fusion-column-first fusion-column-last fusion-column-no-min-height\" style=\"margin-top:2%;margin-bottom:2%;\"><div class=\"fusion-column-wrapper fusion-flex-column-wrapper-legacy\" style=\"background-position:left top;background-repeat:no-repeat;-webkit-background-size:cover;-moz-background-size:cover;-o-background-size:cover;background-size:cover;padding: 50px 10% 50px 10%;\"><div class=\"fusion-text fusion-text-2\" style=\"transform:translate3d(0,0,0);\"><p style=\"text-align: center; font-size: 18px; line-height: 25px;\"><span style=\"color: #ffffff;\">Les Comes dispose de diff\u00e9rents espaces d&#8217;une capacit\u00e9 maximale de 350 personnes.<\/span><\/p>\n<\/div><div class=\"fusion-text fusion-text-3\" style=\"transform:translate3d(0,0,0);\"><p style=\"text-align: center; font-size: 18px; line-height: 25px;\"><span style=\"color: #ffffff;\">Toutes les salles ont \u00e9t\u00e9 r\u00e9nov\u00e9es et \u00e9quip\u00e9es d&#8217;\u00e9l\u00e9ments techniques pour obtenir l&#8217;atmosph\u00e8re souhait\u00e9e.<\/span><\/p>\n<\/div><div class=\"fusion-section-separator section-separator triangle fusion-section-separator-1\" style=\"margin-top:2%;margin-bottom:2%;\"><div class=\"fusion-section-separator-svg fusion-section-separator-fullwidth\" style=\"border-bottom:0px solid #f6f6f6;\"><div class=\"divider-candy-arrow bottom\" style=\"top:0px;border-top-color: #f6f6f6;\"><\/div><div class=\"divider-candy bottom\" style=\"bottom:-20px;border-bottom:1px solid #f6f6f6;border-left:1px solid #f6f6f6;\"><\/div><\/div><div class=\"fusion-section-separator-spacer fusion-section-separator-fullwidth\"><div class=\"fusion-section-separator-spacer-height\" style=\"height:0px;\"><\/div><\/div><\/div><div class=\"fusion-clearfix\"><\/div><\/div><\/div><\/div><\/div><div class=\"fusion-bg-parallax\" data-bg-align=\"center center\" data-direction=\"up\" data-mute=\"false\" data-opacity=\"100\" data-velocity=\"-0.4\" data-mobile-enabled=\"true\" data-break_parents=\"0\" data-bg-image=\"https:\/\/www.lescomes.com\/wp-content\/uploads\/2025\/01\/espais_exteriors_lescomes_3.jpg\" data-bg-repeat=\"false\" data-bg-color=\"#000000\" ><\/div><div class=\"fusion-fullwidth fullwidth-box fusion-builder-row-3 fusion-parallax-up hundred-percent-fullwidth non-hundred-percent-height-scrolling\" style=\"background-color: #000000;background-image: url(&quot;https:\/\/www.lescomes.com\/wp-content\/uploads\/2025\/01\/espais_exteriors_lescomes_3.jpg&quot;);background-position: center center;background-repeat: no-repeat;padding-top:50px;padding-right:0%;padding-bottom:50px;padding-left:0%;margin-bottom: 0%;margin-top: 0%;border-width: 0px 0px 0px 0px;border-color:#eae9e9;border-style:solid;-webkit-background-size:cover;-moz-background-size:cover;-o-background-size:cover;background-size:cover;\" ><div class=\"fusion-builder-row fusion-row\"><div class=\"fusion-layout-column fusion_builder_column fusion-builder-column-2 fusion_builder_column_1_1 1_1 fusion-one-full fusion-column-first fusion-column-last fusion-column-no-min-height fusion-column-inner-bg-wrapper\" style=\"margin-top:0%;margin-bottom:0%;\"><div class=\"fusion-column-wrapper fusion-flex-column-wrapper-legacy\" style=\"padding: 20% 0px 20% 0px;\"><div class=\"fusion-text fusion-text-4\" style=\"transform:translate3d(0,0,0);\"><p style=\"font-size: 35px; line-height: 40px; text-align: center; color: #ffffff; text-shadow: 1px 1px 2px black, 0 0 1em black, 0 0 0.2em black;\"><a href=\"https:\/\/www.lescomes.com\/index.php\/espaces-exterieurs\/?lang=fr\"><strong><b>ESPACES EXT\u00c9RIEURS<\/b><\/strong><\/a><\/p>\n<\/div><div class=\"fusion-clearfix\"><\/div><\/div><span class=\"fusion-column-inner-bg hover-type-none\"><a href=\"https:\/\/www.lescomes.com\/index.php\/espaces-exterieurs\/?lang=fr\"><span class=\"fusion-column-inner-bg-image\" style=\"background-position:left top;background-repeat:no-repeat;-webkit-background-size:cover;-moz-background-size:cover;-o-background-size:cover;background-size:cover;\"><\/span><\/a><\/span><\/div><\/div><\/div><div class=\"fusion-fullwidth fullwidth-box fusion-builder-row-4 hundred-percent-fullwidth non-hundred-percent-height-scrolling\" style=\"background-color: #000000;background-position: left top;background-repeat: repeat;padding-top:0px;padding-right:30px;padding-bottom:0px;padding-left:30px;margin-bottom: 0px;margin-top: 0px;border-width: 0px 0px 0px 0px;border-color:#eae9e9;border-style:solid;\" ><div class=\"fusion-builder-row fusion-row\"><div class=\"fusion-layout-column fusion_builder_column fusion-builder-column-3 fusion_builder_column_1_1 1_1 fusion-one-full fusion-column-first fusion-column-last fusion-column-no-min-height\" style=\"margin-top:2%;margin-bottom:2%;\"><div class=\"fusion-column-wrapper fusion-flex-column-wrapper-legacy\" style=\"background-position:left top;background-repeat:no-repeat;-webkit-background-size:cover;-moz-background-size:cover;-o-background-size:cover;background-size:cover;padding: 50px 10% 50px 10%;\"><div class=\"fusion-text fusion-text-5\" style=\"transform:translate3d(0,0,0);\"><p style=\"text-align: center; font-size: 18px; line-height: 25px;\"><span style=\"color: #ffffff;\">De charmants espaces ext\u00e9rieurs, parfaitement int\u00e9gr\u00e9s \u00e0 l&#8217;environnement naturel qui les entoure et o\u00f9 discr\u00e9tion et tranquillit\u00e9 sont assur\u00e9es.<\/span><\/p>\n<\/div><div class=\"fusion-section-separator section-separator triangle fusion-section-separator-2\"><div class=\"fusion-section-separator-svg fusion-section-separator-fullwidth\" style=\"border-bottom:0px solid #f6f6f6;\"><div class=\"divider-candy-arrow bottom\" style=\"top:0px;border-top-color: #f6f6f6;\"><\/div><div class=\"divider-candy bottom\" style=\"bottom:-20px;border-bottom:1px solid #f6f6f6;border-left:1px solid #f6f6f6;\"><\/div><\/div><div class=\"fusion-section-separator-spacer fusion-section-separator-fullwidth\"><div class=\"fusion-section-separator-spacer-height\" style=\"height:0px;\"><\/div><\/div><\/div><div class=\"fusion-clearfix\"><\/div><\/div><\/div><\/div><\/div><div class=\"fusion-bg-parallax\" data-bg-align=\"center center\" data-direction=\"up\" data-mute=\"false\" data-opacity=\"100\" data-velocity=\"-0.4\" data-mobile-enabled=\"true\" data-break_parents=\"0\" data-bg-image=\"https:\/\/www.lescomes.com\/wp-content\/uploads\/2025\/01\/espais_exteriors_lescomes-1.jpg\" data-bg-repeat=\"false\" data-bg-color=\"#000000\" ><\/div><div class=\"fusion-fullwidth fullwidth-box fusion-builder-row-5 fusion-parallax-up hundred-percent-fullwidth non-hundred-percent-height-scrolling\" style=\"background-color: #000000;background-image: url(&quot;https:\/\/www.lescomes.com\/wp-content\/uploads\/2025\/01\/espais_exteriors_lescomes-1.jpg&quot;);background-position: center center;background-repeat: no-repeat;padding-top:50px;padding-right:0%;padding-bottom:50px;padding-left:0%;margin-bottom: 0%;margin-top: 0%;border-width: 0px 0px 0px 0px;border-color:#eae9e9;border-style:solid;-webkit-background-size:cover;-moz-background-size:cover;-o-background-size:cover;background-size:cover;\" ><div class=\"fusion-builder-row fusion-row\"><div class=\"fusion-layout-column fusion_builder_column fusion-builder-column-4 fusion_builder_column_1_1 1_1 fusion-one-full fusion-column-first fusion-column-last fusion-column-no-min-height fusion-column-inner-bg-wrapper\" style=\"margin-top:0%;margin-bottom:0%;\"><div class=\"fusion-column-wrapper fusion-flex-column-wrapper-legacy\" style=\"padding: 20% 0px 20% 0px;\"><div class=\"fusion-text fusion-text-6\" style=\"transform:translate3d(0,0,0);\"><p style=\"font-size: 35px; line-height: 40px; text-align: center; color: #ffffff; text-shadow: 1px 1px 2px black, 0 0 1em black, 0 0 0.2em black;\"><a href=\"https:\/\/www.lescomes.com\/index.php\/pistes-4x4-circuits-et-lieux-dinteret\/?lang=fr\"><strong><b>PISTES, CIRCUITS ET LIEUX D&#8217;INT\u00c9R\u00caT<\/b><\/strong><\/a><\/p>\n<\/div><div class=\"fusion-clearfix\"><\/div><\/div><span class=\"fusion-column-inner-bg hover-type-none\"><a href=\"https:\/\/www.lescomes.com\/index.php\/pistes-4x4-circuits-et-lieux-dinteret\/?lang=fr\"><span class=\"fusion-column-inner-bg-image\" style=\"background-position:left top;background-repeat:no-repeat;-webkit-background-size:cover;-moz-background-size:cover;-o-background-size:cover;background-size:cover;\"><\/span><\/a><\/span><\/div><\/div><\/div><div class=\"fusion-fullwidth fullwidth-box fusion-builder-row-6 hundred-percent-fullwidth non-hundred-percent-height-scrolling\" style=\"background-color: #000000;background-position: left top;background-repeat: repeat;padding-top:0px;padding-right:30px;padding-bottom:0px;padding-left:30px;margin-bottom: 0%;margin-top: 0%;border-width: 0px 0px 0px 0px;border-color:#eae9e9;border-style:solid;\" ><div class=\"fusion-builder-row fusion-row\"><div class=\"fusion-layout-column fusion_builder_column fusion-builder-column-5 fusion_builder_column_1_1 1_1 fusion-one-full fusion-column-first fusion-column-last fusion-column-no-min-height\" style=\"margin-top:0px;margin-bottom:20px;\"><div class=\"fusion-column-wrapper fusion-flex-column-wrapper-legacy\" style=\"background-position:left top;background-repeat:no-repeat;-webkit-background-size:cover;-moz-background-size:cover;-o-background-size:cover;background-size:cover;background-color:#000000;padding: 60px 10% 40px 10%;\"><div class=\"fusion-text fusion-text-7\" style=\"transform:translate3d(0,0,0);\"><p style=\"text-align: center; font-size: 18px; line-height: 25px;\"><span style=\"color: #ffffff;\">D\u00e9couvrez nos vastes espaces enti\u00e8rement plats, o\u00f9 vous pourrez trouver un monde de possibilit\u00e9s au sein des 800 hectares de terrain et des 80 kilom\u00e8tres de pistes tout-terrain dont nous disposons.<\/span><\/p>\n<\/div><div class=\"fusion-text fusion-text-8\" style=\"transform:translate3d(0,0,0);\"><p style=\"text-align: center; font-size: 18px; line-height: 25px;\"><span style=\"color: #ffffff;\">Un espace totalement priv\u00e9 o\u00f9 vous pouvez organiser n&#8217;importe quel \u00e9v\u00e9nement ou pr\u00e9sentation en toute discr\u00e9tion.<\/span><\/p>\n<\/div><div class=\"fusion-clearfix\"><\/div><\/div><\/div><\/div><\/div><\/p>\n","protected":false},"excerpt":{"rendered":"","protected":false},"author":2,"featured_media":0,"parent":0,"menu_order":0,"comment_status":"closed","ping_status":"closed","template":"","meta":{"footnotes":""},"class_list":["post-17590","page","type-page","status-publish","hentry"],"yoast_head":"<!-- This site is optimized with the Yoast SEO plugin v26.2 - https:\/\/yoast.com\/wordpress\/plugins\/seo\/ -->\n<title>Espaces d&#039;\u00e9v\u00e9nement - Les Comes<\/title>\n<meta name=\"robots\" content=\"index, follow, max-snippet:-1, max-image-preview:large, max-video-preview:-1\" \/>\n<link rel=\"canonical\" href=\"https:\/\/www.lescomes.com\/index.php\/espaces-devenement\/?lang=fr\" \/>\n<meta property=\"og:locale\" content=\"es_ES\" \/>\n<meta property=\"og:type\" content=\"article\" \/>\n<meta property=\"og:title\" content=\"Espaces d&#039;\u00e9v\u00e9nement - Les Comes\" \/>\n<meta property=\"og:url\" content=\"https:\/\/www.lescomes.com\/index.php\/espaces-devenement\/?lang=fr\" \/>\n<meta property=\"og:site_name\" content=\"Les Comes\" \/>\n<meta property=\"article:modified_time\" content=\"2025-02-04T16:38:48+00:00\" \/>\n<meta name=\"twitter:card\" content=\"summary_large_image\" \/>\n<meta name=\"twitter:label1\" content=\"Tiempo de lectura\" \/>\n\t<meta name=\"twitter:data1\" content=\"8 minutos\" \/>\n<script type=\"application\/ld+json\" class=\"yoast-schema-graph\">{\"@context\":\"https:\/\/schema.org\",\"@graph\":[{\"@type\":\"WebPage\",\"@id\":\"https:\/\/www.lescomes.com\/index.php\/espaces-devenement\/?lang=fr\",\"url\":\"https:\/\/www.lescomes.com\/index.php\/espaces-devenement\/?lang=fr\",\"name\":\"Espaces d'\u00e9v\u00e9nement - Les Comes\",\"isPartOf\":{\"@id\":\"https:\/\/www.lescomes.com\/#website\"},\"datePublished\":\"2025-02-03T16:17:20+00:00\",\"dateModified\":\"2025-02-04T16:38:48+00:00\",\"breadcrumb\":{\"@id\":\"https:\/\/www.lescomes.com\/index.php\/espaces-devenement\/?lang=fr#breadcrumb\"},\"inLanguage\":\"es\",\"potentialAction\":[{\"@type\":\"ReadAction\",\"target\":[\"https:\/\/www.lescomes.com\/index.php\/espaces-devenement\/?lang=fr\"]}]},{\"@type\":\"BreadcrumbList\",\"@id\":\"https:\/\/www.lescomes.com\/index.php\/espaces-devenement\/?lang=fr#breadcrumb\",\"itemListElement\":[{\"@type\":\"ListItem\",\"position\":1,\"name\":\"Portada\",\"item\":\"https:\/\/www.lescomes.com\/\"},{\"@type\":\"ListItem\",\"position\":2,\"name\":\"Espaces d&#8217;\u00e9v\u00e9nement\"}]},{\"@type\":\"WebSite\",\"@id\":\"https:\/\/www.lescomes.com\/#website\",\"url\":\"https:\/\/www.lescomes.com\/\",\"name\":\"Les Comes\",\"description\":\"El para\u00edso de los eventos off-road\",\"potentialAction\":[{\"@type\":\"SearchAction\",\"target\":{\"@type\":\"EntryPoint\",\"urlTemplate\":\"https:\/\/www.lescomes.com\/?s={search_term_string}\"},\"query-input\":{\"@type\":\"PropertyValueSpecification\",\"valueRequired\":true,\"valueName\":\"search_term_string\"}}],\"inLanguage\":\"es\"}]}<\/script>\n<!-- \/ Yoast SEO plugin. -->","yoast_head_json":{"title":"Espaces d'\u00e9v\u00e9nement - Les Comes","robots":{"index":"index","follow":"follow","max-snippet":"max-snippet:-1","max-image-preview":"max-image-preview:large","max-video-preview":"max-video-preview:-1"},"canonical":"https:\/\/www.lescomes.com\/index.php\/espaces-devenement\/?lang=fr","og_locale":"es_ES","og_type":"article","og_title":"Espaces d'\u00e9v\u00e9nement - Les Comes","og_url":"https:\/\/www.lescomes.com\/index.php\/espaces-devenement\/?lang=fr","og_site_name":"Les Comes","article_modified_time":"2025-02-04T16:38:48+00:00","twitter_card":"summary_large_image","twitter_misc":{"Tiempo de lectura":"8 minutos"},"schema":{"@context":"https:\/\/schema.org","@graph":[{"@type":"WebPage","@id":"https:\/\/www.lescomes.com\/index.php\/espaces-devenement\/?lang=fr","url":"https:\/\/www.lescomes.com\/index.php\/espaces-devenement\/?lang=fr","name":"Espaces d'\u00e9v\u00e9nement - Les Comes","isPartOf":{"@id":"https:\/\/www.lescomes.com\/#website"},"datePublished":"2025-02-03T16:17:20+00:00","dateModified":"2025-02-04T16:38:48+00:00","breadcrumb":{"@id":"https:\/\/www.lescomes.com\/index.php\/espaces-devenement\/?lang=fr#breadcrumb"},"inLanguage":"es","potentialAction":[{"@type":"ReadAction","target":["https:\/\/www.lescomes.com\/index.php\/espaces-devenement\/?lang=fr"]}]},{"@type":"BreadcrumbList","@id":"https:\/\/www.lescomes.com\/index.php\/espaces-devenement\/?lang=fr#breadcrumb","itemListElement":[{"@type":"ListItem","position":1,"name":"Portada","item":"https:\/\/www.lescomes.com\/"},{"@type":"ListItem","position":2,"name":"Espaces d&#8217;\u00e9v\u00e9nement"}]},{"@type":"WebSite","@id":"https:\/\/www.lescomes.com\/#website","url":"https:\/\/www.lescomes.com\/","name":"Les Comes","description":"El para\u00edso de los eventos off-road","potentialAction":[{"@type":"SearchAction","target":{"@type":"EntryPoint","urlTemplate":"https:\/\/www.lescomes.com\/?s={search_term_string}"},"query-input":{"@type":"PropertyValueSpecification","valueRequired":true,"valueName":"search_term_string"}}],"inLanguage":"es"}]}},"_links":{"self":[{"href":"https:\/\/www.lescomes.com\/index.php\/wp-json\/wp\/v2\/pages\/17590","targetHints":{"allow":["GET"]}}],"collection":[{"href":"https:\/\/www.lescomes.com\/index.php\/wp-json\/wp\/v2\/pages"}],"about":[{"href":"https:\/\/www.lescomes.com\/index.php\/wp-json\/wp\/v2\/types\/page"}],"author":[{"embeddable":true,"href":"https:\/\/www.lescomes.com\/index.php\/wp-json\/wp\/v2\/users\/2"}],"replies":[{"embeddable":true,"href":"https:\/\/www.lescomes.com\/index.php\/wp-json\/wp\/v2\/comments?post=17590"}],"version-history":[{"count":9,"href":"https:\/\/www.lescomes.com\/index.php\/wp-json\/wp\/v2\/pages\/17590\/revisions"}],"predecessor-version":[{"id":17793,"href":"https:\/\/www.lescomes.com\/index.php\/wp-json\/wp\/v2\/pages\/17590\/revisions\/17793"}],"wp:attachment":[{"href":"https:\/\/www.lescomes.com\/index.php\/wp-json\/wp\/v2\/media?parent=17590"}],"curies":[{"name":"wp","href":"https:\/\/api.w.org\/{rel}","templated":true}]}}