{"id":15704,"date":"2022-05-18T09:03:20","date_gmt":"2022-05-18T09:03:20","guid":{"rendered":"https:\/\/www.lescomes.com\/?page_id=15704"},"modified":"2025-02-04T10:07:32","modified_gmt":"2025-02-04T10:07:32","slug":"espaces-exterieurs","status":"publish","type":"page","link":"https:\/\/www.lescomes.com\/index.php\/espaces-exterieurs\/?lang=fr","title":{"rendered":"Espaces ext\u00e9rieurs"},"content":{"rendered":"<p><div class=\"fusion-fullwidth fullwidth-box fusion-builder-row-1 hundred-percent-fullwidth non-hundred-percent-height-scrolling\" style=\"background-color: #000000;background-position: left top;background-repeat: repeat;padding-top:0px;padding-right:30px;padding-bottom:0px;padding-left:30px;margin-bottom: 0px;margin-top: 0px;border-width: 0px 0px 0px 0px;border-color:#eae9e9;border-style:solid;\" ><div class=\"fusion-builder-row fusion-row\"><div class=\"fusion-layout-column fusion_builder_column fusion-builder-column-0 fusion_builder_column_1_1 1_1 fusion-one-full fusion-column-first fusion-column-last fusion-column-no-min-height\" style=\"margin-top:0px;margin-bottom:0px;\"><div class=\"fusion-column-wrapper fusion-flex-column-wrapper-legacy\" style=\"background-position:left top;background-repeat:no-repeat;-webkit-background-size:cover;-moz-background-size:cover;-o-background-size:cover;background-size:cover;padding: 35px 0px 0px 0px;\"><div class=\"fusion-text fusion-text-1\" style=\"transform:translate3d(0,0,0);\"><h2 style=\"text-align: center; font-size: 30px; line-height: 40px;\"><strong><span style=\"color: #ffffff;\">ESPACES EXT\u00c9RIEURS POUR \u00c9V\u00c9NEMENTS<\/span><\/strong><\/h2>\n<\/div><div class=\"fusion-clearfix\"><\/div><\/div><\/div><\/div><\/div><div class=\"fusion-fullwidth fullwidth-box fusion-builder-row-2 hundred-percent-fullwidth non-hundred-percent-height-scrolling\" style=\"background-color: #ffffff;background-position: left top;background-repeat: no-repeat;padding-top:0px;padding-right:0%;padding-bottom:0px;padding-left:0%;margin-bottom: 0px;margin-top: 3%;border-width: 0px 0px 0px 0px;border-color:#eae9e9;border-style:solid;\" ><div class=\"fusion-builder-row fusion-row\"><div class=\"fusion-layout-column fusion_builder_column fusion-builder-column-1 fusion_builder_column_1_2 1_2 fusion-one-half fusion-column-first fusion-column-no-min-height\" style=\"width:50%;width:calc(50% - ( ( 0% ) * 0.5 ) );margin-right: 0%;margin-top:0px;margin-bottom:0px;\"><div class=\"fusion-column-wrapper fusion-flex-column-wrapper-legacy\" style=\"background-position:left top;background-repeat:no-repeat;-webkit-background-size:cover;-moz-background-size:cover;-o-background-size:cover;background-size:cover;padding: 5% 5% 5% 5%;\"><span class=\" fusion-imageframe imageframe-none imageframe-1 hover-type-none\"><img decoding=\"async\" width=\"1200\" height=\"901\" title=\"la_pla\u00e7a\" src=\"https:\/\/www.lescomes.com\/wp-content\/uploads\/2025\/01\/la_placa.jpg\" class=\"img-responsive wp-image-17494\" srcset=\"https:\/\/www.lescomes.com\/wp-content\/uploads\/2025\/01\/la_placa-200x150.jpg 200w, https:\/\/www.lescomes.com\/wp-content\/uploads\/2025\/01\/la_placa-400x300.jpg 400w, https:\/\/www.lescomes.com\/wp-content\/uploads\/2025\/01\/la_placa-600x451.jpg 600w, https:\/\/www.lescomes.com\/wp-content\/uploads\/2025\/01\/la_placa-800x601.jpg 800w, https:\/\/www.lescomes.com\/wp-content\/uploads\/2025\/01\/la_placa.jpg 1200w\" sizes=\"(max-width: 800px) 100vw, 1200px\" \/><\/span><div class=\"fusion-clearfix\"><\/div><\/div><\/div><div class=\"fusion-layout-column fusion_builder_column fusion-builder-column-2 fusion_builder_column_1_2 1_2 fusion-one-half fusion-column-last fusion-column-no-min-height\" style=\"width:50%;width:calc(50% - ( ( 0% ) * 0.5 ) );margin-top:5%;margin-bottom:20px;\"><div class=\"fusion-column-wrapper fusion-flex-column-wrapper-legacy\" style=\"background-position:left top;background-repeat:no-repeat;-webkit-background-size:cover;-moz-background-size:cover;-o-background-size:cover;background-size:cover;padding: 5% 5% 5% 5%;\"><div class=\"fusion-text fusion-text-2\" style=\"transform:translate3d(0,0,0);\"><p style=\"text-align: center;\"><span style=\"color: #474747; font-size: 35px;\">LA PLACE<\/span><\/p>\n<p style=\"font-size: 16px; line-height: 25px; font-family: Helvetica; text-align: justify;\"><span style=\"color: #747474;\">La place est un espace interm\u00e9diaire entre la Ferme et la Masia, un lieu de rencontre \u00e0 partir duquel se connectent les diff\u00e9rents b\u00e2timents de Les Comes. Depuis la place, vous pourrez profiter de l&#8217;architecture environnante et sa surface plate et pav\u00e9e lui conf\u00e8re un charme intemporel.<\/span><\/p>\n<p><img decoding=\"async\" class=\"aligncenter size-full wp-image-16925\" src=\"https:\/\/www.lescomes.com\/wp-content\/uploads\/2025\/01\/espacio_eventos_reuniones_plaza_1.jpg\" alt=\"\" width=\"100%\" srcset=\"https:\/\/www.lescomes.com\/wp-content\/uploads\/2025\/01\/espacio_eventos_reuniones_plaza_1-200x58.jpg 200w, https:\/\/www.lescomes.com\/wp-content\/uploads\/2025\/01\/espacio_eventos_reuniones_plaza_1-300x87.jpg 300w, https:\/\/www.lescomes.com\/wp-content\/uploads\/2025\/01\/espacio_eventos_reuniones_plaza_1-400x116.jpg 400w, https:\/\/www.lescomes.com\/wp-content\/uploads\/2025\/01\/espacio_eventos_reuniones_plaza_1-600x174.jpg 600w, https:\/\/www.lescomes.com\/wp-content\/uploads\/2025\/01\/espacio_eventos_reuniones_plaza_1-768x222.jpg 768w, https:\/\/www.lescomes.com\/wp-content\/uploads\/2025\/01\/espacio_eventos_reuniones_plaza_1-800x231.jpg 800w, https:\/\/www.lescomes.com\/wp-content\/uploads\/2025\/01\/espacio_eventos_reuniones_plaza_1.jpg 1016w\" sizes=\"(max-width: 1016px) 100vw, 1016px\" \/><\/p>\n<\/div><div class=\"fusion-clearfix\"><\/div><\/div><\/div><\/div><\/div><div class=\"fusion-fullwidth fullwidth-box fusion-builder-row-3 hundred-percent-fullwidth non-hundred-percent-height-scrolling\" style=\"background-color: #ffffff;background-position: left top;background-repeat: no-repeat;padding-top:0px;padding-right:0%;padding-bottom:0px;padding-left:0%;margin-bottom: 0px;margin-top: 3%;border-width: 0px 0px 0px 0px;border-color:#eae9e9;border-style:solid;\" ><div class=\"fusion-builder-row fusion-row\"><div class=\"fusion-layout-column fusion_builder_column fusion-builder-column-3 fusion_builder_column_1_2 1_2 fusion-one-half fusion-column-first fusion-column-no-min-height\" style=\"width:50%;width:calc(50% - ( ( 0% ) * 0.5 ) );margin-right: 0%;margin-top:0px;margin-bottom:0px;\"><div class=\"fusion-column-wrapper fusion-flex-column-wrapper-legacy\" style=\"background-position:left top;background-repeat:no-repeat;-webkit-background-size:cover;-moz-background-size:cover;-o-background-size:cover;background-size:cover;padding: 5% 5% 5% 5%;\"><span class=\" fusion-imageframe imageframe-none imageframe-2 hover-type-none\"><img decoding=\"async\" width=\"1200\" height=\"901\" title=\"espacios_eventos_patio_del_pozo\" src=\"https:\/\/www.lescomes.com\/wp-content\/uploads\/2025\/01\/espacios_eventos_patio_del_pozo.jpg\" class=\"img-responsive wp-image-16984\" srcset=\"https:\/\/www.lescomes.com\/wp-content\/uploads\/2025\/01\/espacios_eventos_patio_del_pozo-200x150.jpg 200w, https:\/\/www.lescomes.com\/wp-content\/uploads\/2025\/01\/espacios_eventos_patio_del_pozo-400x300.jpg 400w, https:\/\/www.lescomes.com\/wp-content\/uploads\/2025\/01\/espacios_eventos_patio_del_pozo-600x451.jpg 600w, https:\/\/www.lescomes.com\/wp-content\/uploads\/2025\/01\/espacios_eventos_patio_del_pozo-800x601.jpg 800w, https:\/\/www.lescomes.com\/wp-content\/uploads\/2025\/01\/espacios_eventos_patio_del_pozo.jpg 1200w\" sizes=\"(max-width: 800px) 100vw, 1200px\" \/><\/span><div class=\"fusion-clearfix\"><\/div><\/div><\/div><div class=\"fusion-layout-column fusion_builder_column fusion-builder-column-4 fusion_builder_column_1_2 1_2 fusion-one-half fusion-column-last fusion-column-no-min-height\" style=\"width:50%;width:calc(50% - ( ( 0% ) * 0.5 ) );margin-top:5%;margin-bottom:20px;\"><div class=\"fusion-column-wrapper fusion-flex-column-wrapper-legacy\" style=\"background-position:left top;background-repeat:no-repeat;-webkit-background-size:cover;-moz-background-size:cover;-o-background-size:cover;background-size:cover;padding: 5% 5% 7% 5%;\"><div class=\"fusion-text fusion-text-3\" style=\"transform:translate3d(0,0,0);\"><p style=\"text-align: center;\"><span style=\"color: #474747; font-size: 30px;\">COUR DU PUITS<\/span><\/p>\n<p style=\"font-size: 16px; line-height: 25px; font-family: Helvetica; text-align: justify;\"><span style=\"color: #747474;\">Un espace \u00e0 ciel ouvert, de grande capacit\u00e9 et plein de charme. L&#8217;architecture et la pierre sont les \u00e9l\u00e9ments qui le transforment en un cadre unique, id\u00e9al pour les cocktails, banquets et concerts.\u00a0<\/span><\/p>\n<p><img decoding=\"async\" class=\"aligncenter size-full wp-image-16950\" src=\"https:\/\/www.lescomes.com\/wp-content\/uploads\/2025\/01\/espacio_eventos_reuniones_pati_del_pou.jpg\" alt=\"\" width=\"100%\" srcset=\"https:\/\/www.lescomes.com\/wp-content\/uploads\/2025\/01\/espacio_eventos_reuniones_pati_del_pou-200x46.jpg 200w, https:\/\/www.lescomes.com\/wp-content\/uploads\/2025\/01\/espacio_eventos_reuniones_pati_del_pou-300x69.jpg 300w, https:\/\/www.lescomes.com\/wp-content\/uploads\/2025\/01\/espacio_eventos_reuniones_pati_del_pou-400x92.jpg 400w, https:\/\/www.lescomes.com\/wp-content\/uploads\/2025\/01\/espacio_eventos_reuniones_pati_del_pou-600x137.jpg 600w, https:\/\/www.lescomes.com\/wp-content\/uploads\/2025\/01\/espacio_eventos_reuniones_pati_del_pou-768x176.jpg 768w, https:\/\/www.lescomes.com\/wp-content\/uploads\/2025\/01\/espacio_eventos_reuniones_pati_del_pou-800x183.jpg 800w, https:\/\/www.lescomes.com\/wp-content\/uploads\/2025\/01\/espacio_eventos_reuniones_pati_del_pou-1024x235.jpg 1024w, https:\/\/www.lescomes.com\/wp-content\/uploads\/2025\/01\/espacio_eventos_reuniones_pati_del_pou-1200x275.jpg 1200w, https:\/\/www.lescomes.com\/wp-content\/uploads\/2025\/01\/espacio_eventos_reuniones_pati_del_pou.jpg 1235w\" sizes=\"(max-width: 1235px) 100vw, 1235px\" \/><\/p>\n<\/div><div class=\"fusion-clearfix\"><\/div><\/div><\/div><\/div><\/div><div class=\"fusion-fullwidth fullwidth-box fusion-builder-row-4 hundred-percent-fullwidth non-hundred-percent-height-scrolling\" style=\"background-color: #ffffff;background-position: left top;background-repeat: no-repeat;padding-top:0px;padding-right:0%;padding-bottom:0px;padding-left:0%;margin-bottom: 0px;margin-top: 3%;border-width: 0px 0px 0px 0px;border-color:#eae9e9;border-style:solid;\" ><div class=\"fusion-builder-row fusion-row\"><div class=\"fusion-layout-column fusion_builder_column fusion-builder-column-5 fusion_builder_column_1_2 1_2 fusion-one-half fusion-column-first fusion-column-no-min-height\" style=\"width:50%;width:calc(50% - ( ( 0% ) * 0.5 ) );margin-right: 0%;margin-top:0px;margin-bottom:0px;\"><div class=\"fusion-column-wrapper fusion-flex-column-wrapper-legacy\" style=\"background-position:left top;background-repeat:no-repeat;-webkit-background-size:cover;-moz-background-size:cover;-o-background-size:cover;background-size:cover;padding: 5% 5% 5% 5%;\"><span class=\" fusion-imageframe imageframe-none imageframe-3 hover-type-none\"><img decoding=\"async\" width=\"1200\" height=\"901\" title=\"espacios_eventos_piscina\" src=\"https:\/\/www.lescomes.com\/wp-content\/uploads\/2025\/01\/espacios_eventos_piscina.jpg\" class=\"img-responsive wp-image-16988\" srcset=\"https:\/\/www.lescomes.com\/wp-content\/uploads\/2025\/01\/espacios_eventos_piscina-200x150.jpg 200w, https:\/\/www.lescomes.com\/wp-content\/uploads\/2025\/01\/espacios_eventos_piscina-400x300.jpg 400w, https:\/\/www.lescomes.com\/wp-content\/uploads\/2025\/01\/espacios_eventos_piscina-600x451.jpg 600w, https:\/\/www.lescomes.com\/wp-content\/uploads\/2025\/01\/espacios_eventos_piscina-800x601.jpg 800w, https:\/\/www.lescomes.com\/wp-content\/uploads\/2025\/01\/espacios_eventos_piscina.jpg 1200w\" sizes=\"(max-width: 800px) 100vw, 1200px\" \/><\/span><div class=\"fusion-clearfix\"><\/div><\/div><\/div><div class=\"fusion-layout-column fusion_builder_column fusion-builder-column-6 fusion_builder_column_1_2 1_2 fusion-one-half fusion-column-last fusion-column-no-min-height\" style=\"width:50%;width:calc(50% - ( ( 0% ) * 0.5 ) );margin-top:5%;margin-bottom:20px;\"><div class=\"fusion-column-wrapper fusion-flex-column-wrapper-legacy\" style=\"background-position:left top;background-repeat:no-repeat;-webkit-background-size:cover;-moz-background-size:cover;-o-background-size:cover;background-size:cover;padding: 5% 5% 5% 5%;\"><div class=\"fusion-text fusion-text-4\" style=\"transform:translate3d(0,0,0);\"><p style=\"text-align: center;\"><span style=\"color: #474747; font-size: 30px;\">LA PISCINE<\/span><\/p>\n<p style=\"font-size: 16px; line-height: 25px; font-family: Helvetica; text-align: justify;\"><span style=\"color: #747474;\">Un espace \u00e0 c\u00f4t\u00e9 de la cour du puits. Un cadre paysager qui se distingue par sa piscine \u00e0 service exclusif. Un lieu de d\u00e9tente et de loisirs, ou pour des repas ou des cocktails.<\/span><\/p>\n<p><img decoding=\"async\" class=\"aligncenter size-full wp-image-16959\" src=\"https:\/\/www.lescomes.com\/wp-content\/uploads\/2025\/01\/espacio_eventos_piscina.jpg\" alt=\"\" width=\"100%\" srcset=\"https:\/\/www.lescomes.com\/wp-content\/uploads\/2025\/01\/espacio_eventos_piscina-200x51.jpg 200w, https:\/\/www.lescomes.com\/wp-content\/uploads\/2025\/01\/espacio_eventos_piscina-300x76.jpg 300w, https:\/\/www.lescomes.com\/wp-content\/uploads\/2025\/01\/espacio_eventos_piscina-400x102.jpg 400w, https:\/\/www.lescomes.com\/wp-content\/uploads\/2025\/01\/espacio_eventos_piscina-600x153.jpg 600w, https:\/\/www.lescomes.com\/wp-content\/uploads\/2025\/01\/espacio_eventos_piscina-768x195.jpg 768w, https:\/\/www.lescomes.com\/wp-content\/uploads\/2025\/01\/espacio_eventos_piscina-800x203.jpg 800w, https:\/\/www.lescomes.com\/wp-content\/uploads\/2025\/01\/espacio_eventos_piscina.jpg 802w\" sizes=\"(max-width: 802px) 100vw, 802px\" \/><\/p>\n<\/div><div class=\"fusion-clearfix\"><\/div><\/div><\/div><\/div><\/div><div class=\"fusion-fullwidth fullwidth-box fusion-builder-row-5 hundred-percent-fullwidth non-hundred-percent-height-scrolling\" style=\"background-color: #ffffff;background-position: left top;background-repeat: no-repeat;padding-top:0px;padding-right:0%;padding-bottom:0px;padding-left:0%;margin-bottom: 0px;margin-top: 3%;border-width: 0px 0px 0px 0px;border-color:#eae9e9;border-style:solid;\" ><div class=\"fusion-builder-row fusion-row\"><div class=\"fusion-layout-column fusion_builder_column fusion-builder-column-7 fusion_builder_column_1_2 1_2 fusion-one-half fusion-column-first fusion-column-no-min-height\" style=\"width:50%;width:calc(50% - ( ( 0% ) * 0.5 ) );margin-right: 0%;margin-top:0px;margin-bottom:0px;\"><div class=\"fusion-column-wrapper fusion-flex-column-wrapper-legacy\" style=\"background-position:left top;background-repeat:no-repeat;-webkit-background-size:cover;-moz-background-size:cover;-o-background-size:cover;background-size:cover;padding: 5% 5% 5% 5%;\"><span class=\" fusion-imageframe imageframe-none imageframe-4 hover-type-none\"><img decoding=\"async\" width=\"1200\" height=\"901\" title=\"bbq\" src=\"https:\/\/www.lescomes.com\/wp-content\/uploads\/2025\/01\/bbq.jpg\" class=\"img-responsive wp-image-17499\" srcset=\"https:\/\/www.lescomes.com\/wp-content\/uploads\/2025\/01\/bbq-200x150.jpg 200w, https:\/\/www.lescomes.com\/wp-content\/uploads\/2025\/01\/bbq-400x300.jpg 400w, https:\/\/www.lescomes.com\/wp-content\/uploads\/2025\/01\/bbq-600x451.jpg 600w, https:\/\/www.lescomes.com\/wp-content\/uploads\/2025\/01\/bbq-800x601.jpg 800w, https:\/\/www.lescomes.com\/wp-content\/uploads\/2025\/01\/bbq.jpg 1200w\" sizes=\"(max-width: 800px) 100vw, 1200px\" \/><\/span><div class=\"fusion-clearfix\"><\/div><\/div><\/div><div class=\"fusion-layout-column fusion_builder_column fusion-builder-column-8 fusion_builder_column_1_2 1_2 fusion-one-half fusion-column-last fusion-column-no-min-height\" style=\"width:50%;width:calc(50% - ( ( 0% ) * 0.5 ) );margin-top:5%;margin-bottom:20px;\"><div class=\"fusion-column-wrapper fusion-flex-column-wrapper-legacy\" style=\"background-position:left top;background-repeat:no-repeat;-webkit-background-size:cover;-moz-background-size:cover;-o-background-size:cover;background-size:cover;padding: 5px 5% 7% 5%;\"><div class=\"fusion-text fusion-text-5\" style=\"transform:translate3d(0,0,0);\"><p style=\"text-align: center;\"><span style=\"color: #474747; font-size: 30px;\">ZONE BBQ<\/span><\/p>\n<p style=\"font-size: 16px; line-height: 25px; font-family: Helvetica; text-align: justify;\"><span style=\"color: #747474;\">Un espace id\u00e9al pour les barbecues et le show cooking. Avec un grand barbecue au milieu et entour\u00e9 d&#8217;un banc en pierre, cet espace est parfait pour les repas en plein air.<\/span><\/p>\n<p><img decoding=\"async\" class=\"aligncenter size-full wp-image-17044\" src=\"https:\/\/www.lescomes.com\/wp-content\/uploads\/2025\/01\/espacio_eventos_bbq-2.jpg\" alt=\"\" width=\"100%\" srcset=\"https:\/\/www.lescomes.com\/wp-content\/uploads\/2025\/01\/espacio_eventos_bbq-2-200x46.jpg 200w, https:\/\/www.lescomes.com\/wp-content\/uploads\/2025\/01\/espacio_eventos_bbq-2-300x69.jpg 300w, https:\/\/www.lescomes.com\/wp-content\/uploads\/2025\/01\/espacio_eventos_bbq-2-400x92.jpg 400w, https:\/\/www.lescomes.com\/wp-content\/uploads\/2025\/01\/espacio_eventos_bbq-2-600x138.jpg 600w, https:\/\/www.lescomes.com\/wp-content\/uploads\/2025\/01\/espacio_eventos_bbq-2-768x177.jpg 768w, https:\/\/www.lescomes.com\/wp-content\/uploads\/2025\/01\/espacio_eventos_bbq-2-800x184.jpg 800w, https:\/\/www.lescomes.com\/wp-content\/uploads\/2025\/01\/espacio_eventos_bbq-2-1024x236.jpg 1024w, https:\/\/www.lescomes.com\/wp-content\/uploads\/2025\/01\/espacio_eventos_bbq-2.jpg 1200w\" sizes=\"(max-width: 1200px) 100vw, 1200px\" \/><\/p>\n<\/div><div class=\"fusion-clearfix\"><\/div><\/div><\/div><\/div><\/div><div class=\"fusion-fullwidth fullwidth-box fusion-builder-row-6 hundred-percent-fullwidth non-hundred-percent-height-scrolling\" style=\"background-color: #ffffff;background-position: center center;background-repeat: no-repeat;padding-top:0px;padding-right:30px;padding-bottom:0px;padding-left:30px;margin-bottom: 0px;margin-top: 0px;border-width: 0px 0px 0px 0px;border-color:#eae9e9;border-style:solid;\" ><div class=\"fusion-builder-row fusion-row\"><div class=\"fusion-layout-column fusion_builder_column fusion-builder-column-9 fusion_builder_column_1_1 1_1 fusion-one-full fusion-column-first fusion-column-last fusion-column-no-min-height\" style=\"margin-top:0px;margin-bottom:0px;\"><div class=\"fusion-column-wrapper fusion-flex-column-wrapper-legacy\" style=\"background-position:left top;background-repeat:no-repeat;-webkit-background-size:cover;-moz-background-size:cover;-o-background-size:cover;background-size:cover;padding: 0px 0px 0px 0px;\"><div class=\"fusion-section-separator section-separator triangle fusion-section-separator-1\"><div class=\"fusion-section-separator-svg fusion-section-separator-fullwidth\" style=\"border-bottom:4px solid #ffffff;\"><div class=\"divider-candy-arrow bottom\" style=\"top:4px;border-top-color: #ffffff;\"><\/div><div class=\"divider-candy bottom\" style=\"bottom:-24px;border-bottom:1px solid #ffffff;border-left:1px solid #ffffff;\"><\/div><\/div><div class=\"fusion-section-separator-spacer fusion-section-separator-fullwidth\"><div class=\"fusion-section-separator-spacer-height\" style=\"height:4px;\"><\/div><\/div><\/div><div class=\"fusion-clearfix\"><\/div><\/div><\/div><\/div><style type=\"text\/css\">.fusion-fullwidth.fusion-builder-row-6 { overflow:visible; }<\/style><\/div><\/p>\n","protected":false},"excerpt":{"rendered":"","protected":false},"author":2,"featured_media":0,"parent":0,"menu_order":0,"comment_status":"closed","ping_status":"closed","template":"100-width.php","meta":{"footnotes":""},"class_list":["post-15704","page","type-page","status-publish","hentry"],"yoast_head":"<!-- This site is optimized with the Yoast SEO plugin v26.2 - https:\/\/yoast.com\/wordpress\/plugins\/seo\/ -->\n<title>Espaces ext\u00e9rieurs - Les Comes<\/title>\n<meta name=\"robots\" content=\"index, follow, max-snippet:-1, max-image-preview:large, max-video-preview:-1\" \/>\n<link rel=\"canonical\" href=\"https:\/\/www.lescomes.com\/index.php\/espaces-exterieurs\/?lang=fr\" \/>\n<meta property=\"og:locale\" content=\"es_ES\" \/>\n<meta property=\"og:type\" content=\"article\" \/>\n<meta property=\"og:title\" content=\"Espaces ext\u00e9rieurs - Les Comes\" \/>\n<meta property=\"og:url\" content=\"https:\/\/www.lescomes.com\/index.php\/espaces-exterieurs\/?lang=fr\" \/>\n<meta property=\"og:site_name\" content=\"Les Comes\" \/>\n<meta property=\"article:modified_time\" content=\"2025-02-04T10:07:32+00:00\" \/>\n<meta property=\"og:image\" content=\"https:\/\/www.lescomes.com\/wp-content\/uploads\/2025\/01\/espacio_eventos_reuniones_plaza_1.jpg\" \/>\n<meta name=\"twitter:card\" content=\"summary_large_image\" \/>\n<meta name=\"twitter:label1\" content=\"Tiempo de lectura\" \/>\n\t<meta name=\"twitter:data1\" content=\"10 minutos\" \/>\n<script type=\"application\/ld+json\" class=\"yoast-schema-graph\">{\"@context\":\"https:\/\/schema.org\",\"@graph\":[{\"@type\":\"WebPage\",\"@id\":\"https:\/\/www.lescomes.com\/index.php\/espaces-exterieurs\/?lang=fr\",\"url\":\"https:\/\/www.lescomes.com\/index.php\/espaces-exterieurs\/?lang=fr\",\"name\":\"Espaces ext\u00e9rieurs - Les Comes\",\"isPartOf\":{\"@id\":\"https:\/\/www.lescomes.com\/#website\"},\"primaryImageOfPage\":{\"@id\":\"https:\/\/www.lescomes.com\/index.php\/espaces-exterieurs\/?lang=fr#primaryimage\"},\"image\":{\"@id\":\"https:\/\/www.lescomes.com\/index.php\/espaces-exterieurs\/?lang=fr#primaryimage\"},\"thumbnailUrl\":\"https:\/\/www.lescomes.com\/wp-content\/uploads\/2025\/01\/espacio_eventos_reuniones_plaza_1.jpg\",\"datePublished\":\"2022-05-18T09:03:20+00:00\",\"dateModified\":\"2025-02-04T10:07:32+00:00\",\"breadcrumb\":{\"@id\":\"https:\/\/www.lescomes.com\/index.php\/espaces-exterieurs\/?lang=fr#breadcrumb\"},\"inLanguage\":\"es\",\"potentialAction\":[{\"@type\":\"ReadAction\",\"target\":[\"https:\/\/www.lescomes.com\/index.php\/espaces-exterieurs\/?lang=fr\"]}]},{\"@type\":\"ImageObject\",\"inLanguage\":\"es\",\"@id\":\"https:\/\/www.lescomes.com\/index.php\/espaces-exterieurs\/?lang=fr#primaryimage\",\"url\":\"https:\/\/www.lescomes.com\/wp-content\/uploads\/2025\/01\/espacio_eventos_reuniones_plaza_1.jpg\",\"contentUrl\":\"https:\/\/www.lescomes.com\/wp-content\/uploads\/2025\/01\/espacio_eventos_reuniones_plaza_1.jpg\",\"width\":1016,\"height\":294},{\"@type\":\"BreadcrumbList\",\"@id\":\"https:\/\/www.lescomes.com\/index.php\/espaces-exterieurs\/?lang=fr#breadcrumb\",\"itemListElement\":[{\"@type\":\"ListItem\",\"position\":1,\"name\":\"Portada\",\"item\":\"https:\/\/www.lescomes.com\/\"},{\"@type\":\"ListItem\",\"position\":2,\"name\":\"Espaces ext\u00e9rieurs\"}]},{\"@type\":\"WebSite\",\"@id\":\"https:\/\/www.lescomes.com\/#website\",\"url\":\"https:\/\/www.lescomes.com\/\",\"name\":\"Les Comes\",\"description\":\"El para\u00edso de los eventos off-road\",\"potentialAction\":[{\"@type\":\"SearchAction\",\"target\":{\"@type\":\"EntryPoint\",\"urlTemplate\":\"https:\/\/www.lescomes.com\/?s={search_term_string}\"},\"query-input\":{\"@type\":\"PropertyValueSpecification\",\"valueRequired\":true,\"valueName\":\"search_term_string\"}}],\"inLanguage\":\"es\"}]}<\/script>\n<!-- \/ Yoast SEO plugin. -->","yoast_head_json":{"title":"Espaces ext\u00e9rieurs - Les Comes","robots":{"index":"index","follow":"follow","max-snippet":"max-snippet:-1","max-image-preview":"max-image-preview:large","max-video-preview":"max-video-preview:-1"},"canonical":"https:\/\/www.lescomes.com\/index.php\/espaces-exterieurs\/?lang=fr","og_locale":"es_ES","og_type":"article","og_title":"Espaces ext\u00e9rieurs - Les Comes","og_url":"https:\/\/www.lescomes.com\/index.php\/espaces-exterieurs\/?lang=fr","og_site_name":"Les Comes","article_modified_time":"2025-02-04T10:07:32+00:00","og_image":[{"url":"https:\/\/www.lescomes.com\/wp-content\/uploads\/2025\/01\/espacio_eventos_reuniones_plaza_1.jpg","type":"","width":"","height":""}],"twitter_card":"summary_large_image","twitter_misc":{"Tiempo de lectura":"10 minutos"},"schema":{"@context":"https:\/\/schema.org","@graph":[{"@type":"WebPage","@id":"https:\/\/www.lescomes.com\/index.php\/espaces-exterieurs\/?lang=fr","url":"https:\/\/www.lescomes.com\/index.php\/espaces-exterieurs\/?lang=fr","name":"Espaces ext\u00e9rieurs - Les Comes","isPartOf":{"@id":"https:\/\/www.lescomes.com\/#website"},"primaryImageOfPage":{"@id":"https:\/\/www.lescomes.com\/index.php\/espaces-exterieurs\/?lang=fr#primaryimage"},"image":{"@id":"https:\/\/www.lescomes.com\/index.php\/espaces-exterieurs\/?lang=fr#primaryimage"},"thumbnailUrl":"https:\/\/www.lescomes.com\/wp-content\/uploads\/2025\/01\/espacio_eventos_reuniones_plaza_1.jpg","datePublished":"2022-05-18T09:03:20+00:00","dateModified":"2025-02-04T10:07:32+00:00","breadcrumb":{"@id":"https:\/\/www.lescomes.com\/index.php\/espaces-exterieurs\/?lang=fr#breadcrumb"},"inLanguage":"es","potentialAction":[{"@type":"ReadAction","target":["https:\/\/www.lescomes.com\/index.php\/espaces-exterieurs\/?lang=fr"]}]},{"@type":"ImageObject","inLanguage":"es","@id":"https:\/\/www.lescomes.com\/index.php\/espaces-exterieurs\/?lang=fr#primaryimage","url":"https:\/\/www.lescomes.com\/wp-content\/uploads\/2025\/01\/espacio_eventos_reuniones_plaza_1.jpg","contentUrl":"https:\/\/www.lescomes.com\/wp-content\/uploads\/2025\/01\/espacio_eventos_reuniones_plaza_1.jpg","width":1016,"height":294},{"@type":"BreadcrumbList","@id":"https:\/\/www.lescomes.com\/index.php\/espaces-exterieurs\/?lang=fr#breadcrumb","itemListElement":[{"@type":"ListItem","position":1,"name":"Portada","item":"https:\/\/www.lescomes.com\/"},{"@type":"ListItem","position":2,"name":"Espaces ext\u00e9rieurs"}]},{"@type":"WebSite","@id":"https:\/\/www.lescomes.com\/#website","url":"https:\/\/www.lescomes.com\/","name":"Les Comes","description":"El para\u00edso de los eventos off-road","potentialAction":[{"@type":"SearchAction","target":{"@type":"EntryPoint","urlTemplate":"https:\/\/www.lescomes.com\/?s={search_term_string}"},"query-input":{"@type":"PropertyValueSpecification","valueRequired":true,"valueName":"search_term_string"}}],"inLanguage":"es"}]}},"_links":{"self":[{"href":"https:\/\/www.lescomes.com\/index.php\/wp-json\/wp\/v2\/pages\/15704","targetHints":{"allow":["GET"]}}],"collection":[{"href":"https:\/\/www.lescomes.com\/index.php\/wp-json\/wp\/v2\/pages"}],"about":[{"href":"https:\/\/www.lescomes.com\/index.php\/wp-json\/wp\/v2\/types\/page"}],"author":[{"embeddable":true,"href":"https:\/\/www.lescomes.com\/index.php\/wp-json\/wp\/v2\/users\/2"}],"replies":[{"embeddable":true,"href":"https:\/\/www.lescomes.com\/index.php\/wp-json\/wp\/v2\/comments?post=15704"}],"version-history":[{"count":7,"href":"https:\/\/www.lescomes.com\/index.php\/wp-json\/wp\/v2\/pages\/15704\/revisions"}],"predecessor-version":[{"id":17638,"href":"https:\/\/www.lescomes.com\/index.php\/wp-json\/wp\/v2\/pages\/15704\/revisions\/17638"}],"wp:attachment":[{"href":"https:\/\/www.lescomes.com\/index.php\/wp-json\/wp\/v2\/media?parent=15704"}],"curies":[{"name":"wp","href":"https:\/\/api.w.org\/{rel}","templated":true}]}}