{"id":14022,"date":"2020-06-10T14:38:56","date_gmt":"2020-06-10T14:38:56","guid":{"rendered":"https:\/\/www.lescomes.com\/?page_id=14022"},"modified":"2022-05-18T11:19:03","modified_gmt":"2022-05-18T11:19:03","slug":"sport-racing","status":"publish","type":"page","link":"https:\/\/www.lescomes.com\/index.php\/sport-racing\/?lang=ca","title":{"rendered":"Sport Racing"},"content":{"rendered":"<p><div class=\"fusion-bg-parallax\" data-bg-align=\"left top\" data-direction=\"up\" data-mute=\"false\" data-opacity=\"100\" data-velocity=\"-0.4\" data-mobile-enabled=\"true\" data-break_parents=\"0\" data-bg-image=\"https:\/\/www.lescomes.com\/wp-content\/uploads\/2019\/01\/fons_home_les_comes_2020.jpg\" data-bg-repeat=\"true\" data-bg-color=\"#ffffff\" ><\/div><div class=\"fusion-fullwidth fullwidth-box fusion-builder-row-1 fusion-parallax-up hundred-percent-fullwidth non-hundred-percent-height-scrolling\" style=\"background-color: #ffffff;background-image: url(&quot;https:\/\/www.lescomes.com\/wp-content\/uploads\/2019\/01\/fons_home_les_comes_2020.jpg&quot;);background-position: left top;background-repeat: repeat;padding-top:0px;padding-right:30px;padding-bottom:0px;padding-left:30px;margin-bottom: 0px;margin-top: 0px;border-width: 0px 0px 0px 0px;border-color:#eae9e9;border-style:solid;\" ><div class=\"fusion-builder-row fusion-row\"><div class=\"fusion-layout-column fusion_builder_column fusion-builder-column-0 fusion_builder_column_1_1 1_1 fusion-one-full fusion-column-first fusion-column-last fusion-column-no-min-height\" style=\"margin-top:0px;margin-bottom:0px;\"><div class=\"fusion-column-wrapper fusion-flex-column-wrapper-legacy\" style=\"background-position:left top;background-repeat:no-repeat;-webkit-background-size:cover;-moz-background-size:cover;-o-background-size:cover;background-size:cover;padding: 35px 0px 0px 0px;\"><div class=\"fusion-text fusion-text-1\" style=\"transform:translate3d(0,0,0);\"><h2 style=\"text-align: center; font-size: 30px; line-height: 35px;\"><strong><span style=\"color: #ffffff;\">SPORT RACING TEST<\/span><\/strong><\/h2>\n<\/div><div class=\"fusion-clearfix\"><\/div><\/div><\/div><\/div><\/div><div class=\"fusion-fullwidth fullwidth-box fusion-builder-row-2 hundred-percent-fullwidth non-hundred-percent-height-scrolling\" style=\"background-color: #ffffff;background-position: left top;background-repeat: no-repeat;padding-top:0px;padding-right:0%;padding-bottom:0px;padding-left:0%;margin-bottom: 0px;margin-top: 0px;border-width: 0px 0px 0px 0px;border-color:#eae9e9;border-style:solid;\" ><div class=\"fusion-builder-row fusion-row\"><div class=\"fusion-layout-column fusion_builder_column fusion-builder-column-1 fusion_builder_column_1_2 1_2 fusion-one-half fusion-column-first fusion-column-no-min-height\" style=\"width:50%;width:calc(50% - ( ( 0% ) * 0.5 ) );margin-right: 0%;margin-top:0px;margin-bottom:0px;\"><div class=\"fusion-column-wrapper fusion-flex-column-wrapper-legacy\" style=\"background-position:left top;background-repeat:no-repeat;-webkit-background-size:cover;-moz-background-size:cover;-o-background-size:cover;background-size:cover;padding: 5% 5% 5% 5%;\"><span class=\" fusion-imageframe imageframe-none imageframe-1 hover-type-none\"><img decoding=\"async\" width=\"1920\" height=\"1080\" title=\"sport_racing_les_comes_2\" src=\"https:\/\/www.lescomes.com\/wp-content\/uploads\/2019\/06\/sport_racing_les_comes_2.jpg\" class=\"img-responsive wp-image-12502\" srcset=\"https:\/\/www.lescomes.com\/wp-content\/uploads\/2019\/06\/sport_racing_les_comes_2-200x113.jpg 200w, https:\/\/www.lescomes.com\/wp-content\/uploads\/2019\/06\/sport_racing_les_comes_2-400x225.jpg 400w, https:\/\/www.lescomes.com\/wp-content\/uploads\/2019\/06\/sport_racing_les_comes_2-600x338.jpg 600w, https:\/\/www.lescomes.com\/wp-content\/uploads\/2019\/06\/sport_racing_les_comes_2-800x450.jpg 800w, https:\/\/www.lescomes.com\/wp-content\/uploads\/2019\/06\/sport_racing_les_comes_2-1200x675.jpg 1200w, https:\/\/www.lescomes.com\/wp-content\/uploads\/2019\/06\/sport_racing_les_comes_2.jpg 1920w\" sizes=\"(max-width: 800px) 100vw, (max-width: 1919px) 1200px,(min-width: 1920px) 50vw\" \/><\/span><div class=\"fusion-clearfix\"><\/div><\/div><\/div><div class=\"fusion-layout-column fusion_builder_column fusion-builder-column-2 fusion_builder_column_1_2 1_2 fusion-one-half fusion-column-last fusion-column-no-min-height\" style=\"width:50%;width:calc(50% - ( ( 0% ) * 0.5 ) );margin-top:0%;margin-bottom:0%;\"><div class=\"fusion-column-wrapper fusion-flex-column-wrapper-legacy\" style=\"background-position:left top;background-repeat:no-repeat;-webkit-background-size:cover;-moz-background-size:cover;-o-background-size:cover;background-size:cover;padding: 5% 5% 5% 5%;\"><div class=\"fusion-text fusion-text-2\" style=\"transform:translate3d(0,0,0);\"><h2><strong>SPORT RACING<\/strong><\/h2>\n<p>Disposem dels millors espais per a presentacions d\u2019equips de competici\u00f3 tant est\u00e0tiques com din\u00e0miques, aix\u00ed com els millors circuits off-road de velocitat per a realitzar co-drive per a clients i patrocinadors.<\/p>\n<p>Les Comes posa a la disposici\u00f3 de totes les marques i empreses de competici\u00f3, una gran varietat de serveis a mesura. Enregistraments d\u2019anuncis, sessions de fotos, v\u00eddeos i imatges on-board\u2026<\/p>\n<p>Campions del m\u00f3n del World Ral\u00b7li Car i del Ral\u00b7li Dakar juntament amb algunes de les marques m\u00e9s importants del motor ja han confiat en nosaltres. Contacta amb l\u2019equip de Les Comes i descobreix tot el que podem oferir-te.<\/p>\n<\/div><div class=\"fusion-clearfix\"><\/div><\/div><\/div><\/div><\/div><div class=\"fusion-fullwidth fullwidth-box fusion-builder-row-3 nonhundred-percent-fullwidth non-hundred-percent-height-scrolling\" style=\"background-color: #ffffff;background-position: center center;background-repeat: no-repeat;padding-top:0px;padding-right:30px;padding-bottom:0px;padding-left:30px;margin-bottom: 2%;margin-top: 0px;border-width: 0px 0px 0px 0px;border-color:#eae9e9;border-style:solid;\" ><div class=\"fusion-builder-row fusion-row\"><div class=\"fusion-layout-column fusion_builder_column fusion-builder-column-3 fusion_builder_column_1_3 1_3 fusion-one-third fusion-column-first fusion-column-no-min-height\" style=\"width:30.6666%; margin-right: 4%;margin-top:0px;margin-bottom:0px;\"><div class=\"fusion-column-wrapper fusion-flex-column-wrapper-legacy\" style=\"background-position:left top;background-repeat:no-repeat;-webkit-background-size:cover;-moz-background-size:cover;-o-background-size:cover;background-size:cover;padding: 0px 0% 0px 0%;\"><div class=\"fusion-text fusion-text-3\" style=\"transform:translate3d(0,0,0);\"><p><img decoding=\"async\" class=\"aligncenter size-full wp-image-15180\" src=\"https:\/\/www.lescomes.com\/wp-content\/uploads\/2022\/05\/sport_racing_les_comes_8.jpg\" alt=\"Sport Racing\" width=\"95%\" srcset=\"https:\/\/www.lescomes.com\/wp-content\/uploads\/2022\/05\/sport_racing_les_comes_8-200x113.jpg 200w, https:\/\/www.lescomes.com\/wp-content\/uploads\/2022\/05\/sport_racing_les_comes_8-300x169.jpg 300w, https:\/\/www.lescomes.com\/wp-content\/uploads\/2022\/05\/sport_racing_les_comes_8-400x225.jpg 400w, https:\/\/www.lescomes.com\/wp-content\/uploads\/2022\/05\/sport_racing_les_comes_8-600x338.jpg 600w, https:\/\/www.lescomes.com\/wp-content\/uploads\/2022\/05\/sport_racing_les_comes_8-768x432.jpg 768w, https:\/\/www.lescomes.com\/wp-content\/uploads\/2022\/05\/sport_racing_les_comes_8-800x450.jpg 800w, https:\/\/www.lescomes.com\/wp-content\/uploads\/2022\/05\/sport_racing_les_comes_8-1024x576.jpg 1024w, https:\/\/www.lescomes.com\/wp-content\/uploads\/2022\/05\/sport_racing_les_comes_8-1200x675.jpg 1200w, https:\/\/www.lescomes.com\/wp-content\/uploads\/2022\/05\/sport_racing_les_comes_8-1536x864.jpg 1536w, https:\/\/www.lescomes.com\/wp-content\/uploads\/2022\/05\/sport_racing_les_comes_8.jpg 1920w\" sizes=\"(max-width: 1920px) 100vw, 1920px\" \/><\/p>\n<\/div><div class=\"fusion-clearfix\"><\/div><\/div><\/div><div class=\"fusion-layout-column fusion_builder_column fusion-builder-column-4 fusion_builder_column_1_3 1_3 fusion-one-third fusion-column-no-min-height\" style=\"width:30.6666%; margin-right: 4%;margin-top:0px;margin-bottom:0px;\"><div class=\"fusion-column-wrapper fusion-flex-column-wrapper-legacy\" style=\"background-position:left top;background-repeat:no-repeat;-webkit-background-size:cover;-moz-background-size:cover;-o-background-size:cover;background-size:cover;padding: 0px 0% 0px 0%;\"><div class=\"fusion-text fusion-text-4\" style=\"transform:translate3d(0,0,0);\"><p><img decoding=\"async\" class=\"aligncenter size-full wp-image-15176\" src=\"https:\/\/www.lescomes.com\/wp-content\/uploads\/2022\/05\/sport_racing_les_comes_7.jpg\" alt=\"Sport Racing\" width=\"95%\" srcset=\"https:\/\/www.lescomes.com\/wp-content\/uploads\/2022\/05\/sport_racing_les_comes_7-200x113.jpg 200w, https:\/\/www.lescomes.com\/wp-content\/uploads\/2022\/05\/sport_racing_les_comes_7-300x169.jpg 300w, https:\/\/www.lescomes.com\/wp-content\/uploads\/2022\/05\/sport_racing_les_comes_7-400x225.jpg 400w, https:\/\/www.lescomes.com\/wp-content\/uploads\/2022\/05\/sport_racing_les_comes_7-600x338.jpg 600w, https:\/\/www.lescomes.com\/wp-content\/uploads\/2022\/05\/sport_racing_les_comes_7-768x432.jpg 768w, https:\/\/www.lescomes.com\/wp-content\/uploads\/2022\/05\/sport_racing_les_comes_7-800x450.jpg 800w, https:\/\/www.lescomes.com\/wp-content\/uploads\/2022\/05\/sport_racing_les_comes_7-1024x576.jpg 1024w, https:\/\/www.lescomes.com\/wp-content\/uploads\/2022\/05\/sport_racing_les_comes_7-1200x675.jpg 1200w, https:\/\/www.lescomes.com\/wp-content\/uploads\/2022\/05\/sport_racing_les_comes_7-1536x864.jpg 1536w, https:\/\/www.lescomes.com\/wp-content\/uploads\/2022\/05\/sport_racing_les_comes_7.jpg 1920w\" sizes=\"(max-width: 1920px) 100vw, 1920px\" \/><\/p>\n<\/div><div class=\"fusion-clearfix\"><\/div><\/div><\/div><div class=\"fusion-layout-column fusion_builder_column fusion-builder-column-5 fusion_builder_column_1_3 1_3 fusion-one-third fusion-column-last fusion-column-no-min-height\" style=\"width:30.6666%;margin-top:0px;margin-bottom:0px;\"><div class=\"fusion-column-wrapper fusion-flex-column-wrapper-legacy\" style=\"background-position:left top;background-repeat:no-repeat;-webkit-background-size:cover;-moz-background-size:cover;-o-background-size:cover;background-size:cover;padding: 0px 0% 0px 0%;\"><div class=\"fusion-text fusion-text-5\" style=\"transform:translate3d(0,0,0);\"><p><img decoding=\"async\" class=\"aligncenter size-full wp-image-15172\" src=\"https:\/\/www.lescomes.com\/wp-content\/uploads\/2022\/05\/sport_racing_les_comes_4.jpg\" alt=\"Sport Racing\" width=\"95%\" srcset=\"https:\/\/www.lescomes.com\/wp-content\/uploads\/2022\/05\/sport_racing_les_comes_4-200x113.jpg 200w, https:\/\/www.lescomes.com\/wp-content\/uploads\/2022\/05\/sport_racing_les_comes_4-300x169.jpg 300w, https:\/\/www.lescomes.com\/wp-content\/uploads\/2022\/05\/sport_racing_les_comes_4-400x225.jpg 400w, https:\/\/www.lescomes.com\/wp-content\/uploads\/2022\/05\/sport_racing_les_comes_4-600x338.jpg 600w, https:\/\/www.lescomes.com\/wp-content\/uploads\/2022\/05\/sport_racing_les_comes_4-768x432.jpg 768w, https:\/\/www.lescomes.com\/wp-content\/uploads\/2022\/05\/sport_racing_les_comes_4-800x450.jpg 800w, https:\/\/www.lescomes.com\/wp-content\/uploads\/2022\/05\/sport_racing_les_comes_4-1024x576.jpg 1024w, https:\/\/www.lescomes.com\/wp-content\/uploads\/2022\/05\/sport_racing_les_comes_4-1200x675.jpg 1200w, https:\/\/www.lescomes.com\/wp-content\/uploads\/2022\/05\/sport_racing_les_comes_4-1536x864.jpg 1536w, https:\/\/www.lescomes.com\/wp-content\/uploads\/2022\/05\/sport_racing_les_comes_4.jpg 1920w\" sizes=\"(max-width: 1920px) 100vw, 1920px\" \/><\/p>\n<\/div><div class=\"fusion-clearfix\"><\/div><\/div><\/div><\/div><\/div><div class=\"fusion-fullwidth fullwidth-box fusion-builder-row-4 hundred-percent-fullwidth non-hundred-percent-height-scrolling\" style=\"background-color: #ffffff;background-position: center center;background-repeat: no-repeat;padding-top:0px;padding-right:30px;padding-bottom:0px;padding-left:30px;margin-bottom: 0px;margin-top: 0px;border-width: 0px 0px 0px 0px;border-color:#eae9e9;border-style:solid;\" ><div class=\"fusion-builder-row fusion-row\"><div class=\"fusion-layout-column fusion_builder_column fusion-builder-column-6 fusion_builder_column_1_1 1_1 fusion-one-full fusion-column-first fusion-column-last fusion-column-no-min-height\" style=\"margin-top:0px;margin-bottom:0px;\"><div class=\"fusion-column-wrapper fusion-flex-column-wrapper-legacy\" style=\"background-position:left top;background-repeat:no-repeat;-webkit-background-size:cover;-moz-background-size:cover;-o-background-size:cover;background-size:cover;padding: 0px 0px 0px 0px;\"><div class=\"fusion-section-separator section-separator triangle fusion-section-separator-1\"><div class=\"fusion-section-separator-svg fusion-section-separator-fullwidth\" style=\"border-bottom:4px solid #ffffff;\"><div class=\"divider-candy-arrow bottom\" style=\"top:4px;border-top-color: #ffffff;\"><\/div><div class=\"divider-candy bottom\" style=\"bottom:-24px;border-bottom:1px solid #ffffff;border-left:1px solid #ffffff;\"><\/div><\/div><div class=\"fusion-section-separator-spacer fusion-section-separator-fullwidth\"><div class=\"fusion-section-separator-spacer-height\" style=\"height:4px;\"><\/div><\/div><\/div><div class=\"fusion-clearfix\"><\/div><\/div><\/div><\/div><style type=\"text\/css\">.fusion-fullwidth.fusion-builder-row-4 { overflow:visible; }<\/style><\/div><div class=\"fusion-fullwidth fullwidth-box fusion-builder-row-5 fusion-parallax-none nonhundred-percent-fullwidth non-hundred-percent-height-scrolling\" style=\"background-color: #a50343;background-image: url(&quot;https:\/\/www.lescomes.com\/wp-content\/uploads\/2019\/01\/fons_home_les_comes_2020.jpg&quot;);background-position: left top;background-repeat: no-repeat;padding-top:55px;padding-right:30px;padding-bottom:40px;padding-left:30px;margin-bottom: 0px;margin-top: 0px;border-width: 0px 0px 0px 0px;border-color:rgba(234,233,233,0);border-style:solid;-webkit-background-size:cover;-moz-background-size:cover;-o-background-size:cover;background-size:cover;\" ><div class=\"fusion-builder-row fusion-row\"><div class=\"fusion-layout-column fusion_builder_column fusion-builder-column-7 fusion_builder_column_1_1 1_1 fusion-one-full fusion-column-first fusion-column-last fusion-column-no-min-height fusion-column-inner-bg-wrapper\" style=\"margin-top:0px;margin-bottom:0px;\"><div class=\"fusion-column-wrapper fusion-flex-column-wrapper-legacy\" style=\"padding: 0px 0px 0px 0px;\"><div class=\"fusion-text fusion-text-6\" style=\"transform:translate3d(0,0,0);\"><h2 style=\"text-align: center; font-size: 30px; line-height: 40px;\"><span style=\"color: #ffffff;\"><strong>DEMANA PRESSUPOST SENSE COMPROM\u00cdS<\/span><\/h2>\n<\/div><div class=\"imageframe-align-center\"><span class=\" fusion-imageframe imageframe-none imageframe-2 hover-type-none\"><a class=\"fusion-no-lightbox\" href=\"https:\/\/www.lescomes.com\/index.php\/contacta-amb-les-comes\/?lang=ca\" target=\"_self\" aria-label=\"contaca_les_comes_ca\"><img decoding=\"async\" width=\"600\" height=\"184\" alt=\"Contacta con Les Comes\" src=\"https:\/\/www.lescomes.com\/wp-content\/uploads\/2022\/05\/contaca_les_comes_ca.png\" class=\"img-responsive wp-image-15830\" srcset=\"https:\/\/www.lescomes.com\/wp-content\/uploads\/2022\/05\/contaca_les_comes_ca-200x61.png 200w, https:\/\/www.lescomes.com\/wp-content\/uploads\/2022\/05\/contaca_les_comes_ca-400x123.png 400w, https:\/\/www.lescomes.com\/wp-content\/uploads\/2022\/05\/contaca_les_comes_ca.png 600w\" sizes=\"(max-width: 800px) 100vw, 600px\" \/><\/a><\/span><\/div><div class=\"fusion-clearfix\"><\/div><\/div><span class=\"fusion-column-inner-bg hover-type-none\"><a href=\"\/index.php\/situacion\/\"><span class=\"fusion-column-inner-bg-image\" style=\"background-position:left top;background-repeat:no-repeat;-webkit-background-size:cover;-moz-background-size:cover;-o-background-size:cover;background-size:cover;\"><\/span><\/a><\/span><\/div><\/div><\/div><\/p>\n","protected":false},"excerpt":{"rendered":"","protected":false},"author":2,"featured_media":0,"parent":0,"menu_order":0,"comment_status":"closed","ping_status":"closed","template":"100-width.php","meta":{"footnotes":""},"class_list":["post-14022","page","type-page","status-publish","hentry"],"yoast_head":"<!-- This site is optimized with the Yoast SEO plugin v26.2 - https:\/\/yoast.com\/wordpress\/plugins\/seo\/ -->\n<title>Sport Racing - Les Comes<\/title>\n<meta name=\"robots\" content=\"index, follow, max-snippet:-1, max-image-preview:large, max-video-preview:-1\" \/>\n<link rel=\"canonical\" href=\"https:\/\/www.lescomes.com\/index.php\/sport-racing\/?lang=ca\" \/>\n<meta property=\"og:locale\" content=\"es_ES\" \/>\n<meta property=\"og:type\" content=\"article\" \/>\n<meta property=\"og:title\" content=\"Sport Racing - Les Comes\" \/>\n<meta property=\"og:url\" content=\"https:\/\/www.lescomes.com\/index.php\/sport-racing\/?lang=ca\" \/>\n<meta property=\"og:site_name\" content=\"Les Comes\" \/>\n<meta property=\"article:modified_time\" content=\"2022-05-18T11:19:03+00:00\" \/>\n<meta property=\"og:image\" content=\"https:\/\/www.lescomes.com\/wp-content\/uploads\/2022\/05\/sport_racing_les_comes_8.jpg\" \/>\n<meta name=\"twitter:card\" content=\"summary_large_image\" \/>\n<meta name=\"twitter:label1\" content=\"Tiempo de lectura\" \/>\n\t<meta name=\"twitter:data1\" content=\"12 minutos\" \/>\n<script type=\"application\/ld+json\" class=\"yoast-schema-graph\">{\"@context\":\"https:\/\/schema.org\",\"@graph\":[{\"@type\":\"WebPage\",\"@id\":\"https:\/\/www.lescomes.com\/index.php\/sport-racing\/?lang=ca\",\"url\":\"https:\/\/www.lescomes.com\/index.php\/sport-racing\/?lang=ca\",\"name\":\"Sport Racing - Les Comes\",\"isPartOf\":{\"@id\":\"https:\/\/www.lescomes.com\/#website\"},\"primaryImageOfPage\":{\"@id\":\"https:\/\/www.lescomes.com\/index.php\/sport-racing\/?lang=ca#primaryimage\"},\"image\":{\"@id\":\"https:\/\/www.lescomes.com\/index.php\/sport-racing\/?lang=ca#primaryimage\"},\"thumbnailUrl\":\"https:\/\/www.lescomes.com\/wp-content\/uploads\/2022\/05\/sport_racing_les_comes_8.jpg\",\"datePublished\":\"2020-06-10T14:38:56+00:00\",\"dateModified\":\"2022-05-18T11:19:03+00:00\",\"breadcrumb\":{\"@id\":\"https:\/\/www.lescomes.com\/index.php\/sport-racing\/?lang=ca#breadcrumb\"},\"inLanguage\":\"es\",\"potentialAction\":[{\"@type\":\"ReadAction\",\"target\":[\"https:\/\/www.lescomes.com\/index.php\/sport-racing\/?lang=ca\"]}]},{\"@type\":\"ImageObject\",\"inLanguage\":\"es\",\"@id\":\"https:\/\/www.lescomes.com\/index.php\/sport-racing\/?lang=ca#primaryimage\",\"url\":\"https:\/\/www.lescomes.com\/wp-content\/uploads\/2022\/05\/sport_racing_les_comes_8.jpg\",\"contentUrl\":\"https:\/\/www.lescomes.com\/wp-content\/uploads\/2022\/05\/sport_racing_les_comes_8.jpg\",\"width\":1920,\"height\":1080},{\"@type\":\"BreadcrumbList\",\"@id\":\"https:\/\/www.lescomes.com\/index.php\/sport-racing\/?lang=ca#breadcrumb\",\"itemListElement\":[{\"@type\":\"ListItem\",\"position\":1,\"name\":\"Portada\",\"item\":\"https:\/\/www.lescomes.com\/\"},{\"@type\":\"ListItem\",\"position\":2,\"name\":\"Sport Racing\"}]},{\"@type\":\"WebSite\",\"@id\":\"https:\/\/www.lescomes.com\/#website\",\"url\":\"https:\/\/www.lescomes.com\/\",\"name\":\"Les Comes\",\"description\":\"El para\u00edso de los eventos off-road\",\"potentialAction\":[{\"@type\":\"SearchAction\",\"target\":{\"@type\":\"EntryPoint\",\"urlTemplate\":\"https:\/\/www.lescomes.com\/?s={search_term_string}\"},\"query-input\":{\"@type\":\"PropertyValueSpecification\",\"valueRequired\":true,\"valueName\":\"search_term_string\"}}],\"inLanguage\":\"es\"}]}<\/script>\n<!-- \/ Yoast SEO plugin. -->","yoast_head_json":{"title":"Sport Racing - Les Comes","robots":{"index":"index","follow":"follow","max-snippet":"max-snippet:-1","max-image-preview":"max-image-preview:large","max-video-preview":"max-video-preview:-1"},"canonical":"https:\/\/www.lescomes.com\/index.php\/sport-racing\/?lang=ca","og_locale":"es_ES","og_type":"article","og_title":"Sport Racing - Les Comes","og_url":"https:\/\/www.lescomes.com\/index.php\/sport-racing\/?lang=ca","og_site_name":"Les Comes","article_modified_time":"2022-05-18T11:19:03+00:00","og_image":[{"url":"https:\/\/www.lescomes.com\/wp-content\/uploads\/2022\/05\/sport_racing_les_comes_8.jpg","type":"","width":"","height":""}],"twitter_card":"summary_large_image","twitter_misc":{"Tiempo de lectura":"12 minutos"},"schema":{"@context":"https:\/\/schema.org","@graph":[{"@type":"WebPage","@id":"https:\/\/www.lescomes.com\/index.php\/sport-racing\/?lang=ca","url":"https:\/\/www.lescomes.com\/index.php\/sport-racing\/?lang=ca","name":"Sport Racing - Les Comes","isPartOf":{"@id":"https:\/\/www.lescomes.com\/#website"},"primaryImageOfPage":{"@id":"https:\/\/www.lescomes.com\/index.php\/sport-racing\/?lang=ca#primaryimage"},"image":{"@id":"https:\/\/www.lescomes.com\/index.php\/sport-racing\/?lang=ca#primaryimage"},"thumbnailUrl":"https:\/\/www.lescomes.com\/wp-content\/uploads\/2022\/05\/sport_racing_les_comes_8.jpg","datePublished":"2020-06-10T14:38:56+00:00","dateModified":"2022-05-18T11:19:03+00:00","breadcrumb":{"@id":"https:\/\/www.lescomes.com\/index.php\/sport-racing\/?lang=ca#breadcrumb"},"inLanguage":"es","potentialAction":[{"@type":"ReadAction","target":["https:\/\/www.lescomes.com\/index.php\/sport-racing\/?lang=ca"]}]},{"@type":"ImageObject","inLanguage":"es","@id":"https:\/\/www.lescomes.com\/index.php\/sport-racing\/?lang=ca#primaryimage","url":"https:\/\/www.lescomes.com\/wp-content\/uploads\/2022\/05\/sport_racing_les_comes_8.jpg","contentUrl":"https:\/\/www.lescomes.com\/wp-content\/uploads\/2022\/05\/sport_racing_les_comes_8.jpg","width":1920,"height":1080},{"@type":"BreadcrumbList","@id":"https:\/\/www.lescomes.com\/index.php\/sport-racing\/?lang=ca#breadcrumb","itemListElement":[{"@type":"ListItem","position":1,"name":"Portada","item":"https:\/\/www.lescomes.com\/"},{"@type":"ListItem","position":2,"name":"Sport Racing"}]},{"@type":"WebSite","@id":"https:\/\/www.lescomes.com\/#website","url":"https:\/\/www.lescomes.com\/","name":"Les Comes","description":"El para\u00edso de los eventos off-road","potentialAction":[{"@type":"SearchAction","target":{"@type":"EntryPoint","urlTemplate":"https:\/\/www.lescomes.com\/?s={search_term_string}"},"query-input":{"@type":"PropertyValueSpecification","valueRequired":true,"valueName":"search_term_string"}}],"inLanguage":"es"}]}},"_links":{"self":[{"href":"https:\/\/www.lescomes.com\/index.php\/wp-json\/wp\/v2\/pages\/14022","targetHints":{"allow":["GET"]}}],"collection":[{"href":"https:\/\/www.lescomes.com\/index.php\/wp-json\/wp\/v2\/pages"}],"about":[{"href":"https:\/\/www.lescomes.com\/index.php\/wp-json\/wp\/v2\/types\/page"}],"author":[{"embeddable":true,"href":"https:\/\/www.lescomes.com\/index.php\/wp-json\/wp\/v2\/users\/2"}],"replies":[{"embeddable":true,"href":"https:\/\/www.lescomes.com\/index.php\/wp-json\/wp\/v2\/comments?post=14022"}],"version-history":[{"count":4,"href":"https:\/\/www.lescomes.com\/index.php\/wp-json\/wp\/v2\/pages\/14022\/revisions"}],"predecessor-version":[{"id":15845,"href":"https:\/\/www.lescomes.com\/index.php\/wp-json\/wp\/v2\/pages\/14022\/revisions\/15845"}],"wp:attachment":[{"href":"https:\/\/www.lescomes.com\/index.php\/wp-json\/wp\/v2\/media?parent=14022"}],"curies":[{"name":"wp","href":"https:\/\/api.w.org\/{rel}","templated":true}]}}