{"id":13946,"date":"2020-06-10T13:57:59","date_gmt":"2020-06-10T13:57:59","guid":{"rendered":"https:\/\/www.lescomes.com\/?page_id=13946"},"modified":"2025-02-04T09:17:38","modified_gmt":"2025-02-04T09:17:38","slug":"circuits-de-proves-i-test","status":"publish","type":"page","link":"https:\/\/www.lescomes.com\/index.php\/circuits-de-proves-i-test\/?lang=ca","title":{"rendered":"CIRCUITS DE PROVES I TEST"},"content":{"rendered":"<p><div class=\"fusion-fullwidth fullwidth-box fusion-builder-row-1 hundred-percent-fullwidth non-hundred-percent-height-scrolling\" style=\"background-color: #000000;background-position: left top;background-repeat: repeat;padding-top:0px;padding-right:30px;padding-bottom:0px;padding-left:30px;margin-bottom: 0px;margin-top: 0px;border-width: 0px 0px 0px 0px;border-color:#eae9e9;border-style:solid;\" ><div class=\"fusion-builder-row fusion-row\"><div class=\"fusion-layout-column fusion_builder_column fusion-builder-column-0 fusion_builder_column_1_1 1_1 fusion-one-full fusion-column-first fusion-column-last fusion-column-no-min-height\" style=\"margin-top:0px;margin-bottom:0px;\"><div class=\"fusion-column-wrapper fusion-flex-column-wrapper-legacy\" style=\"background-position:left top;background-repeat:no-repeat;-webkit-background-size:cover;-moz-background-size:cover;-o-background-size:cover;background-size:cover;padding: 35px 0px 0px 0px;\"><div class=\"fusion-text fusion-text-1\" style=\"transform:translate3d(0,0,0);\"><h2 style=\"text-align: center; font-size: 30px; line-height: 35px;\"><strong><span style=\"color: #ffffff;\">ENGINYERIA<\/span><\/strong><\/h2>\n<\/div><div class=\"fusion-clearfix\"><\/div><\/div><\/div><\/div><\/div><div class=\"fusion-fullwidth fullwidth-box fusion-builder-row-2 hundred-percent-fullwidth non-hundred-percent-height-scrolling\" style=\"background-color: #ffffff;background-position: left top;background-repeat: no-repeat;padding-top:0px;padding-right:0%;padding-bottom:0px;padding-left:0%;margin-bottom: 0%;margin-top: 0%;border-width: 0px 0px 0px 0px;border-color:#eae9e9;border-style:solid;\" ><div class=\"fusion-builder-row fusion-row\"><div class=\"fusion-layout-column fusion_builder_column fusion-builder-column-1 fusion_builder_column_1_2 1_2 fusion-one-half fusion-column-first fusion-column-no-min-height\" style=\"width:50%;width:calc(50% - ( ( 0% ) * 0.5 ) );margin-right: 0%;margin-top:0px;margin-bottom:0px;\"><div class=\"fusion-column-wrapper fusion-flex-column-wrapper-legacy\" style=\"background-position:left top;background-repeat:no-repeat;-webkit-background-size:cover;-moz-background-size:cover;-o-background-size:cover;background-size:cover;padding: 5% 5% 5% 5%;\"><span class=\" fusion-imageframe imageframe-none imageframe-1 hover-type-none\"><img decoding=\"async\" width=\"1200\" height=\"901\" title=\"test_corvus\" src=\"https:\/\/www.lescomes.com\/wp-content\/uploads\/2025\/01\/test_corvus.jpg\" class=\"img-responsive wp-image-17521\" srcset=\"https:\/\/www.lescomes.com\/wp-content\/uploads\/2025\/01\/test_corvus-200x150.jpg 200w, https:\/\/www.lescomes.com\/wp-content\/uploads\/2025\/01\/test_corvus-400x300.jpg 400w, https:\/\/www.lescomes.com\/wp-content\/uploads\/2025\/01\/test_corvus-600x451.jpg 600w, https:\/\/www.lescomes.com\/wp-content\/uploads\/2025\/01\/test_corvus-800x601.jpg 800w, https:\/\/www.lescomes.com\/wp-content\/uploads\/2025\/01\/test_corvus.jpg 1200w\" sizes=\"(max-width: 800px) 100vw, 1200px\" \/><\/span><div class=\"fusion-clearfix\"><\/div><\/div><\/div><div class=\"fusion-layout-column fusion_builder_column fusion-builder-column-2 fusion_builder_column_1_2 1_2 fusion-one-half fusion-column-last fusion-column-no-min-height\" style=\"width:50%;width:calc(50% - ( ( 0% ) * 0.5 ) );margin-top:2%;margin-bottom:0px;\"><div class=\"fusion-column-wrapper fusion-flex-column-wrapper-legacy\" style=\"background-position:left top;background-repeat:no-repeat;-webkit-background-size:cover;-moz-background-size:cover;-o-background-size:cover;background-size:cover;padding: 5% 5% 5% 5%;\"><div class=\"fusion-text fusion-text-2\" style=\"transform:translate3d(0,0,0);\"><h2 style=\"text-align: center;\">TEST, ASSAJOS I PROVES D&#8217;ENGINYERIA<\/h2>\n<p>A m\u00e9s de disposar de m\u00e9s de 70km de pistes de variada orografia, disposem d&#8217;una Nave-Taller, equipada amb elevador, compressor, rentat a pressi\u00f3, tancs de combustible, oficines, banys i tot all\u00f2 necessari per a la major comoditat dels enginyers.<\/p>\n<p>La instal\u00b7laci\u00f3 el\u00e8ctrica, amb connectors trif\u00e0sics CCE i d\u00fas dom\u00e8stic, permeten c\u00e0rregues a una tensi\u00f3 de 400v i fins a 32kW de pot\u00e8ncia.<\/p>\n<p>Les c\u00e0meres de seguretat i la vigil\u00e0ncia les 24 hores permeten fer proves amb prototips o vehicles de preproducci\u00f3 amb total tranquil\u00b7litat.<\/p>\n<p>Hem estat el terreny de prova de tota mena de vehicles, tant models de s\u00e8rie com de competici\u00f3, de Ral\u00b7li Raid, SUV&#8217;s Urbans amb pretensions Off-Road, motocicletes\u2026<\/p>\n<p>Els circuits de Les Comes s\u00f3n ideals per a tests de fatiga, demostracions, desenvolupament de producte, proves de preproducci\u00f3, ajustaments mec\u00e0nics i tota mena d&#8217;activitats que requereixin un tra\u00e7at personalitzat que s&#8217;adapti al vehicle del client.<\/p>\n<\/div><div class=\"fusion-clearfix\"><\/div><\/div><\/div><\/div><\/div><div class=\"fusion-fullwidth fullwidth-box fusion-builder-row-3 fusion-flex-container nonhundred-percent-fullwidth non-hundred-percent-height-scrolling\" style=\"background-color: #ffffff;background-position: center center;background-repeat: no-repeat;border-width: 0px 0px 0px 0px;border-color:#eae9e9;border-style:solid;\" ><div class=\"fusion-builder-row fusion-row fusion-flex-align-items-flex-start\" style=\"max-width:104%;margin-left: calc(-4% \/ 2 );margin-right: calc(-4% \/ 2 );\"><div class=\"fusion-layout-column fusion_builder_column fusion-builder-column-3 fusion_builder_column_1_3 1_3 fusion-flex-column\"><div class=\"fusion-column-wrapper fusion-flex-justify-content-flex-start fusion-content-layout-column\" style=\"background-position:left top;background-repeat:no-repeat;-webkit-background-size:cover;-moz-background-size:cover;-o-background-size:cover;background-size:cover;padding: 0px 0px 0px 0px;\"><div class=\"fusion-text fusion-text-3\" style=\"transform:translate3d(0,0,0);\"><p><img decoding=\"async\" class=\"aligncenter size-full wp-image-17359\" src=\"https:\/\/www.lescomes.com\/wp-content\/uploads\/2025\/01\/cruce_de_puentes.jpg\" alt=\"Cruce de puntes\" width=\"100%\" srcset=\"https:\/\/www.lescomes.com\/wp-content\/uploads\/2025\/01\/cruce_de_puentes-200x133.jpg 200w, https:\/\/www.lescomes.com\/wp-content\/uploads\/2025\/01\/cruce_de_puentes-300x200.jpg 300w, https:\/\/www.lescomes.com\/wp-content\/uploads\/2025\/01\/cruce_de_puentes-400x267.jpg 400w, https:\/\/www.lescomes.com\/wp-content\/uploads\/2025\/01\/cruce_de_puentes-600x400.jpg 600w, https:\/\/www.lescomes.com\/wp-content\/uploads\/2025\/01\/cruce_de_puentes-768x512.jpg 768w, https:\/\/www.lescomes.com\/wp-content\/uploads\/2025\/01\/cruce_de_puentes-800x533.jpg 800w, https:\/\/www.lescomes.com\/wp-content\/uploads\/2025\/01\/cruce_de_puentes-1024x683.jpg 1024w, https:\/\/www.lescomes.com\/wp-content\/uploads\/2025\/01\/cruce_de_puentes.jpg 1200w\" sizes=\"(max-width: 1200px) 100vw, 1200px\" \/><\/p>\n<\/div><\/div><\/div><style type=\"text\/css\">.fusion-body .fusion-builder-column-3{width:33.333333333333% !important;margin-top : 0px;margin-bottom : 20px;}.fusion-builder-column-3 > .fusion-column-wrapper {padding-top : 0px !important;padding-right : 0px !important;margin-right : 5.76%;padding-bottom : 0px !important;padding-left : 0px !important;margin-left : 5.76%;}@media only screen and (max-width:1024px) {.fusion-body .fusion-builder-column-3{width:100% !important;order : 0;}.fusion-builder-column-3 > .fusion-column-wrapper {margin-right : 1.92%;margin-left : 1.92%;}}@media only screen and (max-width:640px) {.fusion-body .fusion-builder-column-3{width:100% !important;order : 0;}.fusion-builder-column-3 > .fusion-column-wrapper {margin-right : 1.92%;margin-left : 1.92%;}}<\/style><div class=\"fusion-layout-column fusion_builder_column fusion-builder-column-4 fusion_builder_column_1_3 1_3 fusion-flex-column\"><div class=\"fusion-column-wrapper fusion-flex-justify-content-flex-start fusion-content-layout-column\" style=\"background-position:left top;background-repeat:no-repeat;-webkit-background-size:cover;-moz-background-size:cover;-o-background-size:cover;background-size:cover;padding: 0px 0px 0px 0px;\"><div class=\"fusion-text fusion-text-4\" style=\"transform:translate3d(0,0,0);\"><p><img decoding=\"async\" class=\"aligncenter size-full wp-image-17363\" src=\"https:\/\/www.lescomes.com\/wp-content\/uploads\/2025\/01\/taller.jpg\" alt=\"\" width=\"100%\" srcset=\"https:\/\/www.lescomes.com\/wp-content\/uploads\/2025\/01\/taller-200x133.jpg 200w, https:\/\/www.lescomes.com\/wp-content\/uploads\/2025\/01\/taller-300x200.jpg 300w, https:\/\/www.lescomes.com\/wp-content\/uploads\/2025\/01\/taller-400x267.jpg 400w, https:\/\/www.lescomes.com\/wp-content\/uploads\/2025\/01\/taller-600x400.jpg 600w, https:\/\/www.lescomes.com\/wp-content\/uploads\/2025\/01\/taller-768x512.jpg 768w, https:\/\/www.lescomes.com\/wp-content\/uploads\/2025\/01\/taller-800x533.jpg 800w, https:\/\/www.lescomes.com\/wp-content\/uploads\/2025\/01\/taller-1024x683.jpg 1024w, https:\/\/www.lescomes.com\/wp-content\/uploads\/2025\/01\/taller.jpg 1200w\" sizes=\"(max-width: 1200px) 100vw, 1200px\" \/><\/p>\n<\/div><\/div><\/div><style type=\"text\/css\">.fusion-body .fusion-builder-column-4{width:33.333333333333% !important;margin-top : 0px;margin-bottom : 20px;}.fusion-builder-column-4 > .fusion-column-wrapper {padding-top : 0px !important;padding-right : 0px !important;margin-right : 5.76%;padding-bottom : 0px !important;padding-left : 0px !important;margin-left : 5.76%;}@media only screen and (max-width:1024px) {.fusion-body .fusion-builder-column-4{width:100% !important;order : 0;}.fusion-builder-column-4 > .fusion-column-wrapper {margin-right : 1.92%;margin-left : 1.92%;}}@media only screen and (max-width:640px) {.fusion-body .fusion-builder-column-4{width:100% !important;order : 0;}.fusion-builder-column-4 > .fusion-column-wrapper {margin-right : 1.92%;margin-left : 1.92%;}}<\/style><div class=\"fusion-layout-column fusion_builder_column fusion-builder-column-5 fusion_builder_column_1_3 1_3 fusion-flex-column\"><div class=\"fusion-column-wrapper fusion-flex-justify-content-flex-start fusion-content-layout-column\" style=\"background-position:left top;background-repeat:no-repeat;-webkit-background-size:cover;-moz-background-size:cover;-o-background-size:cover;background-size:cover;padding: 0px 0px 0px 0px;\"><div class=\"fusion-text fusion-text-5\" style=\"transform:translate3d(0,0,0);\"><p><img decoding=\"async\" class=\"aligncenter size-full wp-image-17368\" src=\"https:\/\/www.lescomes.com\/wp-content\/uploads\/2025\/01\/zona_de_lavado.jpg\" alt=\"Zona de lavado\" width=\"100%\" srcset=\"https:\/\/www.lescomes.com\/wp-content\/uploads\/2025\/01\/zona_de_lavado-200x133.jpg 200w, https:\/\/www.lescomes.com\/wp-content\/uploads\/2025\/01\/zona_de_lavado-300x200.jpg 300w, https:\/\/www.lescomes.com\/wp-content\/uploads\/2025\/01\/zona_de_lavado-400x267.jpg 400w, https:\/\/www.lescomes.com\/wp-content\/uploads\/2025\/01\/zona_de_lavado-600x400.jpg 600w, https:\/\/www.lescomes.com\/wp-content\/uploads\/2025\/01\/zona_de_lavado-768x512.jpg 768w, https:\/\/www.lescomes.com\/wp-content\/uploads\/2025\/01\/zona_de_lavado-800x533.jpg 800w, https:\/\/www.lescomes.com\/wp-content\/uploads\/2025\/01\/zona_de_lavado-1024x683.jpg 1024w, https:\/\/www.lescomes.com\/wp-content\/uploads\/2025\/01\/zona_de_lavado.jpg 1200w\" sizes=\"(max-width: 1200px) 100vw, 1200px\" \/><\/p>\n<\/div><\/div><\/div><style type=\"text\/css\">.fusion-body .fusion-builder-column-5{width:33.333333333333% !important;margin-top : 0px;margin-bottom : 20px;}.fusion-builder-column-5 > .fusion-column-wrapper {padding-top : 0px !important;padding-right : 0px !important;margin-right : 5.76%;padding-bottom : 0px !important;padding-left : 0px !important;margin-left : 5.76%;}@media only screen and (max-width:1024px) {.fusion-body .fusion-builder-column-5{width:100% !important;order : 0;}.fusion-builder-column-5 > .fusion-column-wrapper {margin-right : 1.92%;margin-left : 1.92%;}}@media only screen and (max-width:640px) {.fusion-body .fusion-builder-column-5{width:100% !important;order : 0;}.fusion-builder-column-5 > .fusion-column-wrapper {margin-right : 1.92%;margin-left : 1.92%;}}<\/style><\/div><style type=\"text\/css\">.fusion-body .fusion-flex-container.fusion-builder-row-3{ padding-top : 0px;margin-top : 0px;padding-right : 30px;padding-bottom : 0px;margin-bottom : 0px;padding-left : 30px;}<\/style><\/div><div class=\"fusion-fullwidth fullwidth-box fusion-builder-row-4 hundred-percent-fullwidth non-hundred-percent-height-scrolling\" style=\"background-color: #ffffff;background-position: center center;background-repeat: no-repeat;padding-top:0px;padding-right:30px;padding-bottom:0px;padding-left:30px;margin-bottom: 0px;margin-top: 0px;border-width: 0px 0px 0px 0px;border-color:#eae9e9;border-style:solid;\" ><div class=\"fusion-builder-row fusion-row\"><div class=\"fusion-layout-column fusion_builder_column fusion-builder-column-6 fusion_builder_column_1_1 1_1 fusion-one-full fusion-column-first fusion-column-last fusion-column-no-min-height\" style=\"margin-top:0px;margin-bottom:0px;\"><div class=\"fusion-column-wrapper fusion-flex-column-wrapper-legacy\" style=\"background-position:left top;background-repeat:no-repeat;-webkit-background-size:cover;-moz-background-size:cover;-o-background-size:cover;background-size:cover;padding: 0px 0px 0px 0px;\"><div class=\"fusion-section-separator section-separator triangle fusion-section-separator-1\"><div class=\"fusion-section-separator-svg fusion-section-separator-fullwidth\" style=\"border-bottom:4px solid #ffffff;\"><div class=\"divider-candy-arrow bottom\" style=\"top:4px;border-top-color: #ffffff;\"><\/div><div class=\"divider-candy bottom\" style=\"bottom:-24px;border-bottom:1px solid #ffffff;border-left:1px solid #ffffff;\"><\/div><\/div><div class=\"fusion-section-separator-spacer fusion-section-separator-fullwidth\"><div class=\"fusion-section-separator-spacer-height\" style=\"height:4px;\"><\/div><\/div><\/div><div class=\"fusion-clearfix\"><\/div><\/div><\/div><\/div><style type=\"text\/css\">.fusion-fullwidth.fusion-builder-row-4 { overflow:visible; }<\/style><\/div><\/p>\n","protected":false},"excerpt":{"rendered":"","protected":false},"author":2,"featured_media":0,"parent":0,"menu_order":0,"comment_status":"closed","ping_status":"closed","template":"100-width.php","meta":{"footnotes":""},"class_list":["post-13946","page","type-page","status-publish","hentry"],"yoast_head":"<!-- This site is optimized with the Yoast SEO plugin v26.2 - https:\/\/yoast.com\/wordpress\/plugins\/seo\/ -->\n<title>CIRCUITS DE PROVES I TEST - Les Comes<\/title>\n<meta name=\"robots\" content=\"index, follow, max-snippet:-1, max-image-preview:large, max-video-preview:-1\" \/>\n<link rel=\"canonical\" href=\"https:\/\/www.lescomes.com\/index.php\/circuits-de-proves-i-test\/?lang=ca\" \/>\n<meta property=\"og:locale\" content=\"es_ES\" \/>\n<meta property=\"og:type\" content=\"article\" \/>\n<meta property=\"og:title\" content=\"CIRCUITS DE PROVES I TEST - Les Comes\" \/>\n<meta property=\"og:url\" content=\"https:\/\/www.lescomes.com\/index.php\/circuits-de-proves-i-test\/?lang=ca\" \/>\n<meta property=\"og:site_name\" content=\"Les Comes\" \/>\n<meta property=\"article:modified_time\" content=\"2025-02-04T09:17:38+00:00\" \/>\n<meta property=\"og:image\" content=\"https:\/\/www.lescomes.com\/wp-content\/uploads\/2025\/01\/cruce_de_puentes.jpg\" \/>\n<meta name=\"twitter:card\" content=\"summary_large_image\" \/>\n<meta name=\"twitter:label1\" content=\"Tiempo de lectura\" \/>\n\t<meta name=\"twitter:data1\" content=\"6 minutos\" \/>\n<script type=\"application\/ld+json\" class=\"yoast-schema-graph\">{\"@context\":\"https:\/\/schema.org\",\"@graph\":[{\"@type\":\"WebPage\",\"@id\":\"https:\/\/www.lescomes.com\/index.php\/circuits-de-proves-i-test\/?lang=ca\",\"url\":\"https:\/\/www.lescomes.com\/index.php\/circuits-de-proves-i-test\/?lang=ca\",\"name\":\"CIRCUITS DE PROVES I TEST - Les Comes\",\"isPartOf\":{\"@id\":\"https:\/\/www.lescomes.com\/#website\"},\"primaryImageOfPage\":{\"@id\":\"https:\/\/www.lescomes.com\/index.php\/circuits-de-proves-i-test\/?lang=ca#primaryimage\"},\"image\":{\"@id\":\"https:\/\/www.lescomes.com\/index.php\/circuits-de-proves-i-test\/?lang=ca#primaryimage\"},\"thumbnailUrl\":\"https:\/\/www.lescomes.com\/wp-content\/uploads\/2025\/01\/cruce_de_puentes.jpg\",\"datePublished\":\"2020-06-10T13:57:59+00:00\",\"dateModified\":\"2025-02-04T09:17:38+00:00\",\"breadcrumb\":{\"@id\":\"https:\/\/www.lescomes.com\/index.php\/circuits-de-proves-i-test\/?lang=ca#breadcrumb\"},\"inLanguage\":\"es\",\"potentialAction\":[{\"@type\":\"ReadAction\",\"target\":[\"https:\/\/www.lescomes.com\/index.php\/circuits-de-proves-i-test\/?lang=ca\"]}]},{\"@type\":\"ImageObject\",\"inLanguage\":\"es\",\"@id\":\"https:\/\/www.lescomes.com\/index.php\/circuits-de-proves-i-test\/?lang=ca#primaryimage\",\"url\":\"https:\/\/www.lescomes.com\/wp-content\/uploads\/2025\/01\/cruce_de_puentes.jpg\",\"contentUrl\":\"https:\/\/www.lescomes.com\/wp-content\/uploads\/2025\/01\/cruce_de_puentes.jpg\",\"width\":1200,\"height\":800},{\"@type\":\"BreadcrumbList\",\"@id\":\"https:\/\/www.lescomes.com\/index.php\/circuits-de-proves-i-test\/?lang=ca#breadcrumb\",\"itemListElement\":[{\"@type\":\"ListItem\",\"position\":1,\"name\":\"Portada\",\"item\":\"https:\/\/www.lescomes.com\/\"},{\"@type\":\"ListItem\",\"position\":2,\"name\":\"CIRCUITS DE PROVES I TEST\"}]},{\"@type\":\"WebSite\",\"@id\":\"https:\/\/www.lescomes.com\/#website\",\"url\":\"https:\/\/www.lescomes.com\/\",\"name\":\"Les Comes\",\"description\":\"El para\u00edso de los eventos off-road\",\"potentialAction\":[{\"@type\":\"SearchAction\",\"target\":{\"@type\":\"EntryPoint\",\"urlTemplate\":\"https:\/\/www.lescomes.com\/?s={search_term_string}\"},\"query-input\":{\"@type\":\"PropertyValueSpecification\",\"valueRequired\":true,\"valueName\":\"search_term_string\"}}],\"inLanguage\":\"es\"}]}<\/script>\n<!-- \/ Yoast SEO plugin. -->","yoast_head_json":{"title":"CIRCUITS DE PROVES I TEST - Les Comes","robots":{"index":"index","follow":"follow","max-snippet":"max-snippet:-1","max-image-preview":"max-image-preview:large","max-video-preview":"max-video-preview:-1"},"canonical":"https:\/\/www.lescomes.com\/index.php\/circuits-de-proves-i-test\/?lang=ca","og_locale":"es_ES","og_type":"article","og_title":"CIRCUITS DE PROVES I TEST - Les Comes","og_url":"https:\/\/www.lescomes.com\/index.php\/circuits-de-proves-i-test\/?lang=ca","og_site_name":"Les Comes","article_modified_time":"2025-02-04T09:17:38+00:00","og_image":[{"url":"https:\/\/www.lescomes.com\/wp-content\/uploads\/2025\/01\/cruce_de_puentes.jpg","type":"","width":"","height":""}],"twitter_card":"summary_large_image","twitter_misc":{"Tiempo de lectura":"6 minutos"},"schema":{"@context":"https:\/\/schema.org","@graph":[{"@type":"WebPage","@id":"https:\/\/www.lescomes.com\/index.php\/circuits-de-proves-i-test\/?lang=ca","url":"https:\/\/www.lescomes.com\/index.php\/circuits-de-proves-i-test\/?lang=ca","name":"CIRCUITS DE PROVES I TEST - Les Comes","isPartOf":{"@id":"https:\/\/www.lescomes.com\/#website"},"primaryImageOfPage":{"@id":"https:\/\/www.lescomes.com\/index.php\/circuits-de-proves-i-test\/?lang=ca#primaryimage"},"image":{"@id":"https:\/\/www.lescomes.com\/index.php\/circuits-de-proves-i-test\/?lang=ca#primaryimage"},"thumbnailUrl":"https:\/\/www.lescomes.com\/wp-content\/uploads\/2025\/01\/cruce_de_puentes.jpg","datePublished":"2020-06-10T13:57:59+00:00","dateModified":"2025-02-04T09:17:38+00:00","breadcrumb":{"@id":"https:\/\/www.lescomes.com\/index.php\/circuits-de-proves-i-test\/?lang=ca#breadcrumb"},"inLanguage":"es","potentialAction":[{"@type":"ReadAction","target":["https:\/\/www.lescomes.com\/index.php\/circuits-de-proves-i-test\/?lang=ca"]}]},{"@type":"ImageObject","inLanguage":"es","@id":"https:\/\/www.lescomes.com\/index.php\/circuits-de-proves-i-test\/?lang=ca#primaryimage","url":"https:\/\/www.lescomes.com\/wp-content\/uploads\/2025\/01\/cruce_de_puentes.jpg","contentUrl":"https:\/\/www.lescomes.com\/wp-content\/uploads\/2025\/01\/cruce_de_puentes.jpg","width":1200,"height":800},{"@type":"BreadcrumbList","@id":"https:\/\/www.lescomes.com\/index.php\/circuits-de-proves-i-test\/?lang=ca#breadcrumb","itemListElement":[{"@type":"ListItem","position":1,"name":"Portada","item":"https:\/\/www.lescomes.com\/"},{"@type":"ListItem","position":2,"name":"CIRCUITS DE PROVES I TEST"}]},{"@type":"WebSite","@id":"https:\/\/www.lescomes.com\/#website","url":"https:\/\/www.lescomes.com\/","name":"Les Comes","description":"El para\u00edso de los eventos off-road","potentialAction":[{"@type":"SearchAction","target":{"@type":"EntryPoint","urlTemplate":"https:\/\/www.lescomes.com\/?s={search_term_string}"},"query-input":{"@type":"PropertyValueSpecification","valueRequired":true,"valueName":"search_term_string"}}],"inLanguage":"es"}]}},"_links":{"self":[{"href":"https:\/\/www.lescomes.com\/index.php\/wp-json\/wp\/v2\/pages\/13946","targetHints":{"allow":["GET"]}}],"collection":[{"href":"https:\/\/www.lescomes.com\/index.php\/wp-json\/wp\/v2\/pages"}],"about":[{"href":"https:\/\/www.lescomes.com\/index.php\/wp-json\/wp\/v2\/types\/page"}],"author":[{"embeddable":true,"href":"https:\/\/www.lescomes.com\/index.php\/wp-json\/wp\/v2\/users\/2"}],"replies":[{"embeddable":true,"href":"https:\/\/www.lescomes.com\/index.php\/wp-json\/wp\/v2\/comments?post=13946"}],"version-history":[{"count":9,"href":"https:\/\/www.lescomes.com\/index.php\/wp-json\/wp\/v2\/pages\/13946\/revisions"}],"predecessor-version":[{"id":17608,"href":"https:\/\/www.lescomes.com\/index.php\/wp-json\/wp\/v2\/pages\/13946\/revisions\/17608"}],"wp:attachment":[{"href":"https:\/\/www.lescomes.com\/index.php\/wp-json\/wp\/v2\/media?parent=13946"}],"curies":[{"name":"wp","href":"https:\/\/api.w.org\/{rel}","templated":true}]}}