{"id":12670,"date":"2019-06-28T06:41:57","date_gmt":"2019-06-28T06:41:57","guid":{"rendered":"https:\/\/www.lescomes.com\/?page_id=12670"},"modified":"2026-03-09T16:56:14","modified_gmt":"2026-03-09T16:56:14","slug":"team-building","status":"publish","type":"page","link":"https:\/\/www.lescomes.com\/index.php\/team-building\/","title":{"rendered":"Team Building"},"content":{"rendered":"<p><div class=\"fusion-fullwidth fullwidth-box fusion-builder-row-1 hundred-percent-fullwidth non-hundred-percent-height-scrolling\" style=\"background-color: #000000;background-position: left top;background-repeat: repeat;padding-top:0px;padding-right:30px;padding-bottom:0px;padding-left:30px;margin-bottom: 0px;margin-top: 0px;border-width: 0px 0px 0px 0px;border-color:#eae9e9;border-style:solid;\" ><div class=\"fusion-builder-row fusion-row\"><div class=\"fusion-layout-column fusion_builder_column fusion-builder-column-0 fusion_builder_column_1_1 1_1 fusion-one-full fusion-column-first fusion-column-last fusion-column-no-min-height\" style=\"margin-top:0px;margin-bottom:0px;\"><div class=\"fusion-column-wrapper fusion-flex-column-wrapper-legacy\" style=\"background-position:left top;background-repeat:no-repeat;-webkit-background-size:cover;-moz-background-size:cover;-o-background-size:cover;background-size:cover;padding: 30px 0px 15px 0px;\"><div class=\"fusion-text fusion-text-1\" style=\"transform:translate3d(0,0,0);\"><h1 style=\"text-align: center; font-size: 30px; line-height: 30px;\"><strong><span style=\"color: #ffffff;\">ESPACIOS PARA REUNIONES DE EMPRESA<\/span><\/strong><\/h1>\n<\/div><div class=\"fusion-clearfix\"><\/div><\/div><\/div><\/div><\/div><div class=\"fusion-fullwidth fullwidth-box fusion-builder-row-2 nonhundred-percent-fullwidth non-hundred-percent-height-scrolling\" style=\"background-color: #ffffff;background-position: left top;background-repeat: no-repeat;padding-top:0px;padding-right:30px;padding-bottom:0px;padding-left:30px;margin-bottom: 0px;margin-top: 0px;border-width: 0px 0px 0px 0px;border-color:#eae9e9;border-style:solid;\" ><div class=\"fusion-builder-row fusion-row\"><div class=\"fusion-layout-column fusion_builder_column fusion-builder-column-1 fusion_builder_column_1_1 1_1 fusion-one-full fusion-column-first fusion-column-last fusion-column-no-min-height\" style=\"margin-top:0px;margin-bottom:20px;\"><div class=\"fusion-column-wrapper fusion-flex-column-wrapper-legacy\" style=\"background-position:left top;background-repeat:no-repeat;-webkit-background-size:cover;-moz-background-size:cover;-o-background-size:cover;background-size:cover;padding: 5% 3% 0px 3%;\"><div class=\"fusion-text fusion-text-2\" style=\"transform:translate3d(0,0,0);\"><p style=\"text-align: justify;\">\u00bfBuscas un entorno \u00fanico para inspirar a tu equipo? En <b>Les Comes<\/b>, transformamos las reuniones de trabajo convencionales en experiencias memorables.<\/p>\n<p style=\"text-align: justify;\">Situada en un entorno natural privilegiado, nuestra mas\u00eda ofrece el equilibrio perfecto entre <b>profesionalidad, aventura y gastronom\u00eda<\/b>, convirti\u00e9ndose en el destino ideal para tu pr\u00f3ximo <b>evento corporativo cerca de Barcelona<\/b>.<\/p>\n<\/div><div class=\"fusion-clearfix\"><\/div><\/div><\/div><div class=\"fusion-layout-column fusion_builder_column fusion-builder-column-2 fusion_builder_column_1_3 1_3 fusion-one-third fusion-column-first fusion-column-no-min-height\" style=\"width:30.6666%; margin-right: 4%;margin-top:0px;margin-bottom:20px;\"><div class=\"fusion-column-wrapper fusion-flex-column-wrapper-legacy\" style=\"background-position:left top;background-repeat:no-repeat;-webkit-background-size:cover;-moz-background-size:cover;-o-background-size:cover;background-size:cover;padding: 0px 5% 5% 5%;\"><div class=\"fusion-text fusion-text-3\" style=\"transform:translate3d(0,0,0);\"><p><img decoding=\"async\" class=\"aligncenter size-full wp-image-17259\" src=\"https:\/\/www.lescomes.com\/wp-content\/uploads\/2025\/01\/reuniones_de_empresas.jpg\" alt=\"\" width=\"100%\" srcset=\"https:\/\/www.lescomes.com\/wp-content\/uploads\/2025\/01\/reuniones_de_empresas-200x133.jpg 200w, https:\/\/www.lescomes.com\/wp-content\/uploads\/2025\/01\/reuniones_de_empresas-300x200.jpg 300w, https:\/\/www.lescomes.com\/wp-content\/uploads\/2025\/01\/reuniones_de_empresas-400x267.jpg 400w, https:\/\/www.lescomes.com\/wp-content\/uploads\/2025\/01\/reuniones_de_empresas-600x400.jpg 600w, https:\/\/www.lescomes.com\/wp-content\/uploads\/2025\/01\/reuniones_de_empresas-768x512.jpg 768w, https:\/\/www.lescomes.com\/wp-content\/uploads\/2025\/01\/reuniones_de_empresas-800x533.jpg 800w, https:\/\/www.lescomes.com\/wp-content\/uploads\/2025\/01\/reuniones_de_empresas-1024x683.jpg 1024w, https:\/\/www.lescomes.com\/wp-content\/uploads\/2025\/01\/reuniones_de_empresas.jpg 1200w\" sizes=\"(max-width: 1200px) 100vw, 1200px\" \/><\/p>\n<\/div><div class=\"fusion-clearfix\"><\/div><\/div><\/div><div class=\"fusion-layout-column fusion_builder_column fusion-builder-column-3 fusion_builder_column_1_3 1_3 fusion-one-third fusion-column-no-min-height\" style=\"width:30.6666%; margin-right: 4%;margin-top:0px;margin-bottom:20px;\"><div class=\"fusion-column-wrapper fusion-flex-column-wrapper-legacy\" style=\"background-position:left top;background-repeat:no-repeat;-webkit-background-size:cover;-moz-background-size:cover;-o-background-size:cover;background-size:cover;padding: 0px 5% 5% 5%;\"><div class=\"fusion-text fusion-text-4\" style=\"transform:translate3d(0,0,0);\"><p><img decoding=\"async\" class=\"aligncenter size-full wp-image-17305\" src=\"https:\/\/www.lescomes.com\/wp-content\/uploads\/2025\/01\/reuniones_de_empresas_2.jpg\" alt=\"Reuniones de empresas\" width=\"100%\" srcset=\"https:\/\/www.lescomes.com\/wp-content\/uploads\/2025\/01\/reuniones_de_empresas_2-200x133.jpg 200w, https:\/\/www.lescomes.com\/wp-content\/uploads\/2025\/01\/reuniones_de_empresas_2-300x200.jpg 300w, https:\/\/www.lescomes.com\/wp-content\/uploads\/2025\/01\/reuniones_de_empresas_2-400x267.jpg 400w, https:\/\/www.lescomes.com\/wp-content\/uploads\/2025\/01\/reuniones_de_empresas_2-600x400.jpg 600w, https:\/\/www.lescomes.com\/wp-content\/uploads\/2025\/01\/reuniones_de_empresas_2-768x512.jpg 768w, https:\/\/www.lescomes.com\/wp-content\/uploads\/2025\/01\/reuniones_de_empresas_2-800x533.jpg 800w, https:\/\/www.lescomes.com\/wp-content\/uploads\/2025\/01\/reuniones_de_empresas_2-1024x683.jpg 1024w, https:\/\/www.lescomes.com\/wp-content\/uploads\/2025\/01\/reuniones_de_empresas_2.jpg 1200w\" sizes=\"(max-width: 1200px) 100vw, 1200px\" \/><\/p>\n<\/div><div class=\"fusion-clearfix\"><\/div><\/div><\/div><div class=\"fusion-layout-column fusion_builder_column fusion-builder-column-4 fusion_builder_column_1_3 1_3 fusion-one-third fusion-column-last fusion-column-no-min-height\" style=\"width:30.6666%;margin-top:0px;margin-bottom:20px;\"><div class=\"fusion-column-wrapper fusion-flex-column-wrapper-legacy\" style=\"background-position:left top;background-repeat:no-repeat;-webkit-background-size:cover;-moz-background-size:cover;-o-background-size:cover;background-size:cover;padding: 0px 5% 5% 5%;\"><div class=\"fusion-text fusion-text-5\" style=\"transform:translate3d(0,0,0);\"><p><img decoding=\"async\" class=\"aligncenter size-full wp-image-17300\" src=\"https:\/\/www.lescomes.com\/wp-content\/uploads\/2025\/01\/actividades_empresas.jpg\" alt=\"\" width=\"100%\" srcset=\"https:\/\/www.lescomes.com\/wp-content\/uploads\/2025\/01\/actividades_empresas-200x133.jpg 200w, https:\/\/www.lescomes.com\/wp-content\/uploads\/2025\/01\/actividades_empresas-300x200.jpg 300w, https:\/\/www.lescomes.com\/wp-content\/uploads\/2025\/01\/actividades_empresas-400x267.jpg 400w, https:\/\/www.lescomes.com\/wp-content\/uploads\/2025\/01\/actividades_empresas-600x400.jpg 600w, https:\/\/www.lescomes.com\/wp-content\/uploads\/2025\/01\/actividades_empresas-768x512.jpg 768w, https:\/\/www.lescomes.com\/wp-content\/uploads\/2025\/01\/actividades_empresas-800x533.jpg 800w, https:\/\/www.lescomes.com\/wp-content\/uploads\/2025\/01\/actividades_empresas-1024x683.jpg 1024w, https:\/\/www.lescomes.com\/wp-content\/uploads\/2025\/01\/actividades_empresas.jpg 1200w\" sizes=\"(max-width: 1200px) 100vw, 1200px\" \/><\/p>\n<\/div><div class=\"fusion-clearfix\"><\/div><\/div><\/div><\/div><\/div><div class=\"fusion-fullwidth fullwidth-box fusion-builder-row-3 nonhundred-percent-fullwidth non-hundred-percent-height-scrolling\" style=\"background-color: #ffffff;background-position: left top;background-repeat: no-repeat;padding-top:0px;padding-right:30px;padding-bottom:0px;padding-left:30px;margin-bottom: 0px;margin-top: 0px;border-width: 0px 0px 0px 0px;border-color:#eae9e9;border-style:solid;\" ><div class=\"fusion-builder-row fusion-row\"><div class=\"fusion-layout-column fusion_builder_column fusion-builder-column-5 fusion_builder_column_1_1 1_1 fusion-one-full fusion-column-first fusion-column-last fusion-column-no-min-height\" style=\"margin-top:0px;margin-bottom:20px;\"><div class=\"fusion-column-wrapper fusion-flex-column-wrapper-legacy\" style=\"background-position:left top;background-repeat:no-repeat;-webkit-background-size:cover;-moz-background-size:cover;-o-background-size:cover;background-size:cover;padding: 5% 5% 0px 5%;\"><div class=\"fusion-text fusion-text-6\" style=\"transform:translate3d(0,0,0);\"><h2 data-path-to-node=\"5\">Espacios para Reuniones de Empresa: Versatilidad y Confort<\/h2>\n<p data-path-to-node=\"6\">Sabemos que una jornada productiva empieza por el lugar adecuado. Por eso, ponemos a tu disposici\u00f3n una amplia variedad de <b data-path-to-node=\"6\" data-index-in-node=\"123\">salas para reuniones<\/b> totalmente equipadas, que combinan el encanto r\u00fastico de una mas\u00eda tradicional con las necesidades tecnol\u00f3gicas actuales.<\/p>\n<p data-path-to-node=\"7\">Contamos con espacios adaptables a cualquier formato:<\/p>\n<ul data-path-to-node=\"8\">\n<li>\n<p data-path-to-node=\"8,0,0\"><b data-path-to-node=\"8,0,0\" data-index-in-node=\"0\">Salas de gran capacidad:<\/b> Ideales para convenciones, conferencias o presentaciones de producto.<\/p>\n<\/li>\n<li>\n<p data-path-to-node=\"8,1,0\"><b data-path-to-node=\"8,1,0\" data-index-in-node=\"0\">Espacios singulares:<\/b> Como nuestra emblem\u00e1tica <i data-path-to-node=\"8,1,0\" data-index-in-node=\"46\">Sala de les Tines<\/i>, perfecta para reuniones que buscan un ambiente c\u00e1lido e inspirador.<\/p>\n<\/li>\n<li>\n<p data-path-to-node=\"8,2,0\"><b data-path-to-node=\"8,2,0\" data-index-in-node=\"0\">Zonas exteriores:<\/b> Amplios jardines y terrazas para realizar sesiones de <i data-path-to-node=\"8,2,0\" data-index-in-node=\"72\">brainstorming<\/i> al aire libre, aprovechando la luz natural y el aire puro.<\/p>\n<\/li>\n<\/ul>\n<\/div><div class=\"fusion-clearfix\"><\/div><\/div><\/div><\/div><\/div><div class=\"fusion-fullwidth fullwidth-box fusion-builder-row-4 nonhundred-percent-fullwidth non-hundred-percent-height-scrolling\" style=\"background-color: #ffffff;background-position: left top;background-repeat: no-repeat;padding-top:0px;padding-right:30px;padding-bottom:0px;padding-left:30px;margin-bottom: 0px;margin-top: 0px;border-width: 0px 0px 0px 0px;border-color:#eae9e9;border-style:solid;\" ><div class=\"fusion-builder-row fusion-row\"><div class=\"fusion-layout-column fusion_builder_column fusion-builder-column-6 fusion_builder_column_1_1 1_1 fusion-one-full fusion-column-first fusion-column-last fusion-column-no-min-height\" style=\"margin-top:0px;margin-bottom:20px;\"><div class=\"fusion-column-wrapper fusion-flex-column-wrapper-legacy\" style=\"background-position:left top;background-repeat:no-repeat;-webkit-background-size:cover;-moz-background-size:cover;-o-background-size:cover;background-size:cover;padding: 5% 5% 0px 5%;\"><div class=\"fusion-text fusion-text-7\" style=\"transform:translate3d(0,0,0);\"><h2 data-path-to-node=\"9\">Actividades de empresa: Mucho m\u00e1s que \u00abhacer pi\u00f1a\u00bb<\/h2>\n<p data-path-to-node=\"10\">Una jornada fuera de la oficina no est\u00e1 completa sin una actividad que fortalezca los lazos del equipo. En Les Comes somos especialistas en <b data-path-to-node=\"10\" data-index-in-node=\"140\">actividades de motor y aventura en la naturaleza<\/b>.<\/p>\n<p data-path-to-node=\"11\">Nuestra ubicaci\u00f3n nos permite ofrecer experiencias exclusivas que no encontrar\u00e1s en la ciudad:<\/p>\n<ol start=\"1\" data-path-to-node=\"12\">\n<li>\n<p data-path-to-node=\"12,0,0\"><b data-path-to-node=\"12,0,0\" data-index-in-node=\"0\">Aventura 4&#215;4:<\/b> Aprovecha nuestras pistas privadas para una experiencia de conducci\u00f3n todoterreno \u00fanica.<\/p>\n<\/li>\n<li>\n<p data-path-to-node=\"12,1,0\"><b data-path-to-node=\"12,1,0\" data-index-in-node=\"0\">Retos de orientaci\u00f3n y estrategia:<\/b> Din\u00e1micas dise\u00f1adas para mejorar la comunicaci\u00f3n y la resoluci\u00f3n de problemas en grupo.<\/p>\n<\/li>\n<li>\n<p data-path-to-node=\"12,2,0\"><b data-path-to-node=\"12,2,0\" data-index-in-node=\"0\">Experiencias a medida:<\/b> Dise\u00f1amos la actividad seg\u00fan los objetivos de tu empresa.<\/p>\n<\/li>\n<\/ol>\n<\/div><div class=\"fusion-clearfix\"><\/div><\/div><\/div><\/div><\/div><div class=\"fusion-fullwidth fullwidth-box fusion-builder-row-5 nonhundred-percent-fullwidth non-hundred-percent-height-scrolling\" style=\"background-color: #ffffff;background-position: left top;background-repeat: no-repeat;padding-top:0px;padding-right:30px;padding-bottom:0px;padding-left:30px;margin-bottom: 0px;margin-top: 0px;border-width: 0px 0px 0px 0px;border-color:#eae9e9;border-style:solid;\" ><div class=\"fusion-builder-row fusion-row\"><div class=\"fusion-layout-column fusion_builder_column fusion-builder-column-7 fusion_builder_column_1_1 1_1 fusion-one-full fusion-column-first fusion-column-last fusion-column-no-min-height\" style=\"margin-top:0px;margin-bottom:20px;\"><div class=\"fusion-column-wrapper fusion-flex-column-wrapper-legacy\" style=\"background-position:left top;background-repeat:no-repeat;-webkit-background-size:cover;-moz-background-size:cover;-o-background-size:cover;background-size:cover;padding: 5% 5% 0px 5%;\"><div class=\"fusion-text fusion-text-8\" style=\"transform:translate3d(0,0,0);\"><h2 data-path-to-node=\"13\">Gastronom\u00eda y Catering: El Sabor del \u00c9xito<\/h2>\n<p data-path-to-node=\"14\">El \u00e9xito de cualquier reuni\u00f3n de empresa reside, en gran parte, en la mesa. Ofrecemos un <b data-path-to-node=\"14\" data-index-in-node=\"89\">servicio de catering de proximidad<\/b> con men\u00fas adaptados a vuestras necesidades:<\/p>\n<ul data-path-to-node=\"15\">\n<li>\n<p data-path-to-node=\"15,0,0\"><b data-path-to-node=\"15,0,0\" data-index-in-node=\"0\">Coffee breaks<\/b> energ\u00e9ticos para mantener el ritmo de trabajo.<\/p>\n<\/li>\n<li>\n<p data-path-to-node=\"15,1,0\"><b data-path-to-node=\"15,1,0\" data-index-in-node=\"0\">Comidas de empresa<\/b> con productos de la zona y cocina tradicional catalana.<\/p>\n<\/li>\n<li>\n<p data-path-to-node=\"15,2,0\"><b data-path-to-node=\"15,2,0\" data-index-in-node=\"0\">C\u00f3cteles de despedida<\/b> para celebrar los logros alcanzados durante la jornada.<\/p>\n<\/li>\n<\/ul>\n<\/div><div class=\"fusion-clearfix\"><\/div><\/div><\/div><\/div><\/div><div class=\"fusion-fullwidth fullwidth-box fusion-builder-row-6 nonhundred-percent-fullwidth non-hundred-percent-height-scrolling\" style=\"background-color: #ffffff;background-position: left top;background-repeat: no-repeat;padding-top:0px;padding-right:30px;padding-bottom:0px;padding-left:30px;margin-bottom: 0px;margin-top: 0px;border-width: 0px 0px 0px 0px;border-color:#eae9e9;border-style:solid;\" ><div class=\"fusion-builder-row fusion-row\"><div class=\"fusion-layout-column fusion_builder_column fusion-builder-column-8 fusion_builder_column_1_1 1_1 fusion-one-full fusion-column-first fusion-column-last fusion-column-no-min-height\" style=\"margin-top:0px;margin-bottom:20px;\"><div class=\"fusion-column-wrapper fusion-flex-column-wrapper-legacy\" style=\"background-position:left top;background-repeat:no-repeat;-webkit-background-size:cover;-moz-background-size:cover;-o-background-size:cover;background-size:cover;padding: 5% 5% 0px 5%;\"><div class=\"fusion-text fusion-text-9\" style=\"transform:translate3d(0,0,0);\"><h2 data-path-to-node=\"16\">\u00bfPor qu\u00e9 elegir Les Comes para tu evento corporativo?<\/h2>\n<p data-path-to-node=\"17\">Elegir Les Comes no es solo alquilar una sala; es apostar por una <b data-path-to-node=\"17\" data-index-in-node=\"66\">jornada diferente fuera de la oficina<\/b>. A tan solo una hora de Barcelona, ofrecemos privacidad total, un entorno libre de distracciones y una gesti\u00f3n integral para que t\u00fa solo tengas que preocuparte de tus objetivos.<\/p>\n<\/div><div class=\"fusion-clearfix\"><\/div><\/div><\/div><\/div><\/div><div class=\"fusion-fullwidth fullwidth-box fusion-builder-row-7 nonhundred-percent-fullwidth non-hundred-percent-height-scrolling\" style=\"background-color: #ffffff;background-position: left top;background-repeat: no-repeat;padding-top:0px;padding-right:30px;padding-bottom:5%;padding-left:30px;margin-bottom: 0px;margin-top: 0px;border-width: 0px 0px 0px 0px;border-color:#eae9e9;border-style:solid;\" ><div class=\"fusion-builder-row fusion-row\"><div class=\"fusion-layout-column fusion_builder_column fusion-builder-column-9 fusion_builder_column_1_1 1_1 fusion-one-full fusion-column-first fusion-column-last fusion-column-no-min-height\" style=\"margin-top:0px;margin-bottom:20px;\"><div class=\"fusion-column-wrapper fusion-flex-column-wrapper-legacy\" style=\"background-position:left top;background-repeat:no-repeat;-webkit-background-size:cover;-moz-background-size:cover;-o-background-size:cover;background-size:cover;padding: 5% 5% 0px 5%;\"><div class=\"fusion-text fusion-text-10\" style=\"transform:translate3d(0,0,0);\"><p style=\"text-align: center; font-size: 25px;\"><strong>\u00bfPreparado para organizar una jornada inolvidable?<\/strong><\/p>\n<p style=\"text-align: center; font-size: 25px;\">Contacta con nuestro equipo y te ayudaremos a dise\u00f1ar un evento a medida que supere las expectativas de tus empleados y colaboradores.<\/p>\n<\/div><div class=\"fusion-clearfix\"><\/div><\/div><\/div><\/div><\/div><div class=\"fusion-fullwidth fullwidth-box fusion-builder-row-8 hundred-percent-fullwidth non-hundred-percent-height-scrolling\" style=\"background-color: #ffffff;background-position: center center;background-repeat: no-repeat;padding-top:0px;padding-right:30px;padding-bottom:0px;padding-left:30px;margin-bottom: 0px;margin-top: 0px;border-width: 0px 0px 0px 0px;border-color:#eae9e9;border-style:solid;\" ><div class=\"fusion-builder-row fusion-row\"><div class=\"fusion-layout-column fusion_builder_column fusion-builder-column-10 fusion_builder_column_1_1 1_1 fusion-one-full fusion-column-first fusion-column-last fusion-column-no-min-height\" style=\"margin-top:0px;margin-bottom:0px;\"><div class=\"fusion-column-wrapper fusion-flex-column-wrapper-legacy\" style=\"background-position:left top;background-repeat:no-repeat;-webkit-background-size:cover;-moz-background-size:cover;-o-background-size:cover;background-size:cover;padding: 0px 0px 0px 0px;\"><div class=\"fusion-section-separator section-separator triangle fusion-section-separator-1\"><div class=\"fusion-section-separator-svg fusion-section-separator-fullwidth\" style=\"border-bottom:4px solid #ffffff;\"><div class=\"divider-candy-arrow bottom\" style=\"top:4px;border-top-color: #ffffff;\"><\/div><div class=\"divider-candy bottom\" style=\"bottom:-24px;border-bottom:1px solid #ffffff;border-left:1px solid #ffffff;\"><\/div><\/div><div class=\"fusion-section-separator-spacer fusion-section-separator-fullwidth\"><div class=\"fusion-section-separator-spacer-height\" style=\"height:4px;\"><\/div><\/div><\/div><div class=\"fusion-clearfix\"><\/div><\/div><\/div><\/div><style type=\"text\/css\">.fusion-fullwidth.fusion-builder-row-8 { overflow:visible; }<\/style><\/div><\/p>\n","protected":false},"excerpt":{"rendered":"","protected":false},"author":2,"featured_media":0,"parent":0,"menu_order":0,"comment_status":"closed","ping_status":"closed","template":"100-width.php","meta":{"footnotes":""},"class_list":["post-12670","page","type-page","status-publish","hentry"],"yoast_head":"<!-- This site is optimized with the Yoast SEO plugin v26.2 - https:\/\/yoast.com\/wordpress\/plugins\/seo\/ -->\n<title>Team Building - Les Comes<\/title>\n<meta name=\"robots\" content=\"index, follow, max-snippet:-1, max-image-preview:large, max-video-preview:-1\" \/>\n<link rel=\"canonical\" href=\"https:\/\/www.lescomes.com\/index.php\/team-building\/\" \/>\n<meta property=\"og:locale\" content=\"es_ES\" \/>\n<meta property=\"og:type\" content=\"article\" \/>\n<meta property=\"og:title\" content=\"Team Building - Les Comes\" \/>\n<meta property=\"og:url\" content=\"https:\/\/www.lescomes.com\/index.php\/team-building\/\" \/>\n<meta property=\"og:site_name\" content=\"Les Comes\" \/>\n<meta property=\"article:modified_time\" content=\"2026-03-09T16:56:14+00:00\" \/>\n<meta property=\"og:image\" content=\"https:\/\/www.lescomes.com\/wp-content\/uploads\/2025\/01\/reuniones_de_empresas.jpg\" \/>\n\t<meta property=\"og:image:width\" content=\"1200\" \/>\n\t<meta property=\"og:image:height\" content=\"800\" \/>\n\t<meta property=\"og:image:type\" content=\"image\/jpeg\" \/>\n<meta name=\"twitter:card\" content=\"summary_large_image\" \/>\n<meta name=\"twitter:label1\" content=\"Tiempo de lectura\" \/>\n\t<meta name=\"twitter:data1\" content=\"12 minutos\" \/>\n<script type=\"application\/ld+json\" class=\"yoast-schema-graph\">{\"@context\":\"https:\/\/schema.org\",\"@graph\":[{\"@type\":\"WebPage\",\"@id\":\"https:\/\/www.lescomes.com\/index.php\/team-building\/\",\"url\":\"https:\/\/www.lescomes.com\/index.php\/team-building\/\",\"name\":\"Team Building - Les Comes\",\"isPartOf\":{\"@id\":\"https:\/\/www.lescomes.com\/#website\"},\"primaryImageOfPage\":{\"@id\":\"https:\/\/www.lescomes.com\/index.php\/team-building\/#primaryimage\"},\"image\":{\"@id\":\"https:\/\/www.lescomes.com\/index.php\/team-building\/#primaryimage\"},\"thumbnailUrl\":\"https:\/\/www.lescomes.com\/wp-content\/uploads\/2025\/01\/reuniones_de_empresas.jpg\",\"datePublished\":\"2019-06-28T06:41:57+00:00\",\"dateModified\":\"2026-03-09T16:56:14+00:00\",\"breadcrumb\":{\"@id\":\"https:\/\/www.lescomes.com\/index.php\/team-building\/#breadcrumb\"},\"inLanguage\":\"es\",\"potentialAction\":[{\"@type\":\"ReadAction\",\"target\":[\"https:\/\/www.lescomes.com\/index.php\/team-building\/\"]}]},{\"@type\":\"ImageObject\",\"inLanguage\":\"es\",\"@id\":\"https:\/\/www.lescomes.com\/index.php\/team-building\/#primaryimage\",\"url\":\"https:\/\/www.lescomes.com\/wp-content\/uploads\/2025\/01\/reuniones_de_empresas.jpg\",\"contentUrl\":\"https:\/\/www.lescomes.com\/wp-content\/uploads\/2025\/01\/reuniones_de_empresas.jpg\",\"width\":1200,\"height\":800},{\"@type\":\"BreadcrumbList\",\"@id\":\"https:\/\/www.lescomes.com\/index.php\/team-building\/#breadcrumb\",\"itemListElement\":[{\"@type\":\"ListItem\",\"position\":1,\"name\":\"Portada\",\"item\":\"https:\/\/www.lescomes.com\/\"},{\"@type\":\"ListItem\",\"position\":2,\"name\":\"Team Building\"}]},{\"@type\":\"WebSite\",\"@id\":\"https:\/\/www.lescomes.com\/#website\",\"url\":\"https:\/\/www.lescomes.com\/\",\"name\":\"Les Comes\",\"description\":\"El para\u00edso de los eventos off-road\",\"potentialAction\":[{\"@type\":\"SearchAction\",\"target\":{\"@type\":\"EntryPoint\",\"urlTemplate\":\"https:\/\/www.lescomes.com\/?s={search_term_string}\"},\"query-input\":{\"@type\":\"PropertyValueSpecification\",\"valueRequired\":true,\"valueName\":\"search_term_string\"}}],\"inLanguage\":\"es\"}]}<\/script>\n<!-- \/ Yoast SEO plugin. -->","yoast_head_json":{"title":"Team Building - Les Comes","robots":{"index":"index","follow":"follow","max-snippet":"max-snippet:-1","max-image-preview":"max-image-preview:large","max-video-preview":"max-video-preview:-1"},"canonical":"https:\/\/www.lescomes.com\/index.php\/team-building\/","og_locale":"es_ES","og_type":"article","og_title":"Team Building - Les Comes","og_url":"https:\/\/www.lescomes.com\/index.php\/team-building\/","og_site_name":"Les Comes","article_modified_time":"2026-03-09T16:56:14+00:00","og_image":[{"width":1200,"height":800,"url":"https:\/\/www.lescomes.com\/wp-content\/uploads\/2025\/01\/reuniones_de_empresas.jpg","type":"image\/jpeg"}],"twitter_card":"summary_large_image","twitter_misc":{"Tiempo de lectura":"12 minutos"},"schema":{"@context":"https:\/\/schema.org","@graph":[{"@type":"WebPage","@id":"https:\/\/www.lescomes.com\/index.php\/team-building\/","url":"https:\/\/www.lescomes.com\/index.php\/team-building\/","name":"Team Building - Les Comes","isPartOf":{"@id":"https:\/\/www.lescomes.com\/#website"},"primaryImageOfPage":{"@id":"https:\/\/www.lescomes.com\/index.php\/team-building\/#primaryimage"},"image":{"@id":"https:\/\/www.lescomes.com\/index.php\/team-building\/#primaryimage"},"thumbnailUrl":"https:\/\/www.lescomes.com\/wp-content\/uploads\/2025\/01\/reuniones_de_empresas.jpg","datePublished":"2019-06-28T06:41:57+00:00","dateModified":"2026-03-09T16:56:14+00:00","breadcrumb":{"@id":"https:\/\/www.lescomes.com\/index.php\/team-building\/#breadcrumb"},"inLanguage":"es","potentialAction":[{"@type":"ReadAction","target":["https:\/\/www.lescomes.com\/index.php\/team-building\/"]}]},{"@type":"ImageObject","inLanguage":"es","@id":"https:\/\/www.lescomes.com\/index.php\/team-building\/#primaryimage","url":"https:\/\/www.lescomes.com\/wp-content\/uploads\/2025\/01\/reuniones_de_empresas.jpg","contentUrl":"https:\/\/www.lescomes.com\/wp-content\/uploads\/2025\/01\/reuniones_de_empresas.jpg","width":1200,"height":800},{"@type":"BreadcrumbList","@id":"https:\/\/www.lescomes.com\/index.php\/team-building\/#breadcrumb","itemListElement":[{"@type":"ListItem","position":1,"name":"Portada","item":"https:\/\/www.lescomes.com\/"},{"@type":"ListItem","position":2,"name":"Team Building"}]},{"@type":"WebSite","@id":"https:\/\/www.lescomes.com\/#website","url":"https:\/\/www.lescomes.com\/","name":"Les Comes","description":"El para\u00edso de los eventos off-road","potentialAction":[{"@type":"SearchAction","target":{"@type":"EntryPoint","urlTemplate":"https:\/\/www.lescomes.com\/?s={search_term_string}"},"query-input":{"@type":"PropertyValueSpecification","valueRequired":true,"valueName":"search_term_string"}}],"inLanguage":"es"}]}},"_links":{"self":[{"href":"https:\/\/www.lescomes.com\/index.php\/wp-json\/wp\/v2\/pages\/12670","targetHints":{"allow":["GET"]}}],"collection":[{"href":"https:\/\/www.lescomes.com\/index.php\/wp-json\/wp\/v2\/pages"}],"about":[{"href":"https:\/\/www.lescomes.com\/index.php\/wp-json\/wp\/v2\/types\/page"}],"author":[{"embeddable":true,"href":"https:\/\/www.lescomes.com\/index.php\/wp-json\/wp\/v2\/users\/2"}],"replies":[{"embeddable":true,"href":"https:\/\/www.lescomes.com\/index.php\/wp-json\/wp\/v2\/comments?post=12670"}],"version-history":[{"count":70,"href":"https:\/\/www.lescomes.com\/index.php\/wp-json\/wp\/v2\/pages\/12670\/revisions"}],"predecessor-version":[{"id":18033,"href":"https:\/\/www.lescomes.com\/index.php\/wp-json\/wp\/v2\/pages\/12670\/revisions\/18033"}],"wp:attachment":[{"href":"https:\/\/www.lescomes.com\/index.php\/wp-json\/wp\/v2\/media?parent=12670"}],"curies":[{"name":"wp","href":"https:\/\/api.w.org\/{rel}","templated":true}]}}