{"id":12032,"date":"2019-06-06T13:53:30","date_gmt":"2019-06-06T13:53:30","guid":{"rendered":"https:\/\/www.lescomes.com\/?page_id=12032"},"modified":"2026-03-05T13:50:29","modified_gmt":"2026-03-05T13:50:29","slug":"circuitos-de-pruebas-y-test","status":"publish","type":"page","link":"https:\/\/www.lescomes.com\/index.php\/circuitos-de-pruebas-y-test\/","title":{"rendered":"Circuitos de pruebas y test"},"content":{"rendered":"<p><div class=\"fusion-bg-parallax\" data-bg-align=\"center center\" data-direction=\"up\" data-mute=\"false\" data-opacity=\"100\" data-velocity=\"-0.4\" data-mobile-enabled=\"true\" data-break_parents=\"0\" data-bg-image=\"https:\/\/www.lescomes.com\/wp-content\/uploads\/2025\/01\/test_ingenieria_ensayos_2.jpg\" data-bg-repeat=\"true\" data-bg-color=\"#000000\" ><\/div><div class=\"fusion-fullwidth fullwidth-box fusion-builder-row-1 fusion-parallax-up hundred-percent-fullwidth non-hundred-percent-height-scrolling\" style=\"background-color: #000000;background-image: url(&quot;https:\/\/www.lescomes.com\/wp-content\/uploads\/2025\/01\/test_ingenieria_ensayos_2.jpg&quot;);background-position: center center;background-repeat: repeat;padding-top:0px;padding-right:0px;padding-bottom:50px;padding-left:0px;margin-bottom: 0px;margin-top: 0px;border-width: 0px 0px 0px 0px;border-color:#eae9e9;border-style:solid;\" ><div class=\"fusion-builder-row fusion-row\"><div class=\"fusion-layout-column fusion_builder_column fusion-builder-column-0 fusion_builder_column_1_1 1_1 fusion-one-full fusion-column-first fusion-column-last fusion-column-no-min-height\" style=\"margin-top:0%;margin-bottom:0%;\"><div class=\"fusion-column-wrapper fusion-flex-column-wrapper-legacy\" style=\"background-position:left top;background-repeat:no-repeat;-webkit-background-size:cover;-moz-background-size:cover;-o-background-size:cover;background-size:cover;padding: 20% 0px 20% 0px;\"><div class=\"fusion-text fusion-text-1\" style=\"transform:translate3d(0,0,0);\"><p style=\"font-size: 35px; line-height: 35px; text-align: center; color: #ffffff; text-shadow: 1px 1px 2px black, 0 0 1em black, 0 0 0.2em black;\">INGENIER\u00cdA, PRUEBAS Y TEST<\/p>\n<\/div><div class=\"fusion-clearfix\"><\/div><\/div><\/div><\/div><\/div><div class=\"fusion-fullwidth fullwidth-box fusion-builder-row-2 hundred-percent-fullwidth non-hundred-percent-height-scrolling\" style=\"background-color: #ffffff;background-position: left top;background-repeat: no-repeat;padding-top:0px;padding-right:0%;padding-bottom:0px;padding-left:0%;margin-bottom: 0%;margin-top: 0%;border-width: 0px 0px 0px 0px;border-color:#eae9e9;border-style:solid;\" ><div class=\"fusion-builder-row fusion-row\"><div class=\"fusion-layout-column fusion_builder_column fusion-builder-column-1 fusion_builder_column_1_2 1_2 fusion-one-half fusion-column-first fusion-column-no-min-height\" style=\"width:50%;width:calc(50% - ( ( 0% ) * 0.5 ) );margin-right: 0%;margin-top:0px;margin-bottom:0px;\"><div class=\"fusion-column-wrapper fusion-flex-column-wrapper-legacy\" style=\"background-position:left top;background-repeat:no-repeat;-webkit-background-size:cover;-moz-background-size:cover;-o-background-size:cover;background-size:cover;padding: 5% 5% 5% 5%;\"><span class=\" fusion-imageframe imageframe-none imageframe-1 hover-type-none\"><img decoding=\"async\" width=\"1200\" height=\"901\" title=\"test_corvus\" src=\"https:\/\/www.lescomes.com\/wp-content\/uploads\/2025\/01\/test_corvus.jpg\" class=\"img-responsive wp-image-17521\" srcset=\"https:\/\/www.lescomes.com\/wp-content\/uploads\/2025\/01\/test_corvus-200x150.jpg 200w, https:\/\/www.lescomes.com\/wp-content\/uploads\/2025\/01\/test_corvus-400x300.jpg 400w, https:\/\/www.lescomes.com\/wp-content\/uploads\/2025\/01\/test_corvus-600x451.jpg 600w, https:\/\/www.lescomes.com\/wp-content\/uploads\/2025\/01\/test_corvus-800x601.jpg 800w, https:\/\/www.lescomes.com\/wp-content\/uploads\/2025\/01\/test_corvus.jpg 1200w\" sizes=\"(max-width: 800px) 100vw, 1200px\" \/><\/span><div class=\"fusion-clearfix\"><\/div><\/div><\/div><div class=\"fusion-layout-column fusion_builder_column fusion-builder-column-2 fusion_builder_column_1_2 1_2 fusion-one-half fusion-column-last fusion-column-no-min-height\" style=\"width:50%;width:calc(50% - ( ( 0% ) * 0.5 ) );margin-top:2%;margin-bottom:0px;\"><div class=\"fusion-column-wrapper fusion-flex-column-wrapper-legacy\" style=\"background-position:left top;background-repeat:no-repeat;-webkit-background-size:cover;-moz-background-size:cover;-o-background-size:cover;background-size:cover;padding: 5% 5% 5% 5%;\"><div class=\"fusion-text fusion-text-2\" style=\"transform:translate3d(0,0,0);\"><h2 style=\"text-align: center;\"><strong>TEST, ENSAYOS Y PRUEBAS DE FATIGA<\/strong><\/h2>\n<p style=\"text-align: justify;\">Adem\u00e1s de disponer de m\u00e1s de 70km de pistas de variada orograf\u00eda, disponemos de una Nave-Taller, equipada con elevador, compresor, lavado a presi\u00f3n, tanques de combustible,\u00a0 oficinas, ba\u00f1os y todo lo necesario para la mayor comodidad de los ingenieros.<\/p>\n<p style=\"text-align: justify;\">La instalaci\u00f3n el\u00e9ctrica, con conectores trif\u00e1sicos CCE y de uso dom\u00e9stico, permiten cargas a una tensi\u00f3n de 400v y hasta 32kW de potencia.<\/p>\n<p style=\"text-align: justify;\">Las c\u00e1maras de seguridad y la vigilancia las 24h permiten hacer pruebas con prototipos o veh\u00edculos de preproducci\u00f3n con total tranquilidad.<\/p>\n<p style=\"text-align: justify;\">Hemos sido el terreno de prueba de todo tipo de veh\u00edculos, tanto modelos de serie como de competici\u00f3n, de Rally Raid, SUV\u2019s Urbanos con pretensiones Off-Road, motocicletas\u2026<\/p>\n<p style=\"text-align: justify;\">Los circuitos de Les Comes son ideales para test de fatiga, demostraciones, desarrollo de producto, pruebas de preproducci\u00f3n, ajustes mec\u00e1nicos y todo tipo de actividades que requieran de un trazado personalizado que se adapte al veh\u00edculo del cliente.<\/p>\n<\/div><div class=\"fusion-clearfix\"><\/div><\/div><\/div><\/div><\/div><div class=\"fusion-fullwidth fullwidth-box fusion-builder-row-3 fusion-flex-container nonhundred-percent-fullwidth non-hundred-percent-height-scrolling\" style=\"background-color: #ffffff;background-position: center center;background-repeat: no-repeat;border-width: 0px 0px 0px 0px;border-color:#eae9e9;border-style:solid;\" ><div class=\"fusion-builder-row fusion-row fusion-flex-align-items-flex-start\" style=\"max-width:104%;margin-left: calc(-4% \/ 2 );margin-right: calc(-4% \/ 2 );\"><div class=\"fusion-layout-column fusion_builder_column fusion-builder-column-3 fusion_builder_column_1_3 1_3 fusion-flex-column\"><div class=\"fusion-column-wrapper fusion-flex-justify-content-flex-start fusion-content-layout-column\" style=\"background-position:left top;background-repeat:no-repeat;-webkit-background-size:cover;-moz-background-size:cover;-o-background-size:cover;background-size:cover;padding: 0px 0px 0px 0px;\"><div class=\"fusion-text fusion-text-3\" style=\"transform:translate3d(0,0,0);\"><p><img decoding=\"async\" class=\"aligncenter size-full wp-image-17359\" src=\"https:\/\/www.lescomes.com\/wp-content\/uploads\/2025\/01\/cruce_de_puentes.jpg\" alt=\"Cruce de puntes\" width=\"100%\" srcset=\"https:\/\/www.lescomes.com\/wp-content\/uploads\/2025\/01\/cruce_de_puentes-200x133.jpg 200w, https:\/\/www.lescomes.com\/wp-content\/uploads\/2025\/01\/cruce_de_puentes-300x200.jpg 300w, https:\/\/www.lescomes.com\/wp-content\/uploads\/2025\/01\/cruce_de_puentes-400x267.jpg 400w, https:\/\/www.lescomes.com\/wp-content\/uploads\/2025\/01\/cruce_de_puentes-600x400.jpg 600w, https:\/\/www.lescomes.com\/wp-content\/uploads\/2025\/01\/cruce_de_puentes-768x512.jpg 768w, https:\/\/www.lescomes.com\/wp-content\/uploads\/2025\/01\/cruce_de_puentes-800x533.jpg 800w, https:\/\/www.lescomes.com\/wp-content\/uploads\/2025\/01\/cruce_de_puentes-1024x683.jpg 1024w, https:\/\/www.lescomes.com\/wp-content\/uploads\/2025\/01\/cruce_de_puentes.jpg 1200w\" sizes=\"(max-width: 1200px) 100vw, 1200px\" \/><\/p>\n<\/div><\/div><\/div><style type=\"text\/css\">.fusion-body .fusion-builder-column-3{width:33.333333333333% !important;margin-top : 0px;margin-bottom : 20px;}.fusion-builder-column-3 > .fusion-column-wrapper {padding-top : 0px !important;padding-right : 0px !important;margin-right : 5.76%;padding-bottom : 0px !important;padding-left : 0px !important;margin-left : 5.76%;}@media only screen and (max-width:1024px) {.fusion-body .fusion-builder-column-3{width:100% !important;order : 0;}.fusion-builder-column-3 > .fusion-column-wrapper {margin-right : 1.92%;margin-left : 1.92%;}}@media only screen and (max-width:640px) {.fusion-body .fusion-builder-column-3{width:100% !important;order : 0;}.fusion-builder-column-3 > .fusion-column-wrapper {margin-right : 1.92%;margin-left : 1.92%;}}<\/style><div class=\"fusion-layout-column fusion_builder_column fusion-builder-column-4 fusion_builder_column_1_3 1_3 fusion-flex-column\"><div class=\"fusion-column-wrapper fusion-flex-justify-content-flex-start fusion-content-layout-column\" style=\"background-position:left top;background-repeat:no-repeat;-webkit-background-size:cover;-moz-background-size:cover;-o-background-size:cover;background-size:cover;padding: 0px 0px 0px 0px;\"><div class=\"fusion-text fusion-text-4\" style=\"transform:translate3d(0,0,0);\"><p><img decoding=\"async\" class=\"aligncenter size-full wp-image-17363\" src=\"https:\/\/www.lescomes.com\/wp-content\/uploads\/2025\/01\/taller.jpg\" alt=\"\" width=\"100%\" srcset=\"https:\/\/www.lescomes.com\/wp-content\/uploads\/2025\/01\/taller-200x133.jpg 200w, https:\/\/www.lescomes.com\/wp-content\/uploads\/2025\/01\/taller-300x200.jpg 300w, https:\/\/www.lescomes.com\/wp-content\/uploads\/2025\/01\/taller-400x267.jpg 400w, https:\/\/www.lescomes.com\/wp-content\/uploads\/2025\/01\/taller-600x400.jpg 600w, https:\/\/www.lescomes.com\/wp-content\/uploads\/2025\/01\/taller-768x512.jpg 768w, https:\/\/www.lescomes.com\/wp-content\/uploads\/2025\/01\/taller-800x533.jpg 800w, https:\/\/www.lescomes.com\/wp-content\/uploads\/2025\/01\/taller-1024x683.jpg 1024w, https:\/\/www.lescomes.com\/wp-content\/uploads\/2025\/01\/taller.jpg 1200w\" sizes=\"(max-width: 1200px) 100vw, 1200px\" \/><\/p>\n<\/div><\/div><\/div><style type=\"text\/css\">.fusion-body .fusion-builder-column-4{width:33.333333333333% !important;margin-top : 0px;margin-bottom : 20px;}.fusion-builder-column-4 > .fusion-column-wrapper {padding-top : 0px !important;padding-right : 0px !important;margin-right : 5.76%;padding-bottom : 0px !important;padding-left : 0px !important;margin-left : 5.76%;}@media only screen and (max-width:1024px) {.fusion-body .fusion-builder-column-4{width:100% !important;order : 0;}.fusion-builder-column-4 > .fusion-column-wrapper {margin-right : 1.92%;margin-left : 1.92%;}}@media only screen and (max-width:640px) {.fusion-body .fusion-builder-column-4{width:100% !important;order : 0;}.fusion-builder-column-4 > .fusion-column-wrapper {margin-right : 1.92%;margin-left : 1.92%;}}<\/style><div class=\"fusion-layout-column fusion_builder_column fusion-builder-column-5 fusion_builder_column_1_3 1_3 fusion-flex-column\"><div class=\"fusion-column-wrapper fusion-flex-justify-content-flex-start fusion-content-layout-column\" style=\"background-position:left top;background-repeat:no-repeat;-webkit-background-size:cover;-moz-background-size:cover;-o-background-size:cover;background-size:cover;padding: 0px 0px 0px 0px;\"><div class=\"fusion-text fusion-text-5\" style=\"transform:translate3d(0,0,0);\"><p><img decoding=\"async\" class=\"aligncenter size-full wp-image-17368\" src=\"https:\/\/www.lescomes.com\/wp-content\/uploads\/2025\/01\/zona_de_lavado.jpg\" alt=\"Zona de lavado\" width=\"100%\" srcset=\"https:\/\/www.lescomes.com\/wp-content\/uploads\/2025\/01\/zona_de_lavado-200x133.jpg 200w, https:\/\/www.lescomes.com\/wp-content\/uploads\/2025\/01\/zona_de_lavado-300x200.jpg 300w, https:\/\/www.lescomes.com\/wp-content\/uploads\/2025\/01\/zona_de_lavado-400x267.jpg 400w, https:\/\/www.lescomes.com\/wp-content\/uploads\/2025\/01\/zona_de_lavado-600x400.jpg 600w, https:\/\/www.lescomes.com\/wp-content\/uploads\/2025\/01\/zona_de_lavado-768x512.jpg 768w, https:\/\/www.lescomes.com\/wp-content\/uploads\/2025\/01\/zona_de_lavado-800x533.jpg 800w, https:\/\/www.lescomes.com\/wp-content\/uploads\/2025\/01\/zona_de_lavado-1024x683.jpg 1024w, https:\/\/www.lescomes.com\/wp-content\/uploads\/2025\/01\/zona_de_lavado.jpg 1200w\" sizes=\"(max-width: 1200px) 100vw, 1200px\" \/><\/p>\n<\/div><\/div><\/div><style type=\"text\/css\">.fusion-body .fusion-builder-column-5{width:33.333333333333% !important;margin-top : 0px;margin-bottom : 20px;}.fusion-builder-column-5 > .fusion-column-wrapper {padding-top : 0px !important;padding-right : 0px !important;margin-right : 5.76%;padding-bottom : 0px !important;padding-left : 0px !important;margin-left : 5.76%;}@media only screen and (max-width:1024px) {.fusion-body .fusion-builder-column-5{width:100% !important;order : 0;}.fusion-builder-column-5 > .fusion-column-wrapper {margin-right : 1.92%;margin-left : 1.92%;}}@media only screen and (max-width:640px) {.fusion-body .fusion-builder-column-5{width:100% !important;order : 0;}.fusion-builder-column-5 > .fusion-column-wrapper {margin-right : 1.92%;margin-left : 1.92%;}}<\/style><\/div><style type=\"text\/css\">.fusion-body .fusion-flex-container.fusion-builder-row-3{ padding-top : 0px;margin-top : 0px;padding-right : 30px;padding-bottom : 0px;margin-bottom : 0px;padding-left : 30px;}<\/style><\/div><div class=\"fusion-fullwidth fullwidth-box fusion-builder-row-4 hundred-percent-fullwidth non-hundred-percent-height-scrolling\" style=\"background-color: #ffffff;background-position: center center;background-repeat: no-repeat;padding-top:0px;padding-right:30px;padding-bottom:0px;padding-left:30px;margin-bottom: 0px;margin-top: 0px;border-width: 0px 0px 0px 0px;border-color:#eae9e9;border-style:solid;\" ><div class=\"fusion-builder-row fusion-row\"><div class=\"fusion-layout-column fusion_builder_column fusion-builder-column-6 fusion_builder_column_1_1 1_1 fusion-one-full fusion-column-first fusion-column-last fusion-column-no-min-height\" style=\"margin-top:0px;margin-bottom:0px;\"><div class=\"fusion-column-wrapper fusion-flex-column-wrapper-legacy\" style=\"background-position:left top;background-repeat:no-repeat;-webkit-background-size:cover;-moz-background-size:cover;-o-background-size:cover;background-size:cover;padding: 0px 0px 0px 0px;\"><div class=\"fusion-section-separator section-separator triangle fusion-section-separator-1\"><div class=\"fusion-section-separator-svg fusion-section-separator-fullwidth\" style=\"border-bottom:4px solid #ffffff;\"><div class=\"divider-candy-arrow bottom\" style=\"top:4px;border-top-color: #ffffff;\"><\/div><div class=\"divider-candy bottom\" style=\"bottom:-24px;border-bottom:1px solid #ffffff;border-left:1px solid #ffffff;\"><\/div><\/div><div class=\"fusion-section-separator-spacer fusion-section-separator-fullwidth\"><div class=\"fusion-section-separator-spacer-height\" style=\"height:4px;\"><\/div><\/div><\/div><div class=\"fusion-clearfix\"><\/div><\/div><\/div><\/div><style type=\"text\/css\">.fusion-fullwidth.fusion-builder-row-4 { overflow:visible; }<\/style><\/div><\/p>\n","protected":false},"excerpt":{"rendered":"","protected":false},"author":2,"featured_media":0,"parent":0,"menu_order":0,"comment_status":"closed","ping_status":"closed","template":"100-width.php","meta":{"footnotes":""},"class_list":["post-12032","page","type-page","status-publish","hentry"],"yoast_head":"<!-- This site is optimized with the Yoast SEO plugin v26.2 - https:\/\/yoast.com\/wordpress\/plugins\/seo\/ -->\n<title>Circuitos de pruebas y test - Les Comes<\/title>\n<meta name=\"robots\" content=\"index, follow, max-snippet:-1, max-image-preview:large, max-video-preview:-1\" \/>\n<link rel=\"canonical\" href=\"https:\/\/www.lescomes.com\/index.php\/circuitos-de-pruebas-y-test\/\" \/>\n<meta property=\"og:locale\" content=\"es_ES\" \/>\n<meta property=\"og:type\" content=\"article\" \/>\n<meta property=\"og:title\" content=\"Circuitos de pruebas y test - Les Comes\" \/>\n<meta property=\"og:url\" content=\"https:\/\/www.lescomes.com\/index.php\/circuitos-de-pruebas-y-test\/\" \/>\n<meta property=\"og:site_name\" content=\"Les Comes\" \/>\n<meta property=\"article:modified_time\" content=\"2026-03-05T13:50:29+00:00\" \/>\n<meta property=\"og:image\" content=\"https:\/\/www.lescomes.com\/wp-content\/uploads\/2025\/01\/cruce_de_puentes.jpg\" \/>\n<meta name=\"twitter:card\" content=\"summary_large_image\" \/>\n<meta name=\"twitter:label1\" content=\"Tiempo de lectura\" \/>\n\t<meta name=\"twitter:data1\" content=\"7 minutos\" \/>\n<script type=\"application\/ld+json\" class=\"yoast-schema-graph\">{\"@context\":\"https:\/\/schema.org\",\"@graph\":[{\"@type\":\"WebPage\",\"@id\":\"https:\/\/www.lescomes.com\/index.php\/circuitos-de-pruebas-y-test\/\",\"url\":\"https:\/\/www.lescomes.com\/index.php\/circuitos-de-pruebas-y-test\/\",\"name\":\"Circuitos de pruebas y test - Les Comes\",\"isPartOf\":{\"@id\":\"https:\/\/www.lescomes.com\/#website\"},\"primaryImageOfPage\":{\"@id\":\"https:\/\/www.lescomes.com\/index.php\/circuitos-de-pruebas-y-test\/#primaryimage\"},\"image\":{\"@id\":\"https:\/\/www.lescomes.com\/index.php\/circuitos-de-pruebas-y-test\/#primaryimage\"},\"thumbnailUrl\":\"https:\/\/www.lescomes.com\/wp-content\/uploads\/2025\/01\/cruce_de_puentes.jpg\",\"datePublished\":\"2019-06-06T13:53:30+00:00\",\"dateModified\":\"2026-03-05T13:50:29+00:00\",\"breadcrumb\":{\"@id\":\"https:\/\/www.lescomes.com\/index.php\/circuitos-de-pruebas-y-test\/#breadcrumb\"},\"inLanguage\":\"es\",\"potentialAction\":[{\"@type\":\"ReadAction\",\"target\":[\"https:\/\/www.lescomes.com\/index.php\/circuitos-de-pruebas-y-test\/\"]}]},{\"@type\":\"ImageObject\",\"inLanguage\":\"es\",\"@id\":\"https:\/\/www.lescomes.com\/index.php\/circuitos-de-pruebas-y-test\/#primaryimage\",\"url\":\"https:\/\/www.lescomes.com\/wp-content\/uploads\/2025\/01\/cruce_de_puentes.jpg\",\"contentUrl\":\"https:\/\/www.lescomes.com\/wp-content\/uploads\/2025\/01\/cruce_de_puentes.jpg\",\"width\":1200,\"height\":800},{\"@type\":\"BreadcrumbList\",\"@id\":\"https:\/\/www.lescomes.com\/index.php\/circuitos-de-pruebas-y-test\/#breadcrumb\",\"itemListElement\":[{\"@type\":\"ListItem\",\"position\":1,\"name\":\"Portada\",\"item\":\"https:\/\/www.lescomes.com\/\"},{\"@type\":\"ListItem\",\"position\":2,\"name\":\"Circuitos de pruebas y test\"}]},{\"@type\":\"WebSite\",\"@id\":\"https:\/\/www.lescomes.com\/#website\",\"url\":\"https:\/\/www.lescomes.com\/\",\"name\":\"Les Comes\",\"description\":\"El para\u00edso de los eventos off-road\",\"potentialAction\":[{\"@type\":\"SearchAction\",\"target\":{\"@type\":\"EntryPoint\",\"urlTemplate\":\"https:\/\/www.lescomes.com\/?s={search_term_string}\"},\"query-input\":{\"@type\":\"PropertyValueSpecification\",\"valueRequired\":true,\"valueName\":\"search_term_string\"}}],\"inLanguage\":\"es\"}]}<\/script>\n<!-- \/ Yoast SEO plugin. -->","yoast_head_json":{"title":"Circuitos de pruebas y test - Les Comes","robots":{"index":"index","follow":"follow","max-snippet":"max-snippet:-1","max-image-preview":"max-image-preview:large","max-video-preview":"max-video-preview:-1"},"canonical":"https:\/\/www.lescomes.com\/index.php\/circuitos-de-pruebas-y-test\/","og_locale":"es_ES","og_type":"article","og_title":"Circuitos de pruebas y test - Les Comes","og_url":"https:\/\/www.lescomes.com\/index.php\/circuitos-de-pruebas-y-test\/","og_site_name":"Les Comes","article_modified_time":"2026-03-05T13:50:29+00:00","og_image":[{"url":"https:\/\/www.lescomes.com\/wp-content\/uploads\/2025\/01\/cruce_de_puentes.jpg","type":"","width":"","height":""}],"twitter_card":"summary_large_image","twitter_misc":{"Tiempo de lectura":"7 minutos"},"schema":{"@context":"https:\/\/schema.org","@graph":[{"@type":"WebPage","@id":"https:\/\/www.lescomes.com\/index.php\/circuitos-de-pruebas-y-test\/","url":"https:\/\/www.lescomes.com\/index.php\/circuitos-de-pruebas-y-test\/","name":"Circuitos de pruebas y test - Les Comes","isPartOf":{"@id":"https:\/\/www.lescomes.com\/#website"},"primaryImageOfPage":{"@id":"https:\/\/www.lescomes.com\/index.php\/circuitos-de-pruebas-y-test\/#primaryimage"},"image":{"@id":"https:\/\/www.lescomes.com\/index.php\/circuitos-de-pruebas-y-test\/#primaryimage"},"thumbnailUrl":"https:\/\/www.lescomes.com\/wp-content\/uploads\/2025\/01\/cruce_de_puentes.jpg","datePublished":"2019-06-06T13:53:30+00:00","dateModified":"2026-03-05T13:50:29+00:00","breadcrumb":{"@id":"https:\/\/www.lescomes.com\/index.php\/circuitos-de-pruebas-y-test\/#breadcrumb"},"inLanguage":"es","potentialAction":[{"@type":"ReadAction","target":["https:\/\/www.lescomes.com\/index.php\/circuitos-de-pruebas-y-test\/"]}]},{"@type":"ImageObject","inLanguage":"es","@id":"https:\/\/www.lescomes.com\/index.php\/circuitos-de-pruebas-y-test\/#primaryimage","url":"https:\/\/www.lescomes.com\/wp-content\/uploads\/2025\/01\/cruce_de_puentes.jpg","contentUrl":"https:\/\/www.lescomes.com\/wp-content\/uploads\/2025\/01\/cruce_de_puentes.jpg","width":1200,"height":800},{"@type":"BreadcrumbList","@id":"https:\/\/www.lescomes.com\/index.php\/circuitos-de-pruebas-y-test\/#breadcrumb","itemListElement":[{"@type":"ListItem","position":1,"name":"Portada","item":"https:\/\/www.lescomes.com\/"},{"@type":"ListItem","position":2,"name":"Circuitos de pruebas y test"}]},{"@type":"WebSite","@id":"https:\/\/www.lescomes.com\/#website","url":"https:\/\/www.lescomes.com\/","name":"Les Comes","description":"El para\u00edso de los eventos off-road","potentialAction":[{"@type":"SearchAction","target":{"@type":"EntryPoint","urlTemplate":"https:\/\/www.lescomes.com\/?s={search_term_string}"},"query-input":{"@type":"PropertyValueSpecification","valueRequired":true,"valueName":"search_term_string"}}],"inLanguage":"es"}]}},"_links":{"self":[{"href":"https:\/\/www.lescomes.com\/index.php\/wp-json\/wp\/v2\/pages\/12032","targetHints":{"allow":["GET"]}}],"collection":[{"href":"https:\/\/www.lescomes.com\/index.php\/wp-json\/wp\/v2\/pages"}],"about":[{"href":"https:\/\/www.lescomes.com\/index.php\/wp-json\/wp\/v2\/types\/page"}],"author":[{"embeddable":true,"href":"https:\/\/www.lescomes.com\/index.php\/wp-json\/wp\/v2\/users\/2"}],"replies":[{"embeddable":true,"href":"https:\/\/www.lescomes.com\/index.php\/wp-json\/wp\/v2\/comments?post=12032"}],"version-history":[{"count":77,"href":"https:\/\/www.lescomes.com\/index.php\/wp-json\/wp\/v2\/pages\/12032\/revisions"}],"predecessor-version":[{"id":17995,"href":"https:\/\/www.lescomes.com\/index.php\/wp-json\/wp\/v2\/pages\/12032\/revisions\/17995"}],"wp:attachment":[{"href":"https:\/\/www.lescomes.com\/index.php\/wp-json\/wp\/v2\/media?parent=12032"}],"curies":[{"name":"wp","href":"https:\/\/api.w.org\/{rel}","templated":true}]}}